{"id":33783,"date":"2025-02-20T23:33:41","date_gmt":"2025-02-20T22:33:41","guid":{"rendered":"http:\/\/olemosaic.com\/producto\/llavero-de-madera-mariposa-2\/"},"modified":"2025-07-25T19:18:04","modified_gmt":"2025-07-25T17:18:04","slug":"porta-chaves-de-madeira-borboleta-2","status":"publish","type":"product","link":"https:\/\/olemosaic.com\/pt-pt\/produto\/porta-chaves-de-madeira-borboleta-2\/","title":{"rendered":"Porta-chaves de madeira. Borboleta. Motivos florais."},"content":{"rendered":"<p>Este porta-chaves de madeira em forma de borboleta \u00e9 uma recorda\u00e7\u00e3o atraente que captura a ess\u00eancia vibrante da cultura espanhola. Elaborado com materiais de alta qualidade e um design muito especial, destaca-se pela sua decora\u00e7\u00e3o com um mosaico de padr\u00f5es tradicionais em cores cativantes como o vermelho, o azul e o dourado. Cada asa da borboleta est\u00e1 adornada com motivos geom\u00e9tricos e florais pintados \u00e0 m\u00e3o, o que n\u00e3o s\u00f3 real\u00e7a o artesanato por tr\u00e1s do objeto, mas tamb\u00e9m o torna uma pe\u00e7a art\u00edstica excecional. A borboleta, s\u00edmbolo de transforma\u00e7\u00e3o e liberdade, evoca a rica heran\u00e7a das tradi\u00e7\u00f5es ib\u00e9ricas e apresenta-se como uma encantadora recorda\u00e7\u00e3o das paisagens e da cultura de Espanha.<\/p>\n<p>Este porta-chaves \u00e9 perfeito tanto para uso funcional como decorativo, o que o torna um presente ideal para quem procura recorda\u00e7\u00f5es aut\u00eanticas de Espanha. Representa uma excelente oportunidade para os turistas que desejam levar para casa um peda\u00e7o da beleza cultural do pa\u00eds. Na Ol\u00e9 Mosaic, oferecemos este porta-chaves de borboleta como parte da nossa sele\u00e7\u00e3o de recorda\u00e7\u00f5es de qualidade, garantindo a sua autenticidade e valor cultural. Este produto \u00e9 ideal para lojas de presentes tur\u00edsticos que procuram artigos distintivos e significativos, refor\u00e7ando o nosso compromisso como grossistas de recorda\u00e7\u00f5es artesanais no mercado.<\/p>\n","protected":false},"excerpt":{"rendered":"<p>Porta-chaves de madeira em forma de borboleta, decorado com um vibrante mosaico de designs tradicionais. Este acess\u00f3rio atraente real\u00e7a as cores vermelho, azul e dourado, evocando a rica heran\u00e7a cultural espanhola. O design inclui motivos geom\u00e9tricos e florais pintados \u00e0 m\u00e3o, que lhe conferem um car\u00e1ter art\u00edstico e distintivo. Ideal como recorda\u00e7\u00e3o, este porta-chaves \u00e9 simultaneamente funcional e uma preciosa pe\u00e7a decorativa para qualquer amante da cultura ib\u00e9rica.<\/p>\n","protected":false},"featured_media":10957,"template":"","meta":{"_acf_changed":false},"product_brand":[],"product_cat":[611],"product_tag":[516],"class_list":{"0":"post-33783","1":"product","2":"type-product","3":"status-publish","4":"has-post-thumbnail","6":"product_cat-porta-chaves","7":"product_tag-animais","8":"pa_motivo-borboletas","10":"first","11":"instock","12":"shipping-taxable","13":"product-type-simple"},"acf":[],"_links":{"self":[{"href":"https:\/\/olemosaic.com\/pt-pt\/wp-json\/wp\/v2\/product\/33783","targetHints":{"allow":["GET"]}}],"collection":[{"href":"https:\/\/olemosaic.com\/pt-pt\/wp-json\/wp\/v2\/product"}],"about":[{"href":"https:\/\/olemosaic.com\/pt-pt\/wp-json\/wp\/v2\/types\/product"}],"wp:featuredmedia":[{"embeddable":true,"href":"https:\/\/olemosaic.com\/pt-pt\/wp-json\/wp\/v2\/media\/10957"}],"wp:attachment":[{"href":"https:\/\/olemosaic.com\/pt-pt\/wp-json\/wp\/v2\/media?parent=33783"}],"wp:term":[{"taxonomy":"product_brand","embeddable":true,"href":"https:\/\/olemosaic.com\/pt-pt\/wp-json\/wp\/v2\/product_brand?post=33783"},{"taxonomy":"product_cat","embeddable":true,"href":"https:\/\/olemosaic.com\/pt-pt\/wp-json\/wp\/v2\/product_cat?post=33783"},{"taxonomy":"product_tag","embeddable":true,"href":"https:\/\/olemosaic.com\/pt-pt\/wp-json\/wp\/v2\/product_tag?post=33783"}],"curies":[{"name":"wp","href":"https:\/\/api.w.org\/{rel}","templated":true}]}}