{"id":33777,"date":"2025-02-20T23:33:41","date_gmt":"2025-02-20T22:33:41","guid":{"rendered":"http:\/\/olemosaic.com\/producto\/llavero-de-madera-letra-z-sevilla\/"},"modified":"2025-07-25T19:59:51","modified_gmt":"2025-07-25T17:59:51","slug":"porta-chaves-de-madeira-letra-z-sevilla","status":"publish","type":"product","link":"https:\/\/olemosaic.com\/pt-pt\/produto\/porta-chaves-de-madeira-letra-z-sevilla\/","title":{"rendered":"Porta-chaves de madeira. Letra Z. Sevilha."},"content":{"rendered":"<p>Este porta-chaves de madeira com a forma da letra Z \u00e9 uma recorda\u00e7\u00e3o aut\u00eantica e vibrante de Sevilha, uma cidade transbordante de hist\u00f3ria e cultura. O seu design colorido apresenta mosaicos que evocam a conhecida tradi\u00e7\u00e3o art\u00edstica da regi\u00e3o. Numa das faces, destacam-se ilustra\u00e7\u00f5es emblem\u00e1ticas como a majestosa Giralda, um s\u00edmbolo indiscut\u00edvel do patrim\u00f3nio sevilhano, juntamente com as tradicionais carruagens de cavalos que passeiam pelas ruas da cidade, captando a ess\u00eancia andaluza.<\/p>\n<p>O porta-chaves \u00e9 elaborado em madeira de alta qualidade, o que garante a sua durabilidade e resist\u00eancia. O seu acabamento real\u00e7a os detalhes art\u00edsticos, transformando uma simples letra numa express\u00e3o da rica cultura sevilhana. Cada mosaico \u00e9 cuidadosamente pintado, o que acrescenta um toque de originalidade e alegria a esta recorda\u00e7\u00e3o, tornando-a num acess\u00f3rio funcional que presta homenagem \u00e0 beleza de Sevilha.<\/p>\n<p>Ideal para turistas que procuram uma recorda\u00e7\u00e3o significativa e aut\u00eantica da sua visita, este porta-chaves \u00e9 uma excelente op\u00e7\u00e3o para lojas de presentes tur\u00edsticos. Na Ol\u00e9 Mosaic, especializamo-nos na distribui\u00e7\u00e3o de recorda\u00e7\u00f5es por grosso, oferecendo produtos que refletem a ess\u00eancia cultural de Espanha. Este porta-chaves de Sevilha n\u00e3o \u00e9 apenas um objeto \u00fatil, mas tamb\u00e9m um peda\u00e7o de arte port\u00e1til que os visitantes adorar\u00e3o como recorda\u00e7\u00e3o da sua experi\u00eancia nesta emblem\u00e1tica cidade andaluza.<\/p>\n","protected":false},"excerpt":{"rendered":"<p>Porta-chaves de madeira com a forma da letra Z, decorado com mosaicos coloridos que evocam a cultura sevilhana. Este atraente porta-chaves apresenta ilustra\u00e7\u00f5es caracter\u00edsticas da cidade, como a Giralda e as tradicionais carruagens de cavalos, tudo num estilo vibrante e cheio de detalhes. Ideal para recordar a sua visita a esta emblem\u00e1tica cidade andaluza, combina a funcionalidade com um design art\u00edstico que se destaca pela sua originalidade e colorido.<\/p>\n","protected":false},"featured_media":10910,"template":"","meta":{"_acf_changed":false},"product_brand":[],"product_cat":[611],"product_tag":[516,612],"class_list":{"0":"post-33777","1":"product","2":"type-product","3":"status-publish","4":"has-post-thumbnail","6":"product_cat-porta-chaves","7":"product_tag-animais","8":"product_tag-cartas","9":"pa_ciudad-sevilla","10":"pa_motivo-letra-z","11":"pa_pais-espana","13":"first","14":"instock","15":"shipping-taxable","16":"product-type-simple"},"acf":[],"_links":{"self":[{"href":"https:\/\/olemosaic.com\/pt-pt\/wp-json\/wp\/v2\/product\/33777","targetHints":{"allow":["GET"]}}],"collection":[{"href":"https:\/\/olemosaic.com\/pt-pt\/wp-json\/wp\/v2\/product"}],"about":[{"href":"https:\/\/olemosaic.com\/pt-pt\/wp-json\/wp\/v2\/types\/product"}],"wp:featuredmedia":[{"embeddable":true,"href":"https:\/\/olemosaic.com\/pt-pt\/wp-json\/wp\/v2\/media\/10910"}],"wp:attachment":[{"href":"https:\/\/olemosaic.com\/pt-pt\/wp-json\/wp\/v2\/media?parent=33777"}],"wp:term":[{"taxonomy":"product_brand","embeddable":true,"href":"https:\/\/olemosaic.com\/pt-pt\/wp-json\/wp\/v2\/product_brand?post=33777"},{"taxonomy":"product_cat","embeddable":true,"href":"https:\/\/olemosaic.com\/pt-pt\/wp-json\/wp\/v2\/product_cat?post=33777"},{"taxonomy":"product_tag","embeddable":true,"href":"https:\/\/olemosaic.com\/pt-pt\/wp-json\/wp\/v2\/product_tag?post=33777"}],"curies":[{"name":"wp","href":"https:\/\/api.w.org\/{rel}","templated":true}]}}