{"id":33775,"date":"2025-02-20T23:33:41","date_gmt":"2025-02-20T22:33:41","guid":{"rendered":"http:\/\/olemosaic.com\/producto\/llavero-de-madera-letra-z-barcelona-2\/"},"modified":"2025-07-25T18:43:25","modified_gmt":"2025-07-25T16:43:25","slug":"porta-chaves-de-madeira-letra-z-barcelona-2","status":"publish","type":"product","link":"https:\/\/olemosaic.com\/pt-pt\/produto\/porta-chaves-de-madeira-letra-z-barcelona-2\/","title":{"rendered":"Porta-chaves de madeira. Letra Z. Sagrada Fam\u00edlia. Barcelona."},"content":{"rendered":"<p>Este porta-chaves de madeira com a forma da letra Z \u00e9 a recorda\u00e7\u00e3o perfeita para quem deseja levar um pouco da energia vibrante de Barcelona para qualquer lugar. O seu design destaca elementos ic\u00f3nicos da Sagrada Fam\u00edlia, um monumento emblem\u00e1tico da cidade, famoso pela sua arquitetura \u00fanica e pelos seus mosaicos coloridos. A letra Z apresenta um acabamento com contorno preto, que real\u00e7a a pintura em vermelho, amarelo e azul, evocando a paleta de cores que caracteriza as obras de Antoni Gaud\u00ed.<\/p>\n<p>O porta-chaves n\u00e3o \u00e9 apenas um acess\u00f3rio pr\u00e1tico, mas tamb\u00e9m serve como uma obra de arte port\u00e1til, que representa a arte moderna e a rica cultura catal\u00e3. Desde as torres da Sagrada Fam\u00edlia, que se elevam majestosamente, at\u00e9 \u00e0 vibrante decora\u00e7\u00e3o que adorna a constru\u00e7\u00e3o, este porta-chaves capta a ess\u00eancia de Barcelona num design elegante e funcional.<\/p>\n<p>Ideal para turistas que procuram recorda\u00e7\u00f5es aut\u00eanticas que reflitam a heran\u00e7a cultural da cidade, este porta-chaves de madeira \u00e9 uma op\u00e7\u00e3o atraente para as lojas de presentes tur\u00edsticos. Na Ol\u00e9 Mosaic especializamo-nos na distribui\u00e7\u00e3o de recorda\u00e7\u00f5es por grosso, garantindo que cada pe\u00e7a seja representativa e de qualidade. Este porta-chaves n\u00e3o \u00e9 apenas uma recorda\u00e7\u00e3o perfeita de Barcelona, mas tamb\u00e9m uma excelente forma de levar consigo um fragmento da hist\u00f3ria e da arte desta bela cidade.<\/p>\n","protected":false},"excerpt":{"rendered":"<p>Porta-chaves de madeira com a forma da letra Z, inspirado em Barcelona. Este atraente porta-chaves apresenta um design vibrante que inclui elementos ic\u00f3nicos da Sagrada Fam\u00edlia, com os seus coloridos detalhes arquitet\u00f3nicos e mosaicos. A letra Z \u00e9 acentuada com um contorno preto que real\u00e7a a pintura em vermelho, amarelo e azul. Ideal para levar uma recorda\u00e7\u00e3o da cidade e da sua arte moderna, este porta-chaves \u00e9 um acess\u00f3rio pr\u00e1tico e decorativo.<\/p>\n","protected":false},"featured_media":10511,"template":"","meta":{"_acf_changed":false},"product_brand":[],"product_cat":[611],"product_tag":[612],"class_list":{"0":"post-33775","1":"product","2":"type-product","3":"status-publish","4":"has-post-thumbnail","6":"product_cat-porta-chaves","7":"product_tag-cartas","8":"pa_ciudad-barcelona","9":"pa_motivo-letra-z","10":"pa_pais-espana","12":"first","13":"instock","14":"shipping-taxable","15":"product-type-simple"},"acf":[],"_links":{"self":[{"href":"https:\/\/olemosaic.com\/pt-pt\/wp-json\/wp\/v2\/product\/33775","targetHints":{"allow":["GET"]}}],"collection":[{"href":"https:\/\/olemosaic.com\/pt-pt\/wp-json\/wp\/v2\/product"}],"about":[{"href":"https:\/\/olemosaic.com\/pt-pt\/wp-json\/wp\/v2\/types\/product"}],"wp:featuredmedia":[{"embeddable":true,"href":"https:\/\/olemosaic.com\/pt-pt\/wp-json\/wp\/v2\/media\/10511"}],"wp:attachment":[{"href":"https:\/\/olemosaic.com\/pt-pt\/wp-json\/wp\/v2\/media?parent=33775"}],"wp:term":[{"taxonomy":"product_brand","embeddable":true,"href":"https:\/\/olemosaic.com\/pt-pt\/wp-json\/wp\/v2\/product_brand?post=33775"},{"taxonomy":"product_cat","embeddable":true,"href":"https:\/\/olemosaic.com\/pt-pt\/wp-json\/wp\/v2\/product_cat?post=33775"},{"taxonomy":"product_tag","embeddable":true,"href":"https:\/\/olemosaic.com\/pt-pt\/wp-json\/wp\/v2\/product_tag?post=33775"}],"curies":[{"name":"wp","href":"https:\/\/api.w.org\/{rel}","templated":true}]}}