{"id":33773,"date":"2025-02-20T23:33:40","date_gmt":"2025-02-20T22:33:40","guid":{"rendered":"http:\/\/olemosaic.com\/producto\/llavero-de-madera-letra-y-valencia\/"},"modified":"2025-07-25T18:47:52","modified_gmt":"2025-07-25T16:47:52","slug":"porta-chaves-de-madeira-letra-y-valencia","status":"publish","type":"product","link":"https:\/\/olemosaic.com\/pt-pt\/produto\/porta-chaves-de-madeira-letra-y-valencia\/","title":{"rendered":"Porta-chaves de madeira. Letra Y. Val\u00eancia."},"content":{"rendered":"<p>Este porta-chaves de madeira com a forma da letra Y \u00e9 uma homenagem vibrante \u00e0 bela cidade de Val\u00eancia. Com um design colorido e contempor\u00e2neo, este porta-chaves capta a ess\u00eancia da arquitetura ic\u00f3nica valenciana, destacando os mosaicos caracter\u00edsticos que adornam os seus monumentos mais emblem\u00e1ticos. A letra Y, elaborada em madeira de alta qualidade, apresenta um acabamento brilhante que real\u00e7a as nuances dos azulejos coloridos e os detalhes arquitet\u00f3nicos, refletindo uma fus\u00e3o perfeita entre arte e funcionalidade.<\/p>\n<p>Cada lado do porta-chaves mostra uma interpreta\u00e7\u00e3o \u00fanica da singularidade valenciana, incluindo representa\u00e7\u00f5es da Cidade das Artes e das Ci\u00eancias e da Catedral de Val\u00eancia. Estas ilustra\u00e7\u00f5es n\u00e3o s\u00f3 funcionam como uma recorda\u00e7\u00e3o tang\u00edvel da riqueza cultural da regi\u00e3o, mas tamb\u00e9m permitem a quem o usa levar um peda\u00e7o de Val\u00eancia para onde quer que v\u00e1. Este porta-chaves \u00e9 um souvenir ideal para aqueles que procuram recordar a sua visita a esta encantadora cidade mediterr\u00e2nica, sendo uma excelente op\u00e7\u00e3o para turistas e amantes da cultura.<\/p>\n<p>Na Ol\u00e9 Mosaic, especializamo-nos na distribui\u00e7\u00e3o de recorda\u00e7\u00f5es por grosso, oferecendo este porta-chaves de Val\u00eancia como uma pe\u00e7a aut\u00eantica e representativa da tradi\u00e7\u00e3o local. Perfeito para lojas de presentes tur\u00edsticos que procuram produtos \u00fanicos que captem a ess\u00eancia dos seus destinos. Como grossistas de recorda\u00e7\u00f5es, garantimos a qualidade e autenticidade em cada um dos nossos artigos, tornando este porta-chaves uma op\u00e7\u00e3o ideal para quem deseja levar consigo um s\u00edmbolo da sua experi\u00eancia em Val\u00eancia.<\/p>\n","protected":false},"excerpt":{"rendered":"<p>Porta-chaves de madeira com a forma da letra Y, inspirado na cidade de Val\u00eancia. Este chamativo porta-chaves apresenta um design colorido que real\u00e7a a arquitetura ic\u00f3nica da cidade, incluindo mosaicos caracter\u00edsticos e detalhes dos seus monumentos mais emblem\u00e1ticos. Com um acabamento brilhante e um estilo contempor\u00e2neo, \u00e9 uma recorda\u00e7\u00e3o perfeita que combina a eleg\u00e2ncia da arte valenciana com a funcionalidade de um porta-chaves pr\u00e1tico. Ideal para quem deseja levar um peda\u00e7o de Val\u00eancia consigo.<\/p>\n","protected":false},"featured_media":10883,"template":"","meta":{"_acf_changed":false},"product_brand":[],"product_cat":[611],"product_tag":[612],"class_list":{"0":"post-33773","1":"product","2":"type-product","3":"status-publish","4":"has-post-thumbnail","6":"product_cat-porta-chaves","7":"product_tag-cartas","8":"pa_ciudad-valencia","9":"pa_motivo-letra-y","10":"pa_pais-espana","12":"first","13":"instock","14":"shipping-taxable","15":"product-type-simple"},"acf":[],"_links":{"self":[{"href":"https:\/\/olemosaic.com\/pt-pt\/wp-json\/wp\/v2\/product\/33773","targetHints":{"allow":["GET"]}}],"collection":[{"href":"https:\/\/olemosaic.com\/pt-pt\/wp-json\/wp\/v2\/product"}],"about":[{"href":"https:\/\/olemosaic.com\/pt-pt\/wp-json\/wp\/v2\/types\/product"}],"wp:featuredmedia":[{"embeddable":true,"href":"https:\/\/olemosaic.com\/pt-pt\/wp-json\/wp\/v2\/media\/10883"}],"wp:attachment":[{"href":"https:\/\/olemosaic.com\/pt-pt\/wp-json\/wp\/v2\/media?parent=33773"}],"wp:term":[{"taxonomy":"product_brand","embeddable":true,"href":"https:\/\/olemosaic.com\/pt-pt\/wp-json\/wp\/v2\/product_brand?post=33773"},{"taxonomy":"product_cat","embeddable":true,"href":"https:\/\/olemosaic.com\/pt-pt\/wp-json\/wp\/v2\/product_cat?post=33773"},{"taxonomy":"product_tag","embeddable":true,"href":"https:\/\/olemosaic.com\/pt-pt\/wp-json\/wp\/v2\/product_tag?post=33773"}],"curies":[{"name":"wp","href":"https:\/\/api.w.org\/{rel}","templated":true}]}}