{"id":33767,"date":"2025-02-20T23:33:40","date_gmt":"2025-02-20T22:33:40","guid":{"rendered":"http:\/\/olemosaic.com\/producto\/llavero-de-madera-letra-y-sevilla\/"},"modified":"2025-07-25T18:47:52","modified_gmt":"2025-07-25T16:47:52","slug":"porta-chaves-de-madeira-letra-y-sevilha","status":"publish","type":"product","link":"https:\/\/olemosaic.com\/pt-pt\/produto\/porta-chaves-de-madeira-letra-y-sevilha\/","title":{"rendered":"Porta-chaves de madeira. Letra Y. Sevilha."},"content":{"rendered":"<p>Este porta-chaves de madeira com a forma da letra Y \u00e9 uma elegante recorda\u00e7\u00e3o inspirada na vibrante cidade de Sevilha. Com um design atraente que se destaca pelos seus coloridos mosaicos, o porta-chaves ilustra elementos ic\u00f3nicos como a Giralda e uma carruagem t\u00edpica andaluza, capturando a ess\u00eancia do folclore sevilhano. A sua ornamenta\u00e7\u00e3o em tons azuis e brancos reflete a beleza arquitet\u00f3nica e cultural de Sevilha, oferecendo um toque de originalidade e autenticidade. Fabricado em madeira, este porta-chaves foi pintado \u00e0 m\u00e3o, o que garante que cada pe\u00e7a seja \u00fanica e cheia de car\u00e1cter.<\/p>\n<p>Contempl\u00e1-lo \u00e9 mergulhar na tradi\u00e7\u00e3o andaluza, onde cada detalhe, desde a minuciosa representa\u00e7\u00e3o da caseta festiva at\u00e9 ao esbelto design da Giralda, evoca a arquitetura e as celebra\u00e7\u00f5es locais. Este porta-chaves n\u00e3o s\u00f3 \u00e9 um acess\u00f3rio pr\u00e1tico para as suas chaves, como tamb\u00e9m funciona como uma recorda\u00e7\u00e3o tang\u00edvel do encanto de Sevilha, tornando-o um presente ideal para quem deseja levar consigo um pedacinho desta bela cidade.<\/p>\n<p>Na Ol\u00e9 Mosaic especializamo-nos na distribui\u00e7\u00e3o de recorda\u00e7\u00f5es por grosso, e este porta-chaves de Sevilha \u00e9 uma excelente op\u00e7\u00e3o para as lojas de presentes tur\u00edsticos que procuram oferecer produtos aut\u00eanticos e representativos. Pela sua singularidade e apelo, \u00e9 um artigo perfeito para quem valoriza a tradi\u00e7\u00e3o e a arte nas suas recorda\u00e7\u00f5es de viagem.<\/p>\n","protected":false},"excerpt":{"rendered":"<p>Porta-chaves de madeira com a forma da letra Y, inspirado em Sevilha. Este porta-chaves apresenta um design vibrante com mosaicos representativos, mostrando elementos ic\u00f3nicos como a Giralda e uma carruagem t\u00edpica andaluza, destacando-se pelo seu colorido azul e branco. Pintado com estilo artesanal, reflete a rica cultura sevilhana, tornando-se um souvenir perfeito para recordar esta bela cidade. Um acess\u00f3rio pr\u00e1tico e decorativo que far\u00e1 destacar as suas chaves.<\/p>\n","protected":false},"featured_media":10909,"template":"","meta":{"_acf_changed":false},"product_brand":[],"product_cat":[611],"product_tag":[612],"class_list":{"0":"post-33767","1":"product","2":"type-product","3":"status-publish","4":"has-post-thumbnail","6":"product_cat-porta-chaves","7":"product_tag-cartas","8":"pa_ciudad-sevilla","9":"pa_motivo-letra-y","10":"pa_pais-espana","12":"first","13":"instock","14":"shipping-taxable","15":"product-type-simple"},"acf":[],"_links":{"self":[{"href":"https:\/\/olemosaic.com\/pt-pt\/wp-json\/wp\/v2\/product\/33767","targetHints":{"allow":["GET"]}}],"collection":[{"href":"https:\/\/olemosaic.com\/pt-pt\/wp-json\/wp\/v2\/product"}],"about":[{"href":"https:\/\/olemosaic.com\/pt-pt\/wp-json\/wp\/v2\/types\/product"}],"wp:featuredmedia":[{"embeddable":true,"href":"https:\/\/olemosaic.com\/pt-pt\/wp-json\/wp\/v2\/media\/10909"}],"wp:attachment":[{"href":"https:\/\/olemosaic.com\/pt-pt\/wp-json\/wp\/v2\/media?parent=33767"}],"wp:term":[{"taxonomy":"product_brand","embeddable":true,"href":"https:\/\/olemosaic.com\/pt-pt\/wp-json\/wp\/v2\/product_brand?post=33767"},{"taxonomy":"product_cat","embeddable":true,"href":"https:\/\/olemosaic.com\/pt-pt\/wp-json\/wp\/v2\/product_cat?post=33767"},{"taxonomy":"product_tag","embeddable":true,"href":"https:\/\/olemosaic.com\/pt-pt\/wp-json\/wp\/v2\/product_tag?post=33767"}],"curies":[{"name":"wp","href":"https:\/\/api.w.org\/{rel}","templated":true}]}}