{"id":33766,"date":"2025-02-20T23:33:40","date_gmt":"2025-02-20T22:33:40","guid":{"rendered":"http:\/\/olemosaic.com\/producto\/llavero-de-madera-letra-x-barcelona-2\/"},"modified":"2025-07-25T19:33:23","modified_gmt":"2025-07-25T17:33:23","slug":"porta-chaves-de-madeira-letra-x-barcelona-2","status":"publish","type":"product","link":"https:\/\/olemosaic.com\/pt-pt\/produto\/porta-chaves-de-madeira-letra-x-barcelona-2\/","title":{"rendered":"Porta-chaves de madeira. Letra X. Barcelona."},"content":{"rendered":"<p>Este porta-chaves de madeira com a forma da letra X \u00e9 uma espl\u00eandida recorda\u00e7\u00e3o da vibrante cidade de Barcelona. Desenhado com um estilo \u00fanico e pintado \u00e0 m\u00e3o, apresenta a emblem\u00e1tica Sagrada Fam\u00edlia, uma das obras-primas do arquiteto Antoni Gaud\u00ed, numa paleta de cores vibrantes que inclui tons vermelhos e amarelos, evocativos do p\u00f4r do sol sobre a cidade. Os detalhes gr\u00e1ficos da arquitetura modernista de Gaud\u00ed, complementados por elementos coloridos que representam a cultura catal\u00e3, convertem este acess\u00f3rio numa verdadeira pe\u00e7a de arte port\u00e1til.<\/p>\n<p>O acabamento brilhante real\u00e7a as nuances de cada cor e o design da letra X acrescenta um toque contempor\u00e2neo e din\u00e1mico, ideal para distinguir as suas chaves. Este porta-chaves n\u00e3o s\u00f3 \u00e9 pr\u00e1tico, como tamb\u00e9m encapsula a ess\u00eancia de Barcelona, tornando-se um souvenir perfeito para quem procura levar um peda\u00e7o da cidade consigo. Na Ol\u00e9 Mosaic especializamo-nos na distribui\u00e7\u00e3o de souvenirs por grosso, e este porta-chaves representa a autenticidade e a riqueza cultural de Barcelona, sendo uma excelente op\u00e7\u00e3o para lojas de presentes tur\u00edsticos. Como grossistas de souvenirs, garantimos produtos que celebram a heran\u00e7a espanhola, fazendo de cada porta-chaves uma op\u00e7\u00e3o atrativa para os visitantes que desejam recordar a sua experi\u00eancia nesta maravilhosa cidade.<\/p>\n","protected":false},"excerpt":{"rendered":"<p>Porta-chaves de madeira com a forma da letra X, inspirado na vibrante cidade de Barcelona. Este chamativo porta-chaves apresenta um design artesanal, pintado \u00e0 m\u00e3o, com a ic\u00f3nica Sagrada Fam\u00edlia em tons vermelhos e amarelos, juntamente com elementos coloridos que evocam a arquitetura modernista de Gaud\u00ed. Com um acabamento brilhante e detalhes gr\u00e1ficos da cultura catal\u00e3, este acess\u00f3rio \u00e9 perfeito para recordar a sua visita a Barcelona e adicionar um toque art\u00edstico \u00e0s suas chaves.<\/p>\n","protected":false},"featured_media":10535,"template":"","meta":{"_acf_changed":false},"product_brand":[],"product_cat":[611],"product_tag":[612],"class_list":{"0":"post-33766","1":"product","2":"type-product","3":"status-publish","4":"has-post-thumbnail","6":"product_cat-porta-chaves","7":"product_tag-cartas","8":"pa_ciudad-barcelona","9":"pa_motivo-letra-x","10":"pa_pais-espana","12":"first","13":"instock","14":"shipping-taxable","15":"product-type-simple"},"acf":[],"_links":{"self":[{"href":"https:\/\/olemosaic.com\/pt-pt\/wp-json\/wp\/v2\/product\/33766","targetHints":{"allow":["GET"]}}],"collection":[{"href":"https:\/\/olemosaic.com\/pt-pt\/wp-json\/wp\/v2\/product"}],"about":[{"href":"https:\/\/olemosaic.com\/pt-pt\/wp-json\/wp\/v2\/types\/product"}],"wp:featuredmedia":[{"embeddable":true,"href":"https:\/\/olemosaic.com\/pt-pt\/wp-json\/wp\/v2\/media\/10535"}],"wp:attachment":[{"href":"https:\/\/olemosaic.com\/pt-pt\/wp-json\/wp\/v2\/media?parent=33766"}],"wp:term":[{"taxonomy":"product_brand","embeddable":true,"href":"https:\/\/olemosaic.com\/pt-pt\/wp-json\/wp\/v2\/product_brand?post=33766"},{"taxonomy":"product_cat","embeddable":true,"href":"https:\/\/olemosaic.com\/pt-pt\/wp-json\/wp\/v2\/product_cat?post=33766"},{"taxonomy":"product_tag","embeddable":true,"href":"https:\/\/olemosaic.com\/pt-pt\/wp-json\/wp\/v2\/product_tag?post=33766"}],"curies":[{"name":"wp","href":"https:\/\/api.w.org\/{rel}","templated":true}]}}