{"id":33765,"date":"2025-02-20T22:33:40","date_gmt":"2025-02-20T22:33:40","guid":{"rendered":"http:\/\/olemosaic.com\/producto\/llavero-de-madera-letra-v-mosaico\/"},"modified":"2025-07-25T19:36:23","modified_gmt":"2025-07-25T17:36:23","slug":"porta-chaves-de-madeira-letra-v-mosaico","status":"publish","type":"product","link":"https:\/\/olemosaic.com\/pt-pt\/produto\/porta-chaves-de-madeira-letra-v-mosaico\/","title":{"rendered":"Porta-chaves de madeira. Letra V. Mosaico."},"content":{"rendered":"<p>Este porta-chaves de madeira com a forma da letra V \u00e9 um souvenir \u00fanico que captura a vibrante ess\u00eancia da cultura espanhola. Decorado com um atraente design de mosaico, este porta-chaves apresenta um acabamento cheio de cor, onde se destacam tonalidades vivas de vermelho, amarelo, azul e verde, evocando a riqueza do estilo arquitet\u00f3nico andaluz, famoso pelo seu uso da cor e da cer\u00e2mica. A forma da letra V n\u00e3o s\u00f3 \u00e9 visualmente cativante, como tamb\u00e9m permite personaliz\u00e1-lo com iniciais, tornando-o um presente especial e significativo.<\/p>\n<p>Feito de madeira de alta qualidade, o seu design \u00e9 leve e funcional, ideal para transportar as suas chaves com estilo e originalidade. Este porta-chaves \u00e9 um excelente souvenir para aqueles que procuram uma recorda\u00e7\u00e3o aut\u00eantica e representativa de Espanha, perfeito para turistas que desejam levar para casa um pedacinho da cultura espanhola. Na Ol\u00e9 Mosaic, dedicamo-nos \u00e0 distribui\u00e7\u00e3o de souvenirs por grosso, oferecendo produtos que combinam artesanato e design. Este porta-chaves de mosaico \u00e9 uma op\u00e7\u00e3o ideal para lojas de presentes tur\u00edsticos que procuram artigos com valor cultural e apelo visual. Destacando tanto a sua funcionalidade como o seu valor est\u00e9tico, este porta-chaves \u00e9 uma excelente escolha para quem aprecia souvenirs que contam uma hist\u00f3ria.<\/p>\n","protected":false},"excerpt":{"rendered":"<p>Porta-chaves de madeira com a forma da letra V, decorado com um vibrante design de mosaico. Este atraente porta-chaves destaca-se pelo seu acabamento em tons vivos de vermelho, amarelo, azul e verde, capturando a ess\u00eancia do colorido estilo arquitet\u00f3nico espanhol. O seu design leve e funcional torna-o um souvenir ideal que combina arte e utilidade, perfeito para transportar as chaves com um toque de originalidade e estilo.<\/p>\n","protected":false},"featured_media":10772,"template":"","meta":{"_acf_changed":false},"product_brand":[],"product_cat":[611],"product_tag":[612],"class_list":{"0":"post-33765","1":"product","2":"type-product","3":"status-publish","4":"has-post-thumbnail","6":"product_cat-porta-chaves","7":"product_tag-cartas","8":"pa_motivo-letra-v","10":"first","11":"instock","12":"shipping-taxable","13":"product-type-simple"},"acf":[],"_links":{"self":[{"href":"https:\/\/olemosaic.com\/pt-pt\/wp-json\/wp\/v2\/product\/33765","targetHints":{"allow":["GET"]}}],"collection":[{"href":"https:\/\/olemosaic.com\/pt-pt\/wp-json\/wp\/v2\/product"}],"about":[{"href":"https:\/\/olemosaic.com\/pt-pt\/wp-json\/wp\/v2\/types\/product"}],"wp:featuredmedia":[{"embeddable":true,"href":"https:\/\/olemosaic.com\/pt-pt\/wp-json\/wp\/v2\/media\/10772"}],"wp:attachment":[{"href":"https:\/\/olemosaic.com\/pt-pt\/wp-json\/wp\/v2\/media?parent=33765"}],"wp:term":[{"taxonomy":"product_brand","embeddable":true,"href":"https:\/\/olemosaic.com\/pt-pt\/wp-json\/wp\/v2\/product_brand?post=33765"},{"taxonomy":"product_cat","embeddable":true,"href":"https:\/\/olemosaic.com\/pt-pt\/wp-json\/wp\/v2\/product_cat?post=33765"},{"taxonomy":"product_tag","embeddable":true,"href":"https:\/\/olemosaic.com\/pt-pt\/wp-json\/wp\/v2\/product_tag?post=33765"}],"curies":[{"name":"wp","href":"https:\/\/api.w.org\/{rel}","templated":true}]}}