{"id":33763,"date":"2025-02-20T23:33:39","date_gmt":"2025-02-20T22:33:39","guid":{"rendered":"http:\/\/olemosaic.com\/producto\/llavero-de-madera-letra-u-madrid\/"},"modified":"2025-07-25T19:41:28","modified_gmt":"2025-07-25T17:41:28","slug":"porta-chaves-de-madeira-letra-u-madrid","status":"publish","type":"product","link":"https:\/\/olemosaic.com\/pt-pt\/produto\/porta-chaves-de-madeira-letra-u-madrid\/","title":{"rendered":"Porta-chaves de madeira. Letra U. Madrid."},"content":{"rendered":"<p>Este porta-chaves de madeira com a forma da letra U \u00e9 uma recorda\u00e7\u00e3o emblem\u00e1tica de Madrid, ideal para quem deseja levar um pedacinho da capital espanhola. Elaborado com madeira de alta qualidade, este acess\u00f3rio pr\u00e1tico n\u00e3o \u00e9 apenas funcional, mas tamb\u00e9m se torna uma pequena obra de arte. No design destacam-se ilustra\u00e7\u00f5es vibrantes do ic\u00f3nico rel\u00f3gio da Puerta del Sol, o cora\u00e7\u00e3o de Madrid, com cores vivas que capturam a ess\u00eancia da cidade. No porta-chaves, um c\u00e3o azul e uma mulher com traje tradicional espanhol acrescentam um toque cultural \u00fanico, pintados \u00e0 m\u00e3o com meticulosa aten\u00e7\u00e3o ao detalhe.<\/p>\n<p>O uso de uma colorida paleta de mosaicos transmite a riqueza art\u00edstica e a diversidade cultural da regi\u00e3o, convertendo este porta-chaves numa recorda\u00e7\u00e3o perfeita que celebra a vida madrilena. Este souvenir de Madrid \u00e9 uma excelente op\u00e7\u00e3o para turistas que procuram recordar a sua visita de forma original e significativa. Na Ol\u00e9 Mosaic oferecemos esta pe\u00e7a aut\u00eantica e representativa, garantindo que cada porta-chaves seja um reflexo do patrim\u00f3nio cultural espanhol. Como distribuidores de souvenirs por grosso, asseguramos a qualidade e relev\u00e2ncia cultural de cada produto, fazendo deste porta-chaves um excelente recurso para lojas de presentes tur\u00edsticos que desejem oferecer aut\u00eanticas recorda\u00e7\u00f5es madrilenas.<\/p>\n","protected":false},"excerpt":{"rendered":"<p>Porta-chaves de madeira com a forma da letra U, que representa um s\u00edmbolo ic\u00f3nico de Madrid. Este acess\u00f3rio pr\u00e1tico apresenta uma ilustra\u00e7\u00e3o colorida do famoso rel\u00f3gio da Puerta del Sol, com detalhes como um c\u00e3o azul e uma mulher vestida com o traje espanhol tradicional, todo com design artesanal, pintado \u00e0 m\u00e3o, num design vibrante inspirado no mosaico. Ideal para recordar a sua visita \u00e0 capital espanhola, ao mesmo tempo que transporta as suas chaves de forma original.<\/p>\n","protected":false},"featured_media":10853,"template":"","meta":{"_acf_changed":false},"product_brand":[],"product_cat":[611],"product_tag":[612],"class_list":{"0":"post-33763","1":"product","2":"type-product","3":"status-publish","4":"has-post-thumbnail","6":"product_cat-porta-chaves","7":"product_tag-cartas","8":"pa_ciudad-madrid","9":"pa_motivo-letra-u","10":"pa_pais-espana","12":"first","13":"instock","14":"shipping-taxable","15":"product-type-simple"},"acf":[],"_links":{"self":[{"href":"https:\/\/olemosaic.com\/pt-pt\/wp-json\/wp\/v2\/product\/33763","targetHints":{"allow":["GET"]}}],"collection":[{"href":"https:\/\/olemosaic.com\/pt-pt\/wp-json\/wp\/v2\/product"}],"about":[{"href":"https:\/\/olemosaic.com\/pt-pt\/wp-json\/wp\/v2\/types\/product"}],"wp:featuredmedia":[{"embeddable":true,"href":"https:\/\/olemosaic.com\/pt-pt\/wp-json\/wp\/v2\/media\/10853"}],"wp:attachment":[{"href":"https:\/\/olemosaic.com\/pt-pt\/wp-json\/wp\/v2\/media?parent=33763"}],"wp:term":[{"taxonomy":"product_brand","embeddable":true,"href":"https:\/\/olemosaic.com\/pt-pt\/wp-json\/wp\/v2\/product_brand?post=33763"},{"taxonomy":"product_cat","embeddable":true,"href":"https:\/\/olemosaic.com\/pt-pt\/wp-json\/wp\/v2\/product_cat?post=33763"},{"taxonomy":"product_tag","embeddable":true,"href":"https:\/\/olemosaic.com\/pt-pt\/wp-json\/wp\/v2\/product_tag?post=33763"}],"curies":[{"name":"wp","href":"https:\/\/api.w.org\/{rel}","templated":true}]}}