{"id":33736,"date":"2025-02-20T23:33:39","date_gmt":"2025-02-20T22:33:39","guid":{"rendered":"http:\/\/olemosaic.com\/producto\/llavero-de-madera-letra-u-sevilla\/"},"modified":"2025-07-25T19:20:13","modified_gmt":"2025-07-25T17:20:13","slug":"porta-chaves-de-madeira-letra-u-sevilha","status":"publish","type":"product","link":"https:\/\/olemosaic.com\/pt-pt\/produto\/porta-chaves-de-madeira-letra-u-sevilha\/","title":{"rendered":"Porta-chaves de madeira. Letra U. Sevilha."},"content":{"rendered":"<p>Este porta-chaves de madeira com a forma de letra U \u00e9 uma recorda\u00e7\u00e3o encantadora inspirada na vibrante cidade de Sevilha. Desenhado com um estilo colorido e alegre, o porta-chaves apresenta ilustra\u00e7\u00f5es ic\u00f3nicas da famosa Giralda, complementadas com elementos caracter\u00edsticos da cidade como coches de cavalos e palmeiras. A t\u00e9cnica de mosaico utilizada para a sua pintura \u00e0 m\u00e3o real\u00e7a os tons vivos de vermelho, amarelo e azul, evocando o esp\u00edrito andaluz e a rica cultura sevilhana. Cada lado do porta-chaves oferece uma vista distinta, permitindo aos turistas desfrutar de diferentes aspetos da cidade num \u00fanico objeto.<\/p>\n<p>Este porta-chaves n\u00e3o \u00e9 apenas pr\u00e1tico para manter as chaves organizadas, mas tamb\u00e9m serve como uma recorda\u00e7\u00e3o aut\u00eantica de Sevilha, ideal para quem procura levar um pedacinho da hist\u00f3ria e da arte da cidade. O seu design original e a sua liga\u00e7\u00e3o cultural tornam-no uma excelente op\u00e7\u00e3o para lojas de presentes tur\u00edsticos que desejem oferecer recorda\u00e7\u00f5es significativas aos seus clientes. Na Ol\u00e9 Mosaic, orgulhamo-nos de distribuir recorda\u00e7\u00f5es de Sevilha que capturam a ess\u00eancia da regi\u00e3o, e este porta-chaves \u00e9 um exemplo perfeito da nossa cole\u00e7\u00e3o de artigos artesanais.<\/p>\n","protected":false},"excerpt":{"rendered":"<p>Porta-chaves de madeira com a forma da letra U, inspirado nos encantos de Sevilha. Este porta-chaves apresenta um design colorido e vibrante, com ilustra\u00e7\u00f5es da famosa Giralda e elementos t\u00edpicos da cidade, como os coches de cavalos e as palmeiras. Pintado com estilo artesanal com t\u00e9cnicas de mosaico que destacam os tons vermelhos, amarelos e azuis, \u00e9 uma recorda\u00e7\u00e3o atraente que evoca o esp\u00edrito andaluz e a rica cultura sevilhana.<\/p>\n","protected":false},"featured_media":10905,"template":"","meta":{"_acf_changed":false},"product_brand":[],"product_cat":[611],"product_tag":[516,612],"class_list":{"0":"post-33736","1":"product","2":"type-product","3":"status-publish","4":"has-post-thumbnail","6":"product_cat-porta-chaves","7":"product_tag-animais","8":"product_tag-cartas","9":"pa_ciudad-sevilla","10":"pa_motivo-letra-u","11":"pa_pais-espana","13":"first","14":"instock","15":"shipping-taxable","16":"product-type-simple"},"acf":[],"_links":{"self":[{"href":"https:\/\/olemosaic.com\/pt-pt\/wp-json\/wp\/v2\/product\/33736","targetHints":{"allow":["GET"]}}],"collection":[{"href":"https:\/\/olemosaic.com\/pt-pt\/wp-json\/wp\/v2\/product"}],"about":[{"href":"https:\/\/olemosaic.com\/pt-pt\/wp-json\/wp\/v2\/types\/product"}],"wp:featuredmedia":[{"embeddable":true,"href":"https:\/\/olemosaic.com\/pt-pt\/wp-json\/wp\/v2\/media\/10905"}],"wp:attachment":[{"href":"https:\/\/olemosaic.com\/pt-pt\/wp-json\/wp\/v2\/media?parent=33736"}],"wp:term":[{"taxonomy":"product_brand","embeddable":true,"href":"https:\/\/olemosaic.com\/pt-pt\/wp-json\/wp\/v2\/product_brand?post=33736"},{"taxonomy":"product_cat","embeddable":true,"href":"https:\/\/olemosaic.com\/pt-pt\/wp-json\/wp\/v2\/product_cat?post=33736"},{"taxonomy":"product_tag","embeddable":true,"href":"https:\/\/olemosaic.com\/pt-pt\/wp-json\/wp\/v2\/product_tag?post=33736"}],"curies":[{"name":"wp","href":"https:\/\/api.w.org\/{rel}","templated":true}]}}