{"id":33735,"date":"2025-02-20T23:33:39","date_gmt":"2025-02-20T22:33:39","guid":{"rendered":"http:\/\/olemosaic.com\/producto\/llavero-de-madera-letra-t-2\/"},"modified":"2025-07-25T18:44:44","modified_gmt":"2025-07-25T16:44:44","slug":"porta-chaves-de-madeira-letra-t-2","status":"publish","type":"product","link":"https:\/\/olemosaic.com\/pt-pt\/produto\/porta-chaves-de-madeira-letra-t-2\/","title":{"rendered":"Porta-chaves de madeira. Letra T. Motivos florais."},"content":{"rendered":"<p>Este porta-chaves de madeira com a forma da letra T \u00e9 um presente perfeito que une funcionalidade e autenticidade cultural, ideal para quem deseja levar um peda\u00e7o de Espanha consigo. O seu design vibrante destaca-se pelos mosaicos coloridos que evocam o folclore espanhol, incorporando elementos florais em tons de vermelho, azul e amarelo, que representam a rica heran\u00e7a art\u00edstica e cer\u00e2mica da Andaluzia. O acabamento polido da madeira real\u00e7a cada detalhe pintado, oferecendo um acabamento de alta qualidade, atraente e duradouro.<\/p>\n<p>Este porta-chaves n\u00e3o \u00e9 apenas um acess\u00f3rio di\u00e1rio; \u00e9 uma pequena obra de arte que celebra a diversidade da cultura espanhola. A letra T \u00e9 personaliz\u00e1vel, o que o torna um presente significativo e memor\u00e1vel para amigos e familiares. Al\u00e9m disso, o seu design vers\u00e1til permite que este porta-chaves se adapte perfeitamente a qualquer conjunto de chaves ou como adorno em mochilas e malas.<\/p>\n<p>Na Ol\u00e9 Mosaic, especializamo-nos na distribui\u00e7\u00e3o de souvenirs por grosso, e este porta-chaves \u00e9 uma excelente op\u00e7\u00e3o para lojas de presentes tur\u00edsticos que procuram produtos que representem a aut\u00eantica ess\u00eancia de Espanha. Como grossistas de souvenirs, garantimos a qualidade e originalidade em cada pe\u00e7a, o que torna este porta-chaves de madeira uma op\u00e7\u00e3o relevante para todos os turistas que anseiam levar consigo uma recorda\u00e7\u00e3o significativa da sua viagem.<\/p>\n","protected":false},"excerpt":{"rendered":"<p>Porta-chaves de madeira com a forma de letra T, decorado com mosaicos coloridos que representam o folclore espanhol. Este atraente porta-chaves apresenta um design vibrante com elementos florais em tons de vermelho, azul e amarelo, evocando o estilo cer\u00e2mico andaluz. Feito de madeira, o seu acabamento real\u00e7a a beleza dos detalhes pintados, tornando este acess\u00f3rio um presente perfeito para levar um pedacinho de Espanha a todo o lado.<\/p>\n","protected":false},"featured_media":9610,"template":"","meta":{"_acf_changed":false},"product_brand":[],"product_cat":[611],"product_tag":[612],"class_list":{"0":"post-33735","1":"product","2":"type-product","3":"status-publish","4":"has-post-thumbnail","6":"product_cat-porta-chaves","7":"product_tag-cartas","8":"pa_motivo-letra-t","10":"first","11":"instock","12":"shipping-taxable","13":"product-type-simple"},"acf":[],"_links":{"self":[{"href":"https:\/\/olemosaic.com\/pt-pt\/wp-json\/wp\/v2\/product\/33735","targetHints":{"allow":["GET"]}}],"collection":[{"href":"https:\/\/olemosaic.com\/pt-pt\/wp-json\/wp\/v2\/product"}],"about":[{"href":"https:\/\/olemosaic.com\/pt-pt\/wp-json\/wp\/v2\/types\/product"}],"wp:featuredmedia":[{"embeddable":true,"href":"https:\/\/olemosaic.com\/pt-pt\/wp-json\/wp\/v2\/media\/9610"}],"wp:attachment":[{"href":"https:\/\/olemosaic.com\/pt-pt\/wp-json\/wp\/v2\/media?parent=33735"}],"wp:term":[{"taxonomy":"product_brand","embeddable":true,"href":"https:\/\/olemosaic.com\/pt-pt\/wp-json\/wp\/v2\/product_brand?post=33735"},{"taxonomy":"product_cat","embeddable":true,"href":"https:\/\/olemosaic.com\/pt-pt\/wp-json\/wp\/v2\/product_cat?post=33735"},{"taxonomy":"product_tag","embeddable":true,"href":"https:\/\/olemosaic.com\/pt-pt\/wp-json\/wp\/v2\/product_tag?post=33735"}],"curies":[{"name":"wp","href":"https:\/\/api.w.org\/{rel}","templated":true}]}}