{"id":33733,"date":"2025-02-20T23:33:39","date_gmt":"2025-02-20T22:33:39","guid":{"rendered":"http:\/\/olemosaic.com\/producto\/llavero-de-madera-letra-q-barcelona-2\/"},"modified":"2025-07-25T18:42:48","modified_gmt":"2025-07-25T16:42:48","slug":"porta-chaves-de-madeira-letra-q-barcelona-2","status":"publish","type":"product","link":"https:\/\/olemosaic.com\/pt-pt\/produto\/porta-chaves-de-madeira-letra-q-barcelona-2\/","title":{"rendered":"Porta-chaves de madeira. Letra Q. Mosaico. Barcelona."},"content":{"rendered":"<p>Este porta-chaves de madeira com a forma da letra Q \u00e9 uma homenagem vibrante \u00e0 emblem\u00e1tica cidade de Barcelona. O seu design colorido destaca a majestosa Sagrada Fam\u00edlia, com as suas torres que se erguem em tons vermelhos vibrantes, cativando qualquer amante da arquitetura. Ao seu redor, apresentam-se cenas que evocam a beleza da cidade, incluindo mosaicos brilhantes e edif\u00edcios ic\u00f3nicos que s\u00e3o a ess\u00eancia do modernismo catal\u00e3o. Este porta-chaves n\u00e3o \u00e9 apenas funcional, mas tamb\u00e9m uma pequena obra de arte; os detalhes pintados \u00e0 m\u00e3o conferem um toque art\u00edstico e personalizado, o que o torna um souvenir ideal para recordar a riqueza cultural de Barcelona.<\/p>\n<p>Ideal para levar um pedacinho desta famosa cidade consigo, este porta-chaves \u00e9 um excelente presente para quem procura souvenirs aut\u00eanticos e representativos da sua viagem. Cada vez que o utilizar, recordar\u00e1 as ruas cheias de vida e a arquitetura peculiar que fazem de Barcelona um destino inigual\u00e1vel. Na Ol\u00e9 Mosaic, somos especialistas na distribui\u00e7\u00e3o de souvenirs por grosso, e este porta-chaves da Sagrada Fam\u00edlia \u00e9 uma op\u00e7\u00e3o perfeita para lojas de presentes tur\u00edsticos que desejem oferecer produtos que destaquem a singularidade da cultura espanhola. Com o seu design atraente e a sua liga\u00e7\u00e3o cultural, este souvenir tornar-se-\u00e1 um favorito entre turistas e locais.<\/p>\n","protected":false},"excerpt":{"rendered":"<p>Porta-chaves de madeira com a forma da letra Q, inspirado na vibrante cidade de Barcelona. Este design colorido apresenta a emblem\u00e1tica Sagrada Fam\u00edlia com as suas torres avermelhadas, rodeada de elementos ic\u00f3nicos como mosaicos e edif\u00edcios caracter\u00edsticos da cidade. O acabamento inclui detalhes pintados \u00e0 m\u00e3o que adicionam um toque art\u00edstico. Um souvenir ideal para recordar a riqueza cultural de Barcelona e levar um pedacinho do seu encanto sempre consigo.<\/p>\n","protected":false},"featured_media":10528,"template":"","meta":{"_acf_changed":false},"product_brand":[],"product_cat":[611],"product_tag":[612],"class_list":{"0":"post-33733","1":"product","2":"type-product","3":"status-publish","4":"has-post-thumbnail","6":"product_cat-porta-chaves","7":"product_tag-cartas","8":"pa_ciudad-barcelona","9":"pa_motivo-letra-q","10":"pa_pais-espana","12":"first","13":"instock","14":"shipping-taxable","15":"product-type-simple"},"acf":[],"_links":{"self":[{"href":"https:\/\/olemosaic.com\/pt-pt\/wp-json\/wp\/v2\/product\/33733","targetHints":{"allow":["GET"]}}],"collection":[{"href":"https:\/\/olemosaic.com\/pt-pt\/wp-json\/wp\/v2\/product"}],"about":[{"href":"https:\/\/olemosaic.com\/pt-pt\/wp-json\/wp\/v2\/types\/product"}],"wp:featuredmedia":[{"embeddable":true,"href":"https:\/\/olemosaic.com\/pt-pt\/wp-json\/wp\/v2\/media\/10528"}],"wp:attachment":[{"href":"https:\/\/olemosaic.com\/pt-pt\/wp-json\/wp\/v2\/media?parent=33733"}],"wp:term":[{"taxonomy":"product_brand","embeddable":true,"href":"https:\/\/olemosaic.com\/pt-pt\/wp-json\/wp\/v2\/product_brand?post=33733"},{"taxonomy":"product_cat","embeddable":true,"href":"https:\/\/olemosaic.com\/pt-pt\/wp-json\/wp\/v2\/product_cat?post=33733"},{"taxonomy":"product_tag","embeddable":true,"href":"https:\/\/olemosaic.com\/pt-pt\/wp-json\/wp\/v2\/product_tag?post=33733"}],"curies":[{"name":"wp","href":"https:\/\/api.w.org\/{rel}","templated":true}]}}