{"id":33732,"date":"2025-02-20T23:33:38","date_gmt":"2025-02-20T22:33:38","guid":{"rendered":"http:\/\/olemosaic.com\/producto\/llavero-de-madera-letra-q-valencia\/"},"modified":"2025-07-25T20:27:05","modified_gmt":"2025-07-25T18:27:05","slug":"porta-chaves-de-madeira-letra-q-valencia","status":"publish","type":"product","link":"https:\/\/olemosaic.com\/pt-pt\/produto\/porta-chaves-de-madeira-letra-q-valencia\/","title":{"rendered":"Porta-chaves de madeira. Letra Q. Val\u00eancia."},"content":{"rendered":"<p>Este porta-chaves de madeira com a forma da letra Q \u00e9 uma recorda\u00e7\u00e3o encantadora, desenhado especialmente para capturar a ess\u00eancia de Val\u00eancia. Elaborado em madeira de alta qualidade, a sua forma distinta de letra Q atrai a aten\u00e7\u00e3o e torna-o um acess\u00f3rio ideal para quem deseja levar consigo um pedacinho desta cidade vibrante. Os motivos emblem\u00e1ticos gravados na sua superf\u00edcie incluem ilustra\u00e7\u00f5es coloridas do ic\u00f3nico edif\u00edcio da Cidade das Artes e das Ci\u00eancias, cujos tons brilhantes de azul, vermelho e amarelo est\u00e3o representados meticulosamente, real\u00e7ando o apelo arquitet\u00f3nico desta famosa atra\u00e7\u00e3o.<\/p>\n<p>O acabamento polido deste porta-chaves, complementado pelos detalhes arquitet\u00f3nicos que evocam o car\u00e1ter \u00fanico de Val\u00eancia, torna-o um souvenir excecional que celebra a rica cultura e tradi\u00e7\u00e3o da regi\u00e3o. Compacto e leve, este porta-chaves permite que os turistas o levem nas suas malas ou chaves com facilidade, evocando sempre boas recorda\u00e7\u00f5es da sua visita \u00e0 cidade.<\/p>\n<p>Na Ol\u00e9 Mosaic, o nosso compromisso \u00e9 oferecer souvenirs aut\u00eanticos e representativos para el mercado tur\u00edstico. Este porta-chaves n\u00e3o \u00e9 apenas um complemento pr\u00e1tico, mas tamb\u00e9m uma pe\u00e7a de conversa que liga quem o usa \u00e0 hist\u00f3ria e \u00e0 beleza de Val\u00eancia. Como distribuidores de artigos tur\u00edsticos por grosso, garantimos a qualidade e o design muito especial de cada um dos nossos produtos, tornando-os uma excelente op\u00e7\u00e3o para lojas especializadas em souvenirs.<\/p>\n","protected":false},"excerpt":{"rendered":"<p>Porta-chaves de madeira com a forma da letra Q, desenhado com motivos emblem\u00e1ticos de Val\u00eancia. Este atraente porta-chaves apresenta uma ilustra\u00e7\u00e3o colorida do ic\u00f3nico edif\u00edcio da Cidade das Artes e das Ci\u00eancias, juntamente com detalhes arquitet\u00f3nicos representativos da cidade. O seu acabamento polido real\u00e7a os tons brilhantes de azul, vermelho e amarelo, tornando-o um souvenir ideal que captura a ess\u00eancia cultural de Val\u00eancia. Compacto e leve, \u00e9 perfeito para levar sempre consigo um pedacinho desta bela cidade.<\/p>\n","protected":false},"featured_media":10875,"template":"","meta":{"_acf_changed":false},"product_brand":[],"product_cat":[611],"product_tag":[612],"class_list":{"0":"post-33732","1":"product","2":"type-product","3":"status-publish","4":"has-post-thumbnail","6":"product_cat-porta-chaves","7":"product_tag-cartas","8":"pa_ciudad-valencia","9":"pa_motivo-letra-q","10":"pa_pais-espana","12":"first","13":"instock","14":"shipping-taxable","15":"product-type-simple"},"acf":[],"_links":{"self":[{"href":"https:\/\/olemosaic.com\/pt-pt\/wp-json\/wp\/v2\/product\/33732","targetHints":{"allow":["GET"]}}],"collection":[{"href":"https:\/\/olemosaic.com\/pt-pt\/wp-json\/wp\/v2\/product"}],"about":[{"href":"https:\/\/olemosaic.com\/pt-pt\/wp-json\/wp\/v2\/types\/product"}],"wp:featuredmedia":[{"embeddable":true,"href":"https:\/\/olemosaic.com\/pt-pt\/wp-json\/wp\/v2\/media\/10875"}],"wp:attachment":[{"href":"https:\/\/olemosaic.com\/pt-pt\/wp-json\/wp\/v2\/media?parent=33732"}],"wp:term":[{"taxonomy":"product_brand","embeddable":true,"href":"https:\/\/olemosaic.com\/pt-pt\/wp-json\/wp\/v2\/product_brand?post=33732"},{"taxonomy":"product_cat","embeddable":true,"href":"https:\/\/olemosaic.com\/pt-pt\/wp-json\/wp\/v2\/product_cat?post=33732"},{"taxonomy":"product_tag","embeddable":true,"href":"https:\/\/olemosaic.com\/pt-pt\/wp-json\/wp\/v2\/product_tag?post=33732"}],"curies":[{"name":"wp","href":"https:\/\/api.w.org\/{rel}","templated":true}]}}