{"id":33731,"date":"2025-02-20T23:33:38","date_gmt":"2025-02-20T22:33:38","guid":{"rendered":"http:\/\/olemosaic.com\/producto\/llavero-de-madera-letra-q-sevilla\/"},"modified":"2025-07-25T18:42:49","modified_gmt":"2025-07-25T16:42:49","slug":"porta-chaves-de-madeira-letra-q-sevilha","status":"publish","type":"product","link":"https:\/\/olemosaic.com\/pt-pt\/produto\/porta-chaves-de-madeira-letra-q-sevilha\/","title":{"rendered":"Porta-chaves de madeira. Letra Q. Sevilha."},"content":{"rendered":"<p>Este porta-chaves de madeira com a forma da letra Q \u00e9 uma encantadora homenagem \u00e0 vibrante cidade de Sevilha, ideal para quem deseja levar consigo um peda\u00e7o desta emblem\u00e1tica metr\u00f3pole andaluza. O seu design \u00fanico apresenta duas faces, cada uma com uma ilustra\u00e7\u00e3o cativante que combina elementos ic\u00f3nicos de Sevilha. Numa face, as cores claras destacam motivos t\u00edpicos como a majestosa Giralda, enquanto a outra exibe um fundo mais vibrante cheio de alegres mosaicos que refletem a arte e a cultura local.<\/p>\n<p>A letra Q, estilizada e divertida, \u00e9 perfeita tanto para colecionadores como para qualquer pessoa que procure uma recorda\u00e7\u00e3o aut\u00eantica da sua visita a Sevilha. Este porta-chaves n\u00e3o s\u00f3 \u00e9 um acess\u00f3rio pr\u00e1tico para segurar as suas chaves, como tamb\u00e9m um s\u00edmbolo da rica heran\u00e7a cultural andaluza, evocando a arquitetura e as paisagens que fazem de Sevilha um destino tur\u00edstico \u00fanico. Na Ol\u00e9 Mosaic, orgulhamo-nos de oferecer produtos artesanais que celebram o apelo cultural de Espanha, garantindo assim que os nossos souvenirs sejam da mais alta qualidade. Este porta-chaves \u00e9 um excelente artigo para lojas de presentes tur\u00edsticos que procuram captar a aten\u00e7\u00e3o dos seus clientes com artigos aut\u00eanticos e representativos.<\/p>\n","protected":false},"excerpt":{"rendered":"<p>Porta-chaves de madeira com a forma da letra Q, inspirado na vibrante cidade de Sevilha. Este encantador porta-chaves apresenta uma ilustra\u00e7\u00e3o colorida que combina elementos emblem\u00e1ticos da cidade, como a Giralda e os mosaicos t\u00edpicos andaluzes. O seu design \u00fanico tem duas faces, uma com um fundo em tons claros e outra mais vibrante, que destaca a arte e a cultura sevilhanas. Ideal para levar um peda\u00e7o de Sevilha sempre consigo.<\/p>\n","protected":false},"featured_media":10901,"template":"","meta":{"_acf_changed":false},"product_brand":[],"product_cat":[611],"product_tag":[612],"class_list":{"0":"post-33731","1":"product","2":"type-product","3":"status-publish","4":"has-post-thumbnail","6":"product_cat-porta-chaves","7":"product_tag-cartas","8":"pa_ciudad-sevilla","9":"pa_motivo-letra-q","10":"pa_pais-espana","12":"first","13":"instock","14":"shipping-taxable","15":"product-type-simple"},"acf":[],"_links":{"self":[{"href":"https:\/\/olemosaic.com\/pt-pt\/wp-json\/wp\/v2\/product\/33731","targetHints":{"allow":["GET"]}}],"collection":[{"href":"https:\/\/olemosaic.com\/pt-pt\/wp-json\/wp\/v2\/product"}],"about":[{"href":"https:\/\/olemosaic.com\/pt-pt\/wp-json\/wp\/v2\/types\/product"}],"wp:featuredmedia":[{"embeddable":true,"href":"https:\/\/olemosaic.com\/pt-pt\/wp-json\/wp\/v2\/media\/10901"}],"wp:attachment":[{"href":"https:\/\/olemosaic.com\/pt-pt\/wp-json\/wp\/v2\/media?parent=33731"}],"wp:term":[{"taxonomy":"product_brand","embeddable":true,"href":"https:\/\/olemosaic.com\/pt-pt\/wp-json\/wp\/v2\/product_brand?post=33731"},{"taxonomy":"product_cat","embeddable":true,"href":"https:\/\/olemosaic.com\/pt-pt\/wp-json\/wp\/v2\/product_cat?post=33731"},{"taxonomy":"product_tag","embeddable":true,"href":"https:\/\/olemosaic.com\/pt-pt\/wp-json\/wp\/v2\/product_tag?post=33731"}],"curies":[{"name":"wp","href":"https:\/\/api.w.org\/{rel}","templated":true}]}}