{"id":33730,"date":"2025-02-20T23:33:38","date_gmt":"2025-02-20T22:33:38","guid":{"rendered":"http:\/\/olemosaic.com\/producto\/llavero-de-madera-letra-o-2\/"},"modified":"2025-07-25T19:43:27","modified_gmt":"2025-07-25T17:43:27","slug":"porta-chaves-de-madeira-letra-o-mosaico-pt-pt","status":"publish","type":"product","link":"https:\/\/olemosaic.com\/pt-pt\/produto\/porta-chaves-de-madeira-letra-o-mosaico-pt-pt\/","title":{"rendered":"Porta-chaves de madeira. Letra O. Mosaico."},"content":{"rendered":"<p>Este porta-chaves de madeira com a forma da letra O \u00e9 um excelente souvenir que capta a ess\u00eancia do estilo art\u00edstico barcelon\u00eas, inspirado na obra do ic\u00f3nico arquiteto Antoni Gaud\u00ed. Com um design vibrante, sobre um fundo branco adornado com intrincadas linhas pretas, este porta-chaves mostra uma alegre mistura de cores vivas, como o vermelho, o azul e o amarelo. Cada detalhe, desde as formas abstractas at\u00e9 aos padr\u00f5es de mosaico, evoca a singularidade dos famosos mosaicos de Gaud\u00ed, tornando-o uma recorda\u00e7\u00e3o que real\u00e7a a riqueza cultural da Cidade Condal.<\/p>\n<p>Leve e funcional, este porta-chaves \u00e9 o acess\u00f3rio perfeito para levar as chaves de casa ou do carro, mantendo sempre o estilo distintivo da arquitetura modernista catal\u00e3. Como produto representativo de Barcelona, \u00e9 ideal para turistas que procuram um souvenir aut\u00eantico que lhes recorde a sua visita a esta vibrante cidade, cheia de arte e criatividade. Na Ol\u00e9 Mosaic, o nosso foco na distribui\u00e7\u00e3o de souvenirs por grosso garante que este porta-chaves de madeira seja uma op\u00e7\u00e3o atrativa para lojas de presentes tur\u00edsticos que desejem oferecer produtos t\u00edpicos e de qualidade. N\u00e3o perca a oportunidade de oferecer um porta-chaves que, al\u00e9m de ser uma recorda\u00e7\u00e3o, \u00e9 uma pe\u00e7a de arte que celebra a heran\u00e7a cultural de Barcelona.<\/p>\n","protected":false},"excerpt":{"rendered":"<p>Porta-chaves de madeira com a forma da letra O, decorado com um vibrante design inspirado no famoso mosaico de Gaud\u00ed. Este porta-chaves apresenta um fundo branco com intrincadas linhas pretas e uma mistura de cores vivas, como vermelho, azul e amarelo, que evocam o estilo \u00fanico da obra arquitet\u00f3nica de Barcelona. Leve e funcional, \u00e9 uma recorda\u00e7\u00e3o perfeita para os amantes da arte e da cultura da cidade condal.<\/p>\n","protected":false},"featured_media":10934,"template":"","meta":{"_acf_changed":false},"product_brand":[],"product_cat":[611],"product_tag":[612],"class_list":{"0":"post-33730","1":"product","2":"type-product","3":"status-publish","4":"has-post-thumbnail","6":"product_cat-porta-chaves","7":"product_tag-cartas","8":"pa_motivo-letra-o","10":"first","11":"instock","12":"shipping-taxable","13":"product-type-simple"},"acf":[],"_links":{"self":[{"href":"https:\/\/olemosaic.com\/pt-pt\/wp-json\/wp\/v2\/product\/33730","targetHints":{"allow":["GET"]}}],"collection":[{"href":"https:\/\/olemosaic.com\/pt-pt\/wp-json\/wp\/v2\/product"}],"about":[{"href":"https:\/\/olemosaic.com\/pt-pt\/wp-json\/wp\/v2\/types\/product"}],"wp:featuredmedia":[{"embeddable":true,"href":"https:\/\/olemosaic.com\/pt-pt\/wp-json\/wp\/v2\/media\/10934"}],"wp:attachment":[{"href":"https:\/\/olemosaic.com\/pt-pt\/wp-json\/wp\/v2\/media?parent=33730"}],"wp:term":[{"taxonomy":"product_brand","embeddable":true,"href":"https:\/\/olemosaic.com\/pt-pt\/wp-json\/wp\/v2\/product_brand?post=33730"},{"taxonomy":"product_cat","embeddable":true,"href":"https:\/\/olemosaic.com\/pt-pt\/wp-json\/wp\/v2\/product_cat?post=33730"},{"taxonomy":"product_tag","embeddable":true,"href":"https:\/\/olemosaic.com\/pt-pt\/wp-json\/wp\/v2\/product_tag?post=33730"}],"curies":[{"name":"wp","href":"https:\/\/api.w.org\/{rel}","templated":true}]}}