{"id":33727,"date":"2025-02-20T23:33:38","date_gmt":"2025-02-20T22:33:38","guid":{"rendered":"http:\/\/olemosaic.com\/producto\/llavero-de-madera-letra-n-sevilla\/"},"modified":"2025-07-25T20:24:22","modified_gmt":"2025-07-25T18:24:22","slug":"porta-chaves-de-madeira-letra-n-sevilha","status":"publish","type":"product","link":"https:\/\/olemosaic.com\/pt-pt\/produto\/porta-chaves-de-madeira-letra-n-sevilha\/","title":{"rendered":"Porta-chaves de madeira. Letra N. Sevilha."},"content":{"rendered":"<p>Este porta-chaves de madeira com a forma da letra N \u00e9 uma recorda\u00e7\u00e3o encantadora inspirada na vibrante cidade de Sevilha. O seu design, cuidadosamente pintado \u00e0 m\u00e3o, destaca a majestosidade da Giralda, um dos s\u00edmbolos mais emblem\u00e1ticos da cidade, bem como as tradicionais carruagens de cavalos que percorrem as suas ruas pitorescas. As cores vivas e a t\u00e9cnica de mosaico utilizada na sua elabora\u00e7\u00e3o conferem um toque art\u00edstico que real\u00e7a a rica heran\u00e7a cultural de Sevilha, tornando-o uma pe\u00e7a \u00fanica e apelativa.<\/p>\n<p>Cada detalhe, desde a representa\u00e7\u00e3o da Giralda at\u00e9 aos motivos decorativos que rodeiam a letra N, capta a ess\u00eancia de Sevilha e o seu ambiente festivo. Perfeito para levar as chaves com um toque de estilo, este porta-chaves \u00e9 tamb\u00e9m uma recorda\u00e7\u00e3o significativa para quem deseja levar consigo um peda\u00e7o desta cidade andaluza. A combina\u00e7\u00e3o de funcionalidade e arte neste souvenir torna-o um presente ideal para amigos e familiares ou como uma aut\u00eantica lembran\u00e7a de uma bela experi\u00eancia na capital andaluza.<\/p>\n<p>Na Ol\u00e9 Mosaic, especializamo-nos na distribui\u00e7\u00e3o de souvenirs por grosso que refletem a cultura e as tradi\u00e7\u00f5es locais. Este porta-chaves de madeira de Sevilha \u00e9 uma excelente op\u00e7\u00e3o para as lojas de presentes tur\u00edsticos que procuram oferecer produtos aut\u00eanticos e de qualidade, que celebrem a riqueza cultural da regi\u00e3o.<\/p>\n","protected":false},"excerpt":{"rendered":"<p>Porta-chaves de madeira com a forma da letra N, inspirado na cidade de Sevilha. Este apelativo porta-chaves apresenta um design artesanal, pintado \u00e0 m\u00e3o, com imagens ic\u00f3nicas da cidade, como a Giralda e as tradicionais carruagens de cavalos. As cores vibrantes e a t\u00e9cnica de mosaico conferem-lhe um toque art\u00edstico que reflete o car\u00e1ter cultural de Sevilha. Perfeito como recorda\u00e7\u00e3o ou presente, este porta-chaves combina funcionalidade e estilo no seu dia a dia.<\/p>\n","protected":false},"featured_media":10898,"template":"","meta":{"_acf_changed":false},"product_brand":[],"product_cat":[611],"product_tag":[516,612],"class_list":{"0":"post-33727","1":"product","2":"type-product","3":"status-publish","4":"has-post-thumbnail","6":"product_cat-porta-chaves","7":"product_tag-animais","8":"product_tag-cartas","9":"pa_ciudad-sevilla","10":"pa_motivo-letra-n","11":"pa_pais-espana","13":"first","14":"instock","15":"shipping-taxable","16":"product-type-simple"},"acf":[],"_links":{"self":[{"href":"https:\/\/olemosaic.com\/pt-pt\/wp-json\/wp\/v2\/product\/33727","targetHints":{"allow":["GET"]}}],"collection":[{"href":"https:\/\/olemosaic.com\/pt-pt\/wp-json\/wp\/v2\/product"}],"about":[{"href":"https:\/\/olemosaic.com\/pt-pt\/wp-json\/wp\/v2\/types\/product"}],"wp:featuredmedia":[{"embeddable":true,"href":"https:\/\/olemosaic.com\/pt-pt\/wp-json\/wp\/v2\/media\/10898"}],"wp:attachment":[{"href":"https:\/\/olemosaic.com\/pt-pt\/wp-json\/wp\/v2\/media?parent=33727"}],"wp:term":[{"taxonomy":"product_brand","embeddable":true,"href":"https:\/\/olemosaic.com\/pt-pt\/wp-json\/wp\/v2\/product_brand?post=33727"},{"taxonomy":"product_cat","embeddable":true,"href":"https:\/\/olemosaic.com\/pt-pt\/wp-json\/wp\/v2\/product_cat?post=33727"},{"taxonomy":"product_tag","embeddable":true,"href":"https:\/\/olemosaic.com\/pt-pt\/wp-json\/wp\/v2\/product_tag?post=33727"}],"curies":[{"name":"wp","href":"https:\/\/api.w.org\/{rel}","templated":true}]}}