{"id":33726,"date":"2025-02-20T23:33:37","date_gmt":"2025-02-20T22:33:37","guid":{"rendered":"http:\/\/olemosaic.com\/producto\/llavero-de-madera-letra-k-madrid\/"},"modified":"2025-07-25T19:30:08","modified_gmt":"2025-07-25T17:30:08","slug":"porta-chaves-de-madeira-letra-k-madrid","status":"publish","type":"product","link":"https:\/\/olemosaic.com\/pt-pt\/produto\/porta-chaves-de-madeira-letra-k-madrid\/","title":{"rendered":"Porta-chaves de madeira. Letra K. Madrid."},"content":{"rendered":"<p>Este porta-chaves de madeira com a forma da letra K \u00e9 um souvenir vibrante e original que captura a ess\u00eancia de Madrid. Decorado com uma ilustra\u00e7\u00e3o colorida da emblem\u00e1tica Puerta del Sol, este porta-chaves destaca-se pelo seu design brilhante, que inclui detalhes significativos como o famoso rel\u00f3gio da pra\u00e7a e a ic\u00f3nica est\u00e1tua do Urso e do Madronheiro. A t\u00e9cnica de mosaico utilizada na decora\u00e7\u00e3o destaca-se pelas suas cores intensas, oferecendo uma representa\u00e7\u00e3o estilizada que atrai o olhar e evoca o dinamismo da capital espanhola.<\/p>\n<p>O porta-chaves, elaborado com madeira de alta qualidade, n\u00e3o s\u00f3 \u00e9 leve e resistente, como tamb\u00e9m \u00e9 perfeito para quem deseja levar consigo um peda\u00e7o de Madrid. A sua forma \u00fanica e os seus detalhes v\u00edvidos tornam-no um acess\u00f3rio atraente e pr\u00e1tico, ideal para recordar momentos especiais nesta cidade cheia de vida. Este porta-chaves \u00e9 um excelente souvenir para turistas que procuram algo distintivo e aut\u00eantico.<\/p>\n<p>Na Ol\u00e9 Mosaic, oferecemos uma vasta gama de produtos de qualidade por grosso, incluindo este porta-chaves de madeira decorativo que real\u00e7a a cultura e a hist\u00f3ria de Madrid. Como distribuidores de souvenirs, garantimos autenticidade e relev\u00e2ncia cultural em cada pe\u00e7a, fazendo deste porta-chaves uma op\u00e7\u00e3o ideal para lojas de presentes tur\u00edsticos que apreciam o legado art\u00edstico da cidade.<\/p>\n","protected":false},"excerpt":{"rendered":"<p>Porta-chaves de madeira com a forma da letra K, decorado com uma vibrante ilustra\u00e7\u00e3o da emblem\u00e1tica Puerta del Sol de Madrid. Este atraente porta-chaves combina uma t\u00e9cnica de design colorista, mostrando elementos como o rel\u00f3gio da pra\u00e7a e a famosa est\u00e1tua do Urso e do Madronheiro. Perfeito como souvenir, destaca-se pelas suas cores vivas e detalhes que capturam a ess\u00eancia da capital espanhola, ideal para quem deseja levar um peda\u00e7o de Madrid consigo.<\/p>\n","protected":false},"featured_media":10843,"template":"","meta":{"_acf_changed":false},"product_brand":[],"product_cat":[611],"product_tag":[612],"class_list":{"0":"post-33726","1":"product","2":"type-product","3":"status-publish","4":"has-post-thumbnail","6":"product_cat-porta-chaves","7":"product_tag-cartas","8":"pa_ciudad-madrid","9":"pa_motivo-letra-k","10":"pa_pais-espana","12":"first","13":"instock","14":"shipping-taxable","15":"product-type-simple"},"acf":[],"_links":{"self":[{"href":"https:\/\/olemosaic.com\/pt-pt\/wp-json\/wp\/v2\/product\/33726","targetHints":{"allow":["GET"]}}],"collection":[{"href":"https:\/\/olemosaic.com\/pt-pt\/wp-json\/wp\/v2\/product"}],"about":[{"href":"https:\/\/olemosaic.com\/pt-pt\/wp-json\/wp\/v2\/types\/product"}],"wp:featuredmedia":[{"embeddable":true,"href":"https:\/\/olemosaic.com\/pt-pt\/wp-json\/wp\/v2\/media\/10843"}],"wp:attachment":[{"href":"https:\/\/olemosaic.com\/pt-pt\/wp-json\/wp\/v2\/media?parent=33726"}],"wp:term":[{"taxonomy":"product_brand","embeddable":true,"href":"https:\/\/olemosaic.com\/pt-pt\/wp-json\/wp\/v2\/product_brand?post=33726"},{"taxonomy":"product_cat","embeddable":true,"href":"https:\/\/olemosaic.com\/pt-pt\/wp-json\/wp\/v2\/product_cat?post=33726"},{"taxonomy":"product_tag","embeddable":true,"href":"https:\/\/olemosaic.com\/pt-pt\/wp-json\/wp\/v2\/product_tag?post=33726"}],"curies":[{"name":"wp","href":"https:\/\/api.w.org\/{rel}","templated":true}]}}