{"id":33722,"date":"2025-02-20T23:33:37","date_gmt":"2025-02-20T22:33:37","guid":{"rendered":"http:\/\/olemosaic.com\/producto\/llavero-de-madera-letra-j-2\/"},"modified":"2025-07-25T18:46:52","modified_gmt":"2025-07-25T16:46:52","slug":"porta-chaves-de-madeira-letra-j-2","status":"publish","type":"product","link":"https:\/\/olemosaic.com\/pt-pt\/produto\/porta-chaves-de-madeira-letra-j-2\/","title":{"rendered":"Porta-chaves de madeira. Letra J. Mosaico."},"content":{"rendered":"<p>Este porta-chaves de madeira com a forma da letra J \u00e9 uma engenhosa representa\u00e7\u00e3o do ic\u00f3nico estilo trencad\u00eds, pr\u00f3prio da obra de Antoni Gaud\u00ed, um dos expoentes m\u00e1ximos do modernismo barcelon\u00eas. Com um design vibrante que exibe uma explos\u00e3o de cores como azul, vermelho, amarelo e verde, este porta-chaves captura a ess\u00eancia art\u00edstica e \u00fanica da arquitetura catal\u00e3. A estrutura de cer\u00e2mica fragmentada, que evoca os mosaicos caracter\u00edsticos das obras de Gaud\u00ed, confere uma textura visual fascinante que atrai o olhar.<\/p>\n<p>Com uma aten\u00e7\u00e3o meticulosa aos detalhes, esta recorda\u00e7\u00e3o n\u00e3o \u00e9 apenas funcional, mas tamb\u00e9m uma pequena homenagem \u00e0 riqueza cultural da cidade. A sua forma de letra J torna-o um presente personaliz\u00e1vel e simb\u00f3lico, ideal para quem deseja levar consigo um peda\u00e7o de Barcelona. Este porta-chaves \u00e9 uma excelente op\u00e7\u00e3o tanto para turistas que procuram souvenirs aut\u00eanticos, como para lojas de presentes tur\u00edsticos que pretendem oferecer produtos com um significado cultural profundo. Na Ol\u00e9 Mosaic, como grossistas de souvenirs, garantimos a qualidade e a autenticidade em cada pe\u00e7a, permitindo aos nossos clientes oferecer recorda\u00e7\u00f5es que realmente representem a heran\u00e7a espanhola.<\/p>\n","protected":false},"excerpt":{"rendered":"<p>Porta-chaves de madeira com a forma da letra J, inspirado no famoso estilo trencad\u00eds de Gaud\u00ed. Este design vibrante apresenta uma combina\u00e7\u00e3o de cores azul, vermelho, amarelo e verde, dispostas numa estrutura de cer\u00e2mica fragmentada que evoca a est\u00e9tica modernista de Barcelona. Perfeito como recorda\u00e7\u00e3o, este porta-chaves adiciona um toque art\u00edstico e cultural \u00e0s suas chaves, sendo uma representa\u00e7\u00e3o ideal do design \u00fanico da arquitetura catal\u00e3.<\/p>\n","protected":false},"featured_media":10929,"template":"","meta":{"_acf_changed":false},"product_brand":[],"product_cat":[611],"product_tag":[612],"class_list":{"0":"post-33722","1":"product","2":"type-product","3":"status-publish","4":"has-post-thumbnail","6":"product_cat-porta-chaves","7":"product_tag-cartas","8":"pa_motivo-letra-j","10":"first","11":"instock","12":"shipping-taxable","13":"product-type-simple"},"acf":[],"_links":{"self":[{"href":"https:\/\/olemosaic.com\/pt-pt\/wp-json\/wp\/v2\/product\/33722","targetHints":{"allow":["GET"]}}],"collection":[{"href":"https:\/\/olemosaic.com\/pt-pt\/wp-json\/wp\/v2\/product"}],"about":[{"href":"https:\/\/olemosaic.com\/pt-pt\/wp-json\/wp\/v2\/types\/product"}],"wp:featuredmedia":[{"embeddable":true,"href":"https:\/\/olemosaic.com\/pt-pt\/wp-json\/wp\/v2\/media\/10929"}],"wp:attachment":[{"href":"https:\/\/olemosaic.com\/pt-pt\/wp-json\/wp\/v2\/media?parent=33722"}],"wp:term":[{"taxonomy":"product_brand","embeddable":true,"href":"https:\/\/olemosaic.com\/pt-pt\/wp-json\/wp\/v2\/product_brand?post=33722"},{"taxonomy":"product_cat","embeddable":true,"href":"https:\/\/olemosaic.com\/pt-pt\/wp-json\/wp\/v2\/product_cat?post=33722"},{"taxonomy":"product_tag","embeddable":true,"href":"https:\/\/olemosaic.com\/pt-pt\/wp-json\/wp\/v2\/product_tag?post=33722"}],"curies":[{"name":"wp","href":"https:\/\/api.w.org\/{rel}","templated":true}]}}