{"id":33693,"date":"2025-02-20T23:33:36","date_gmt":"2025-02-20T22:33:36","guid":{"rendered":"http:\/\/olemosaic.com\/producto\/llavero-de-madera-letra-j-barcelona\/"},"modified":"2025-07-25T19:18:17","modified_gmt":"2025-07-25T17:18:17","slug":"porta-chaves-de-madeira-letra-j-barcelona","status":"publish","type":"product","link":"https:\/\/olemosaic.com\/pt-pt\/produto\/porta-chaves-de-madeira-letra-j-barcelona\/","title":{"rendered":"Porta-chaves de madeira. Letra J. Barcelona."},"content":{"rendered":"<p>Este porta-chaves de madeira com forma da letra J \u00e9 uma aut\u00eantica homenagem \u00e0 vibrante cidade de Barcelona. Com um design colorido e atraente, este porta-chaves \u00e9 perfeito para levar consigo um peda\u00e7o da cultura catal\u00e3. A letra J est\u00e1 adornada com motivos vibrantes inspirados na ic\u00f3nica Sagrada Fam\u00edlia, que se ergue majestosa no horizonte da cidade. Os detalhes s\u00e3o pintados \u00e0 m\u00e3o em tons vivos de vermelho, azul e amarelo, capturando a ess\u00eancia da arte e da arquitetura barcelonesa. Al\u00e9m da Sagrada Fam\u00edlia, apreciam-se outros elementos representativos da cidade, que acrescentam um toque especial a esta recorda\u00e7\u00e3o.<\/p>\n<p>Este porta-chaves n\u00e3o s\u00f3 \u00e9 funcional, como tamb\u00e9m atua como uma recorda\u00e7\u00e3o cultural significativa. O seu design meticuloso e criativo torna-o um presente ideal para quem deseja levar consigo um peda\u00e7o de Barcelona, seja como recorda\u00e7\u00e3o pessoal ou para oferecer a amigos e familiares. Na Ol\u00e9 Mosaic, dedicamo-nos \u00e0 distribui\u00e7\u00e3o de souvenirs por grosso, e este porta-chaves de madeira \u00e9 uma excelente op\u00e7\u00e3o para lojas de presentes tur\u00edsticos que procuram produtos aut\u00eanticos e de qualidade. Como grossistas de souvenirs, garantimos que cada pe\u00e7a, como este encantador porta-chaves, reflita a rica heran\u00e7a cultural de Espanha. Perfeito para quem procura uma recorda\u00e7\u00e3o que combine arte, funcionalidade e autenticidade.<\/p>\n","protected":false},"excerpt":{"rendered":"<p>Porta-chaves de madeira com forma da letra J, inspirado na beleza de Barcelona. Este atraente porta-chaves apresenta um design colorido com representa\u00e7\u00f5es da ic\u00f3nica Sagrada Fam\u00edlia e outros elementos culturais da cidade. Pintado com estilo artesanal com vibrantes detalhes em vermelho, azul e amarelo, \u00e9 uma forma \u00fanica de levar um peda\u00e7o de Barcelona consigo, sendo uma excelente recorda\u00e7\u00e3o ou presente.<\/p>\n","protected":false},"featured_media":10521,"template":"","meta":{"_acf_changed":false},"product_brand":[],"product_cat":[611],"product_tag":[612],"class_list":{"0":"post-33693","1":"product","2":"type-product","3":"status-publish","4":"has-post-thumbnail","6":"product_cat-porta-chaves","7":"product_tag-cartas","8":"pa_ciudad-barcelona","9":"pa_motivo-letra-j","10":"pa_pais-espana","12":"first","13":"instock","14":"shipping-taxable","15":"product-type-simple"},"acf":[],"_links":{"self":[{"href":"https:\/\/olemosaic.com\/pt-pt\/wp-json\/wp\/v2\/product\/33693","targetHints":{"allow":["GET"]}}],"collection":[{"href":"https:\/\/olemosaic.com\/pt-pt\/wp-json\/wp\/v2\/product"}],"about":[{"href":"https:\/\/olemosaic.com\/pt-pt\/wp-json\/wp\/v2\/types\/product"}],"wp:featuredmedia":[{"embeddable":true,"href":"https:\/\/olemosaic.com\/pt-pt\/wp-json\/wp\/v2\/media\/10521"}],"wp:attachment":[{"href":"https:\/\/olemosaic.com\/pt-pt\/wp-json\/wp\/v2\/media?parent=33693"}],"wp:term":[{"taxonomy":"product_brand","embeddable":true,"href":"https:\/\/olemosaic.com\/pt-pt\/wp-json\/wp\/v2\/product_brand?post=33693"},{"taxonomy":"product_cat","embeddable":true,"href":"https:\/\/olemosaic.com\/pt-pt\/wp-json\/wp\/v2\/product_cat?post=33693"},{"taxonomy":"product_tag","embeddable":true,"href":"https:\/\/olemosaic.com\/pt-pt\/wp-json\/wp\/v2\/product_tag?post=33693"}],"curies":[{"name":"wp","href":"https:\/\/api.w.org\/{rel}","templated":true}]}}