{"id":33692,"date":"2025-02-20T23:33:36","date_gmt":"2025-02-20T22:33:36","guid":{"rendered":"http:\/\/olemosaic.com\/producto\/llavero-de-madera-letra-h-madrid\/"},"modified":"2025-07-25T19:29:49","modified_gmt":"2025-07-25T17:29:49","slug":"porta-chaves-de-madeira-letra-h-madrid","status":"publish","type":"product","link":"https:\/\/olemosaic.com\/pt-pt\/produto\/porta-chaves-de-madeira-letra-h-madrid\/","title":{"rendered":"Porta-chaves de madeira. Letra H. Madrid."},"content":{"rendered":"<p>Este porta-chaves de madeira com forma de letra H \u00e9 uma pe\u00e7a vibrante que captura a ess\u00eancia de Madrid, ideal para quem deseja levar consigo um fragmento da capital espanhola. Desenhado com esmero, este porta-chaves apresenta ilustra\u00e7\u00f5es com efeito pintado \u00e0 m\u00e3o que destacam dois dos \u00edcones mais representativos da cidade: o famoso rel\u00f3gio da Puerta del Sol e uma figura tradicional vestida com trajes t\u00edpicos. Com uma paleta de cores chamativas, como azuis intensos, vermelhos vibrantes e detalhes em preto, este souvenir torna-se uma recorda\u00e7\u00e3o visualmente atraente e culturalmente significativa.<\/p>\n<p>O porta-chaves, al\u00e9m de ser funcional, \u00e9 uma declara\u00e7\u00e3o de amor por Madrid, perfeito para colecionadores e amantes da cultura espanhola. A sua forma distintiva e a aten\u00e7\u00e3o ao detalhe fazem-no destacar-se entre outros souvenirs. A Puerta del Sol \u00e9 conhecida como o cora\u00e7\u00e3o de Madrid, e levar este porta-chaves \u00e9 uma forma de recordar o calor e o dinamismo da cidade.<\/p>\n<p>Na Ol\u00e9 Mosaic, somos especialistas na distribui\u00e7\u00e3o de souvenirs por grosso, oferecendo artigos \u00fanicos que refletem a autenticidade e o patrim\u00f3nio cultural de Espanha. Este porta-chaves de Madrid oferece n\u00e3o s\u00f3 um design atraente, mas tamb\u00e9m uma liga\u00e7\u00e3o emocional com a hist\u00f3ria da cidade, tornando-o uma excelente op\u00e7\u00e3o para lojas de presentes tur\u00edsticos que procuram produtos aut\u00eanticos e representativos.<\/p>\n","protected":false},"excerpt":{"rendered":"<p>Porta-chaves de madeira com forma da letra H, decorado com s\u00edmbolos ic\u00f3nicos de Madrid. Este colorido porta-chaves apresenta uma ilustra\u00e7\u00e3o de design artesanal, pintada \u00e0 m\u00e3o, do famoso rel\u00f3gio da Puerta del Sol, juntamente com uma figura tradicional vestida com trajes t\u00edpicos. Com cores vibrantes como o azul e o vermelho, e detalhes em preto, \u00e9 a recorda\u00e7\u00e3o perfeita para quem deseja levar um peda\u00e7o da capital espanhola consigo. Ideal para colecionadores e amantes da cultura madrilena.<\/p>\n","protected":false},"featured_media":10840,"template":"","meta":{"_acf_changed":false},"product_brand":[],"product_cat":[611],"product_tag":[612],"class_list":{"0":"post-33692","1":"product","2":"type-product","3":"status-publish","4":"has-post-thumbnail","6":"product_cat-porta-chaves","7":"product_tag-cartas","8":"pa_ciudad-madrid","9":"pa_motivo-letra-h","10":"pa_pais-espana","12":"first","13":"instock","14":"shipping-taxable","15":"product-type-simple"},"acf":[],"_links":{"self":[{"href":"https:\/\/olemosaic.com\/pt-pt\/wp-json\/wp\/v2\/product\/33692","targetHints":{"allow":["GET"]}}],"collection":[{"href":"https:\/\/olemosaic.com\/pt-pt\/wp-json\/wp\/v2\/product"}],"about":[{"href":"https:\/\/olemosaic.com\/pt-pt\/wp-json\/wp\/v2\/types\/product"}],"wp:featuredmedia":[{"embeddable":true,"href":"https:\/\/olemosaic.com\/pt-pt\/wp-json\/wp\/v2\/media\/10840"}],"wp:attachment":[{"href":"https:\/\/olemosaic.com\/pt-pt\/wp-json\/wp\/v2\/media?parent=33692"}],"wp:term":[{"taxonomy":"product_brand","embeddable":true,"href":"https:\/\/olemosaic.com\/pt-pt\/wp-json\/wp\/v2\/product_brand?post=33692"},{"taxonomy":"product_cat","embeddable":true,"href":"https:\/\/olemosaic.com\/pt-pt\/wp-json\/wp\/v2\/product_cat?post=33692"},{"taxonomy":"product_tag","embeddable":true,"href":"https:\/\/olemosaic.com\/pt-pt\/wp-json\/wp\/v2\/product_tag?post=33692"}],"curies":[{"name":"wp","href":"https:\/\/api.w.org\/{rel}","templated":true}]}}