{"id":33691,"date":"2025-02-20T23:33:36","date_gmt":"2025-02-20T22:33:36","guid":{"rendered":"http:\/\/olemosaic.com\/producto\/llavero-de-madera-letra-h-2\/"},"modified":"2025-07-25T19:38:14","modified_gmt":"2025-07-25T17:38:14","slug":"porta-chaves-de-madeira-letra-h-ceramica-espanhola","status":"publish","type":"product","link":"https:\/\/olemosaic.com\/pt-pt\/produto\/porta-chaves-de-madeira-letra-h-ceramica-espanhola\/","title":{"rendered":"Porta-chaves de madeira. Letra H. Cer\u00e2mica espanhola."},"content":{"rendered":"<p>Este porta-chaves de madeira com a letra H \u00e9 uma recorda\u00e7\u00e3o vibrante e aut\u00eantica que captura a ess\u00eancia da rica cultura espanhola. Com um design elaborado que combina mosaicos tradicionais coloridos, cada detalhe \u00e9 meticulosamente pintado \u00e0 m\u00e3o, destacando motivos florais e geom\u00e9tricos que evocam a famosa cer\u00e2mica da regi\u00e3o. A sua estrutura leve, mas resistente, garante que este porta-chaves n\u00e3o seja apenas esteticamente atrativo, mas tamb\u00e9m funcional, segurando as suas chaves com um pr\u00e1tico anel met\u00e1lico. Este porta-chaves \u00e9 mais do que um simples acess\u00f3rio; \u00e9 um s\u00edmbolo da heran\u00e7a art\u00edstica espanhola, ideal para quem procura recorda\u00e7\u00f5es aut\u00eanticas da sua passagem por Espanha.<\/p>\n<p>A letra H, desenhada com cores vivas e padr\u00f5es \u00fanicos, reflete a diversidade do patrim\u00f3nio cultural espanhol, tornando este porta-chaves um excelente presente para turistas que desejam levar um peda\u00e7o desta hist\u00f3ria para casa. Na Ol\u00e9 Mosaic, dedicamo-nos \u00e0 distribui\u00e7\u00e3o de recorda\u00e7\u00f5es por grosso, e este porta-chaves \u00e9 uma op\u00e7\u00e3o perfeita para lojas de presentes tur\u00edsticos que procuram oferecer aos seus clientes um artigo significativo e decorativo. Como grossistas de recorda\u00e7\u00f5es, asseguramos a qualidade e autenticidade de cada produto, proporcionando recorda\u00e7\u00f5es inesquec\u00edveis de Espanha.<\/p>\n","protected":false},"excerpt":{"rendered":"<p>Porta-chaves de madeira com a forma da letra H, adornado com mosaicos tradicionais coloridos. Este atraente porta-chaves apresenta um design vibrante com motivos florais e geom\u00e9tricos que evocam a rica heran\u00e7a cultural da cer\u00e2mica espanhola. A sua estrutura leve e resistente, juntamente com um anel met\u00e1lico para segurar as suas chaves, torna-o uma recorda\u00e7\u00e3o funcional e est\u00e9tica, ideal para recordar a ess\u00eancia de Espanha.<\/p>\n","protected":false},"featured_media":9598,"template":"","meta":{"_acf_changed":false},"product_brand":[],"product_cat":[611],"product_tag":[612],"class_list":{"0":"post-33691","1":"product","2":"type-product","3":"status-publish","4":"has-post-thumbnail","6":"product_cat-porta-chaves","7":"product_tag-cartas","8":"pa_motivo-letra-h","10":"first","11":"instock","12":"shipping-taxable","13":"product-type-simple"},"acf":[],"_links":{"self":[{"href":"https:\/\/olemosaic.com\/pt-pt\/wp-json\/wp\/v2\/product\/33691","targetHints":{"allow":["GET"]}}],"collection":[{"href":"https:\/\/olemosaic.com\/pt-pt\/wp-json\/wp\/v2\/product"}],"about":[{"href":"https:\/\/olemosaic.com\/pt-pt\/wp-json\/wp\/v2\/types\/product"}],"wp:featuredmedia":[{"embeddable":true,"href":"https:\/\/olemosaic.com\/pt-pt\/wp-json\/wp\/v2\/media\/9598"}],"wp:attachment":[{"href":"https:\/\/olemosaic.com\/pt-pt\/wp-json\/wp\/v2\/media?parent=33691"}],"wp:term":[{"taxonomy":"product_brand","embeddable":true,"href":"https:\/\/olemosaic.com\/pt-pt\/wp-json\/wp\/v2\/product_brand?post=33691"},{"taxonomy":"product_cat","embeddable":true,"href":"https:\/\/olemosaic.com\/pt-pt\/wp-json\/wp\/v2\/product_cat?post=33691"},{"taxonomy":"product_tag","embeddable":true,"href":"https:\/\/olemosaic.com\/pt-pt\/wp-json\/wp\/v2\/product_tag?post=33691"}],"curies":[{"name":"wp","href":"https:\/\/api.w.org\/{rel}","templated":true}]}}