{"id":33690,"date":"2025-02-20T23:33:36","date_gmt":"2025-02-20T22:33:36","guid":{"rendered":"http:\/\/olemosaic.com\/producto\/llavero-de-madera-letra-h-barcelona-2\/"},"modified":"2025-07-25T19:53:13","modified_gmt":"2025-07-25T17:53:13","slug":"porta-chaves-de-madeira-letra-h-gaudi-barcelona","status":"publish","type":"product","link":"https:\/\/olemosaic.com\/pt-pt\/produto\/porta-chaves-de-madeira-letra-h-gaudi-barcelona\/","title":{"rendered":"Porta-chaves de madeira. Letra H. Gaud\u00ed. Barcelona."},"content":{"rendered":"<p>Este porta-chaves de madeira com a forma de letra H \u00e9 uma recorda\u00e7\u00e3o encantadora que evoca a vibrante ess\u00eancia de Barcelona. Com o seu design colorido, est\u00e1 decorado com uma representa\u00e7\u00e3o art\u00edstica da arquitetura da cidade, real\u00e7ando os ic\u00f3nicos edif\u00edcios de Antoni Gaud\u00ed, como a famosa Sagrada Fam\u00edlia e as sinuosidades do Park G\u00fcell. Os detalhes em tons vibrantes de vermelho, verde e amarelo capturam a ess\u00eancia do famoso mosaico de Gaud\u00ed, criando um jogo de cores que deleita a vista e revive a criatividade arquitet\u00f3nica da Catalunha.<\/p>\n<p>A forma \u00fanica da letra H n\u00e3o \u00e9 apenas uma escolha original, mas tamb\u00e9m representa uma liga\u00e7\u00e3o pessoal para quem procura uma recorda\u00e7\u00e3o memor\u00e1vel. Este porta-chaves inclui uma argola met\u00e1lica robusta, ideal para levar as chaves com um toque art\u00edstico, adicionando um elemento pr\u00e1tico e distintivo ao dia a dia. Al\u00e9m disso, a sua autenticidade torna-o um excelente presente para quem deseja levar consigo um peda\u00e7o da cultura catal\u00e3.<\/p>\n<p>Na Ol\u00e9 Mosaic, especializamo-nos na distribui\u00e7\u00e3o de recorda\u00e7\u00f5es por grosso, e este porta-chaves n\u00e3o \u00e9 apenas uma excelente op\u00e7\u00e3o para turistas, mas tamb\u00e9m se destaca como um produto representativo de Barcelona que enriquecer\u00e1 o cat\u00e1logo de qualquer loja de presentes tur\u00edsticos. Se procura um porta-chaves que combine artesanato, cultura e funcionalidade, este porta-chaves de madeira \u00e9 uma escolha perfeita.<\/p>\n","protected":false},"excerpt":{"rendered":"<p>Porta-chaves de madeira com a forma da letra H, decorado com uma representa\u00e7\u00e3o colorida da arquitetura de Barcelona. O design destaca os emblem\u00e1ticos edif\u00edcios de Antoni Gaud\u00ed, com detalhes em tons vibrantes de vermelho, verde e amarelo, que evocam o famoso mosaico do Park G\u00fcell. O porta-chaves inclui uma anilha met\u00e1lica resistente, ideal para levar as chaves com um toque art\u00edstico que recorda a ess\u00eancia da cidade.<\/p>\n","protected":false},"featured_media":10493,"template":"","meta":{"_acf_changed":false},"product_brand":[],"product_cat":[611],"product_tag":[612],"class_list":{"0":"post-33690","1":"product","2":"type-product","3":"status-publish","4":"has-post-thumbnail","6":"product_cat-porta-chaves","7":"product_tag-cartas","8":"pa_ciudad-barcelona","9":"pa_motivo-letra-h","10":"pa_pais-espana","12":"first","13":"instock","14":"shipping-taxable","15":"product-type-simple"},"acf":[],"_links":{"self":[{"href":"https:\/\/olemosaic.com\/pt-pt\/wp-json\/wp\/v2\/product\/33690","targetHints":{"allow":["GET"]}}],"collection":[{"href":"https:\/\/olemosaic.com\/pt-pt\/wp-json\/wp\/v2\/product"}],"about":[{"href":"https:\/\/olemosaic.com\/pt-pt\/wp-json\/wp\/v2\/types\/product"}],"wp:featuredmedia":[{"embeddable":true,"href":"https:\/\/olemosaic.com\/pt-pt\/wp-json\/wp\/v2\/media\/10493"}],"wp:attachment":[{"href":"https:\/\/olemosaic.com\/pt-pt\/wp-json\/wp\/v2\/media?parent=33690"}],"wp:term":[{"taxonomy":"product_brand","embeddable":true,"href":"https:\/\/olemosaic.com\/pt-pt\/wp-json\/wp\/v2\/product_brand?post=33690"},{"taxonomy":"product_cat","embeddable":true,"href":"https:\/\/olemosaic.com\/pt-pt\/wp-json\/wp\/v2\/product_cat?post=33690"},{"taxonomy":"product_tag","embeddable":true,"href":"https:\/\/olemosaic.com\/pt-pt\/wp-json\/wp\/v2\/product_tag?post=33690"}],"curies":[{"name":"wp","href":"https:\/\/api.w.org\/{rel}","templated":true}]}}