{"id":33689,"date":"2025-02-20T22:33:36","date_gmt":"2025-02-20T22:33:36","guid":{"rendered":"http:\/\/olemosaic.com\/producto\/llavero-de-madera-letra-h-barcelona\/"},"modified":"2025-07-25T19:18:48","modified_gmt":"2025-07-25T17:18:48","slug":"porta-chaves-de-madeira-letra-h-barcelona","status":"publish","type":"product","link":"https:\/\/olemosaic.com\/pt-pt\/produto\/porta-chaves-de-madeira-letra-h-barcelona\/","title":{"rendered":"Porta-chaves de madeira. Letra H. Barcelona."},"content":{"rendered":"<p>Este porta-chaves de madeira com a forma da letra H \u00e9 uma recorda\u00e7\u00e3o encantadora que captura a ess\u00eancia da vibrante cidade de Barcelona, um destino tur\u00edstico ic\u00f3nico em Espanha. Com um design colorido e art\u00edstico, o porta-chaves apresenta ilustra\u00e7\u00f5es detalhadas da Sagrada Fam\u00edlia e da Casa Batll\u00f3, refletindo a mestria do arquiteto Antoni Gaud\u00ed, cujos edif\u00edcios s\u00e3o emblemas do modernismo catal\u00e3o. A t\u00e9cnica de pintura inclui mosaicos em tons brilhantes, que n\u00e3o s\u00f3 real\u00e7am a beleza arquitet\u00f3nica da cidade, mas tamb\u00e9m evocam a rica paleta de cores que caracteriza Barcelona.<\/p>\n<p>O fundo do porta-chaves complementa as ilustra\u00e7\u00f5es com uma disposi\u00e7\u00e3o arquitet\u00f3nica estilizada que recorda as ruas labir\u00ednticas da cidade. Este artigo n\u00e3o \u00e9 apenas pr\u00e1tico, mas tamb\u00e9m se torna uma excelente recorda\u00e7\u00e3o da cultura e da criatividade de Barcelona. Fabricado com materiais de qualidade, o seu design artesanal confere um toque \u00fanico, tornando-o um presente atrativo e aut\u00eantico para quem deseja levar um peda\u00e7o da cidade consigo.<\/p>\n<p>Na Ol\u00e9 Mosaic, especializamo-nos em recorda\u00e7\u00f5es de Barcelona, oferecendo porta-chaves por grosso que s\u00e3o perfeitos para lojas de presentes tur\u00edsticos que procuram produtos representativos da cultura local. Este porta-chaves de madeira com a forma da letra H \u00e9 uma excelente op\u00e7\u00e3o para quem procura recorda\u00e7\u00f5es \u00fanicas que celebrem a hist\u00f3ria e a arte desta maravilhosa cidade.<\/p>\n","protected":false},"excerpt":{"rendered":"<p>Porta-chaves de madeira com a forma da letra H, inspirado na vibrante cidade de Barcelona. Este artigo apresenta um design colorido que destaca a Sagrada Fam\u00edlia e a Casa Batll\u00f3, com detalhes de mosaicos em tons brilhantes e um fundo que evoca a arquitetura modernista da cidade. Perfeito para levar uma recorda\u00e7\u00e3o de Barcelona, a sua t\u00e9cnica de pintura confere-lhe um toque artesanal, tornando-o uma recorda\u00e7\u00e3o \u00fanica e atrativa.<\/p>\n","protected":false},"featured_media":10519,"template":"","meta":{"_acf_changed":false},"product_brand":[],"product_cat":[611],"product_tag":[612],"class_list":{"0":"post-33689","1":"product","2":"type-product","3":"status-publish","4":"has-post-thumbnail","6":"product_cat-porta-chaves","7":"product_tag-cartas","8":"pa_ciudad-barcelona","9":"pa_motivo-letra-h","10":"pa_pais-espana","12":"first","13":"instock","14":"shipping-taxable","15":"product-type-simple"},"acf":[],"_links":{"self":[{"href":"https:\/\/olemosaic.com\/pt-pt\/wp-json\/wp\/v2\/product\/33689","targetHints":{"allow":["GET"]}}],"collection":[{"href":"https:\/\/olemosaic.com\/pt-pt\/wp-json\/wp\/v2\/product"}],"about":[{"href":"https:\/\/olemosaic.com\/pt-pt\/wp-json\/wp\/v2\/types\/product"}],"wp:featuredmedia":[{"embeddable":true,"href":"https:\/\/olemosaic.com\/pt-pt\/wp-json\/wp\/v2\/media\/10519"}],"wp:attachment":[{"href":"https:\/\/olemosaic.com\/pt-pt\/wp-json\/wp\/v2\/media?parent=33689"}],"wp:term":[{"taxonomy":"product_brand","embeddable":true,"href":"https:\/\/olemosaic.com\/pt-pt\/wp-json\/wp\/v2\/product_brand?post=33689"},{"taxonomy":"product_cat","embeddable":true,"href":"https:\/\/olemosaic.com\/pt-pt\/wp-json\/wp\/v2\/product_cat?post=33689"},{"taxonomy":"product_tag","embeddable":true,"href":"https:\/\/olemosaic.com\/pt-pt\/wp-json\/wp\/v2\/product_tag?post=33689"}],"curies":[{"name":"wp","href":"https:\/\/api.w.org\/{rel}","templated":true}]}}