{"id":33688,"date":"2025-02-20T23:33:35","date_gmt":"2025-02-20T22:33:35","guid":{"rendered":"http:\/\/olemosaic.com\/producto\/llavero-de-madera-letra-g-2\/"},"modified":"2025-07-25T20:02:06","modified_gmt":"2025-07-25T18:02:06","slug":"porta-chaves-de-madeira-letra-g-gaudi-barcelona","status":"publish","type":"product","link":"https:\/\/olemosaic.com\/pt-pt\/produto\/porta-chaves-de-madeira-letra-g-gaudi-barcelona\/","title":{"rendered":"Porta-chaves de madeira. Letra G. Gaud\u00ed. Barcelona."},"content":{"rendered":"<p>Este porta-chaves de madeira com a forma da letra G \u00e9 uma recorda\u00e7\u00e3o encantadora que reflete a ess\u00eancia do modernismo catal\u00e3o, inspirado no estilo ic\u00f3nico de Antoni Gaud\u00ed. O seu design vibrante apresenta um requintado trencad\u00eds, caracter\u00edstico das obras do arquiteto, combinando cores intensas como o vermelho, o azul, o amarelo e o preto. Cada tonalidade entrela\u00e7a-se numa forma contempor\u00e2nea que confere ao porta-chaves um ar art\u00edstico, tornando-o n\u00e3o apenas um objeto funcional, mas uma aut\u00eantica pe\u00e7a de arte port\u00e1til.<\/p>\n<p>O detalhe do trencad\u00eds, que evoca a t\u00e9cnica de mosaico que Gaud\u00ed popularizou nas suas obras, real\u00e7a a imagina\u00e7\u00e3o e a criatividade que definem a cultura de Barcelona. A letra G, al\u00e9m de ser um s\u00edmbolo pessoal para muitos, pode ser uma recorda\u00e7\u00e3o significativa da fascinante hist\u00f3ria e do patrim\u00f3nio art\u00edstico da cidade, fazendo com que esta recorda\u00e7\u00e3o seja algo mais do que um simples porta-chaves, um v\u00ednculo emocional com a capital catal\u00e3.<\/p>\n<p>Este porta-chaves \u00e9 uma op\u00e7\u00e3o ideal para lojas de presentes tur\u00edsticos que procuram oferecer produtos aut\u00eanticos e representativos de Espanha. Na Ol\u00e9 Mosaic, como grossista de recorda\u00e7\u00f5es, garantimos a qualidade e singularidade de cada artigo, assegurando que cada pe\u00e7a, incluindo este porta-chaves de madeira, seja a recorda\u00e7\u00e3o perfeita para aqueles que desejam levar um pedacinho de Barcelona para casa.<\/p>\n","protected":false},"excerpt":{"rendered":"<p>Porta-chaves de madeira com a letra G, decorado com um design vibrante de trencad\u00eds que evoca o estilo do famoso arquiteto Antoni Gaud\u00ed. Esta pe\u00e7a \u00fanica apresenta uma combina\u00e7\u00e3o de cores vivas, como vermelho, azul, amarelo e preto, com uma forma elegante e contempor\u00e2nea. Ideal para os amantes da cultura espanhola e da arte modernista, este porta-chaves n\u00e3o \u00e9 apenas funcional, mas tamb\u00e9m uma recorda\u00e7\u00e3o encantadora da criatividade barcelonesa.<\/p>\n","protected":false},"featured_media":10926,"template":"","meta":{"_acf_changed":false},"product_brand":[],"product_cat":[611],"product_tag":[612],"class_list":{"0":"post-33688","1":"product","2":"type-product","3":"status-publish","4":"has-post-thumbnail","6":"product_cat-porta-chaves","7":"product_tag-cartas","8":"pa_motivo-letra-g","10":"first","11":"instock","12":"shipping-taxable","13":"product-type-simple"},"acf":[],"_links":{"self":[{"href":"https:\/\/olemosaic.com\/pt-pt\/wp-json\/wp\/v2\/product\/33688","targetHints":{"allow":["GET"]}}],"collection":[{"href":"https:\/\/olemosaic.com\/pt-pt\/wp-json\/wp\/v2\/product"}],"about":[{"href":"https:\/\/olemosaic.com\/pt-pt\/wp-json\/wp\/v2\/types\/product"}],"wp:featuredmedia":[{"embeddable":true,"href":"https:\/\/olemosaic.com\/pt-pt\/wp-json\/wp\/v2\/media\/10926"}],"wp:attachment":[{"href":"https:\/\/olemosaic.com\/pt-pt\/wp-json\/wp\/v2\/media?parent=33688"}],"wp:term":[{"taxonomy":"product_brand","embeddable":true,"href":"https:\/\/olemosaic.com\/pt-pt\/wp-json\/wp\/v2\/product_brand?post=33688"},{"taxonomy":"product_cat","embeddable":true,"href":"https:\/\/olemosaic.com\/pt-pt\/wp-json\/wp\/v2\/product_cat?post=33688"},{"taxonomy":"product_tag","embeddable":true,"href":"https:\/\/olemosaic.com\/pt-pt\/wp-json\/wp\/v2\/product_tag?post=33688"}],"curies":[{"name":"wp","href":"https:\/\/api.w.org\/{rel}","templated":true}]}}