{"id":33687,"date":"2025-02-20T23:33:35","date_gmt":"2025-02-20T22:33:35","guid":{"rendered":"http:\/\/olemosaic.com\/producto\/llavero-de-madera-letra-g-madrid\/"},"modified":"2025-07-25T19:46:02","modified_gmt":"2025-07-25T17:46:02","slug":"porta-chaves-de-madeira-letra-g-madrid","status":"publish","type":"product","link":"https:\/\/olemosaic.com\/pt-pt\/produto\/porta-chaves-de-madeira-letra-g-madrid\/","title":{"rendered":"Porta-chaves de madeira. Letra G. Madrid."},"content":{"rendered":"<p>Este porta-chaves de madeira com a forma da letra G \u00e9 uma recorda\u00e7\u00e3o encantadora inspirada na vibrante cidade de Madrid, concebido para capturar a ess\u00eancia cultural da capital espanhola. Este design original apresenta um mosaico colorido que inclui elementos ic\u00f3nicos da cidade, como o emblem\u00e1tico c\u00e3o do filme &#8220;Ladr\u00e3o de Bicicletas&#8221; e o famoso edif\u00edcio do rel\u00f3gio da Puerta del Sol, um s\u00edmbolo hist\u00f3rico que marca o cora\u00e7\u00e3o de Madrid. Pintado \u00e0 m\u00e3o, o porta-chaves combina tonalidades vivas como o azul e o amarelo, criando um contraste cativante que atrai o olhar.<\/p>\n<p>A aten\u00e7\u00e3o cuidadosa aos detalhes nos desenhos e nas cores n\u00e3o s\u00f3 real\u00e7a a criatividade dos artes\u00e3os, mas tamb\u00e9m simboliza a rica hist\u00f3ria e a diversidade cultural de Madrid, tornando este porta-chaves uma recorda\u00e7\u00e3o significativa para todos os que visitaram a cidade. Este porta-chaves com forma de letra \u00e9 mais do que um simples acess\u00f3rio; \u00e9 uma homenagem \u00e0 vida e ao esp\u00edrito madrileno.<\/p>\n<p>Na Ol\u00e9 Mosaic, especializamo-nos na distribui\u00e7\u00e3o de recorda\u00e7\u00f5es por grosso, e este porta-chaves representa uma op\u00e7\u00e3o ideal para lojas de presentes tur\u00edsticos que procuram oferecer produtos aut\u00eanticos e representativos. \u00c9 uma recorda\u00e7\u00e3o perfeita de Madrid, ideal para turistas que desejem levar um peda\u00e7o da cidade em forma de arte e cultura, recordando sempre a sua visita a esta magn\u00edfica capital. Como grossistas de recorda\u00e7\u00f5es, garantimos a qualidade e originalidade em cada pe\u00e7a que oferecemos.<\/p>\n","protected":false},"excerpt":{"rendered":"<p>Porta-chaves de madeira com forma de letra G, inspirado em Madrid. Este design original apresenta um mosaico vibrante que inclui elementos ic\u00f3nicos como o famoso c\u00e3o do filme &#8220;Ladr\u00e3o de Bicicletas&#8221; e detalhes do emblem\u00e1tico edif\u00edcio do rel\u00f3gio da Puerta del Sol. Pintado com estilo artesanal, o porta-chaves combina cores vivas como o azul e o amarelo, capturando a ess\u00eancia cultural da capital espanhola. Uma recorda\u00e7\u00e3o perfeita para recordar a sua visita a Madrid.<\/p>\n","protected":false},"featured_media":10839,"template":"","meta":{"_acf_changed":false},"product_brand":[],"product_cat":[611],"product_tag":[612],"class_list":{"0":"post-33687","1":"product","2":"type-product","3":"status-publish","4":"has-post-thumbnail","6":"product_cat-porta-chaves","7":"product_tag-cartas","8":"pa_ciudad-madrid","9":"pa_motivo-letra-g","10":"pa_pais-espana","12":"first","13":"instock","14":"shipping-taxable","15":"product-type-simple"},"acf":[],"_links":{"self":[{"href":"https:\/\/olemosaic.com\/pt-pt\/wp-json\/wp\/v2\/product\/33687","targetHints":{"allow":["GET"]}}],"collection":[{"href":"https:\/\/olemosaic.com\/pt-pt\/wp-json\/wp\/v2\/product"}],"about":[{"href":"https:\/\/olemosaic.com\/pt-pt\/wp-json\/wp\/v2\/types\/product"}],"wp:featuredmedia":[{"embeddable":true,"href":"https:\/\/olemosaic.com\/pt-pt\/wp-json\/wp\/v2\/media\/10839"}],"wp:attachment":[{"href":"https:\/\/olemosaic.com\/pt-pt\/wp-json\/wp\/v2\/media?parent=33687"}],"wp:term":[{"taxonomy":"product_brand","embeddable":true,"href":"https:\/\/olemosaic.com\/pt-pt\/wp-json\/wp\/v2\/product_brand?post=33687"},{"taxonomy":"product_cat","embeddable":true,"href":"https:\/\/olemosaic.com\/pt-pt\/wp-json\/wp\/v2\/product_cat?post=33687"},{"taxonomy":"product_tag","embeddable":true,"href":"https:\/\/olemosaic.com\/pt-pt\/wp-json\/wp\/v2\/product_tag?post=33687"}],"curies":[{"name":"wp","href":"https:\/\/api.w.org\/{rel}","templated":true}]}}