{"id":33666,"date":"2025-02-20T23:33:35","date_gmt":"2025-02-20T22:33:35","guid":{"rendered":"http:\/\/olemosaic.com\/producto\/llavero-de-madera-letra-g-barcelona-2\/"},"modified":"2025-07-25T18:46:36","modified_gmt":"2025-07-25T16:46:36","slug":"porta-chaves-de-madeira-letra-g-barcelona-2","status":"publish","type":"product","link":"https:\/\/olemosaic.com\/pt-pt\/produto\/porta-chaves-de-madeira-letra-g-barcelona-2\/","title":{"rendered":"Porta-chaves de madeira. Letra G. Sagrada Fam\u00edlia. Barcelona."},"content":{"rendered":"<p>Este porta-chaves de madeira com a forma da letra G \u00e9 uma encantadora recorda\u00e7\u00e3o inspirada na vibrante cidade de Barcelona, que capta a ess\u00eancia da sua ic\u00f3nica arquitetura. Com um design atraente e divertido, o porta-chaves apresenta imagens coloridas da famosa Sagrada Fam\u00edlia, juntamente com outros elementos representativos do legado arquitet\u00f3nico de Antoni Gaud\u00ed, fazendo de cada pe\u00e7a uma celebra\u00e7\u00e3o do esp\u00edrito criativo da cidade. Decorado com uma paleta de cores vivas, o porta-chaves possui detalhes art\u00edsticos que evocam a alegria e a diversidade de Barcelona, permitindo que cada olhar para esta recorda\u00e7\u00e3o desperte mem\u00f3rias de visitas inesquec\u00edveis. A letra G n\u00e3o s\u00f3 se destaca pela sua forma, mas tamb\u00e9m pela narrativa que conta: \u00e9 um s\u00edmbolo das viv\u00eancias numa cidade cheia de vida e cultura. Este porta-chaves \u00e9 uma excelente op\u00e7\u00e3o tanto para recordar a sua passagem pela cidade como para oferecer a amigos e familiares. Na Ol\u00e9 Mosaic, especializamo-nos na distribui\u00e7\u00e3o de recorda\u00e7\u00f5es por grosso, e este porta-chaves de Barcelona \u00e9 uma aut\u00eantica representa\u00e7\u00e3o da heran\u00e7a cultural catal\u00e3, perfeita para lojas de presentes tur\u00edsticos. Ideal para quem procura recorda\u00e7\u00f5es de qualidade que encapsulem a ess\u00eancia das suas viagens.<\/p>\n","protected":false},"excerpt":{"rendered":"<p>Porta-chaves de madeira com a forma da letra G, inspirado na vibrante cidade de Barcelona. Este colorido porta-chaves apresenta imagens ic\u00f3nicas da Sagrada Fam\u00edlia e outros elementos representativos da arquitetura de Gaud\u00ed, com um design atraente e divertido. Decorado com uma paleta de cores vivas, combina detalhes art\u00edsticos que evocam o esp\u00edrito da cidade. Perfeito para recordar a sua visita ou como um presente original.<\/p>\n","protected":false},"featured_media":10518,"template":"","meta":{"_acf_changed":false},"product_brand":[],"product_cat":[611],"product_tag":[612],"class_list":{"0":"post-33666","1":"product","2":"type-product","3":"status-publish","4":"has-post-thumbnail","6":"product_cat-porta-chaves","7":"product_tag-cartas","8":"pa_ciudad-barcelona","9":"pa_motivo-letra-g","10":"pa_pais-espana","12":"first","13":"instock","14":"shipping-taxable","15":"product-type-simple"},"acf":[],"_links":{"self":[{"href":"https:\/\/olemosaic.com\/pt-pt\/wp-json\/wp\/v2\/product\/33666","targetHints":{"allow":["GET"]}}],"collection":[{"href":"https:\/\/olemosaic.com\/pt-pt\/wp-json\/wp\/v2\/product"}],"about":[{"href":"https:\/\/olemosaic.com\/pt-pt\/wp-json\/wp\/v2\/types\/product"}],"wp:featuredmedia":[{"embeddable":true,"href":"https:\/\/olemosaic.com\/pt-pt\/wp-json\/wp\/v2\/media\/10518"}],"wp:attachment":[{"href":"https:\/\/olemosaic.com\/pt-pt\/wp-json\/wp\/v2\/media?parent=33666"}],"wp:term":[{"taxonomy":"product_brand","embeddable":true,"href":"https:\/\/olemosaic.com\/pt-pt\/wp-json\/wp\/v2\/product_brand?post=33666"},{"taxonomy":"product_cat","embeddable":true,"href":"https:\/\/olemosaic.com\/pt-pt\/wp-json\/wp\/v2\/product_cat?post=33666"},{"taxonomy":"product_tag","embeddable":true,"href":"https:\/\/olemosaic.com\/pt-pt\/wp-json\/wp\/v2\/product_tag?post=33666"}],"curies":[{"name":"wp","href":"https:\/\/api.w.org\/{rel}","templated":true}]}}