{"id":33665,"date":"2025-02-20T22:33:35","date_gmt":"2025-02-20T22:33:35","guid":{"rendered":"http:\/\/olemosaic.com\/producto\/llavero-de-madera-letra-g-mosaico\/"},"modified":"2025-07-25T20:22:19","modified_gmt":"2025-07-25T18:22:19","slug":"porta-chaves-de-madeira-letra-g-mosaico","status":"publish","type":"product","link":"https:\/\/olemosaic.com\/pt-pt\/produto\/porta-chaves-de-madeira-letra-g-mosaico\/","title":{"rendered":"Porta-chaves de madeira. Letra G. Mosaico."},"content":{"rendered":"<p>Este porta-chaves de madeira com a forma da letra G \u00e9 uma recorda\u00e7\u00e3o distintiva e vibrante que capta a ess\u00eancia da arte do mosaico espanhol. Decorado com um design cativante, apresenta uma animada paleta de cores brilhantes dispostas num padr\u00e3o de formas geom\u00e9tricas irregulares que evocam a rica tradi\u00e7\u00e3o cer\u00e2mica de regi\u00f5es como a Andaluzia e a obra de Gaud\u00ed em Barcelona. A letra G, um s\u00edmbolo personaliz\u00e1vel, torna-o uma pe\u00e7a \u00fanica e especial, perfeita para quem deseja levar consigo uma recorda\u00e7\u00e3o significativa da sua viagem a Espanha.<\/p>\n<p>O acabamento polido do porta-chaves real\u00e7a ainda mais as cores intensas do mosaico, enquanto a madeira de qualidade garante um acess\u00f3rio duradouro e resistente ao uso di\u00e1rio. Este porta-chaves n\u00e3o s\u00f3 \u00e9 pr\u00e1tico para manter as chaves organizadas, como tamb\u00e9m acrescenta um toque de personalidade a mochilas e malas, tornando-se um excelente elemento decorativo. Esta recorda\u00e7\u00e3o espanhola \u00e9 uma op\u00e7\u00e3o ideal para turistas que procuram uma recorda\u00e7\u00e3o aut\u00eantica e desejam representar a rica cultura espanhola na sua vida quotidiana.<\/p>\n<p>Na Ol\u00e9 Mosaic, especializamo-nos na distribui\u00e7\u00e3o de recorda\u00e7\u00f5es por grosso, oferecendo produtos que refletem a tradi\u00e7\u00e3o e o artesanato de Espanha. Este porta-chaves \u00e9 uma op\u00e7\u00e3o perfeita para lojas de presentes tur\u00edsticos que procuram oferecer algo \u00fanico e cativante aos seus clientes, tornando-se um excelente artigo para qualquer cole\u00e7\u00e3o de recorda\u00e7\u00f5es.<\/p>\n","protected":false},"excerpt":{"rendered":"<p>Porta-chaves de madeira com a forma da letra G, decorado com um vibrante design de mosaico. Este atraente porta-chaves apresenta uma variedade de cores brilhantes dispostas num padr\u00e3o de formas geom\u00e9tricas irregulares, evocando o estilo art\u00edstico t\u00edpico da cer\u00e2mica espanhola. O seu acabamento polido e a utiliza\u00e7\u00e3o de materiais de qualidade tornam-no um acess\u00f3rio duradouro e chamativo, ideal para acrescentar um toque de personalidade \u00e0s suas chaves ou mochila.<\/p>\n","protected":false},"featured_media":10757,"template":"","meta":{"_acf_changed":false},"product_brand":[],"product_cat":[611],"product_tag":[612],"class_list":{"0":"post-33665","1":"product","2":"type-product","3":"status-publish","4":"has-post-thumbnail","6":"product_cat-porta-chaves","7":"product_tag-cartas","8":"pa_motivo-letra-g","10":"first","11":"instock","12":"shipping-taxable","13":"product-type-simple"},"acf":[],"_links":{"self":[{"href":"https:\/\/olemosaic.com\/pt-pt\/wp-json\/wp\/v2\/product\/33665","targetHints":{"allow":["GET"]}}],"collection":[{"href":"https:\/\/olemosaic.com\/pt-pt\/wp-json\/wp\/v2\/product"}],"about":[{"href":"https:\/\/olemosaic.com\/pt-pt\/wp-json\/wp\/v2\/types\/product"}],"wp:featuredmedia":[{"embeddable":true,"href":"https:\/\/olemosaic.com\/pt-pt\/wp-json\/wp\/v2\/media\/10757"}],"wp:attachment":[{"href":"https:\/\/olemosaic.com\/pt-pt\/wp-json\/wp\/v2\/media?parent=33665"}],"wp:term":[{"taxonomy":"product_brand","embeddable":true,"href":"https:\/\/olemosaic.com\/pt-pt\/wp-json\/wp\/v2\/product_brand?post=33665"},{"taxonomy":"product_cat","embeddable":true,"href":"https:\/\/olemosaic.com\/pt-pt\/wp-json\/wp\/v2\/product_cat?post=33665"},{"taxonomy":"product_tag","embeddable":true,"href":"https:\/\/olemosaic.com\/pt-pt\/wp-json\/wp\/v2\/product_tag?post=33665"}],"curies":[{"name":"wp","href":"https:\/\/api.w.org\/{rel}","templated":true}]}}