{"id":33664,"date":"2025-02-20T23:33:35","date_gmt":"2025-02-20T22:33:35","guid":{"rendered":"http:\/\/olemosaic.com\/producto\/llavero-de-madera-letra-f-2\/"},"modified":"2025-07-25T19:05:00","modified_gmt":"2025-07-25T17:05:00","slug":"porta-chaves-de-madeira-letra-f-2","status":"publish","type":"product","link":"https:\/\/olemosaic.com\/pt-pt\/produto\/porta-chaves-de-madeira-letra-f-2\/","title":{"rendered":"Porta-chaves de madeira. Letra F. Azulejos espanh\u00f3is."},"content":{"rendered":"<p>Este porta-chaves de madeira com a forma da letra F \u00e9 uma excelente recorda\u00e7\u00e3o que capta a ess\u00eancia vibrante da cultura espanhola. Elaborado com um design cuidado, apresenta coloridos motivos florais que evocam os tradicionais azulejos espanh\u00f3is, famosos pela sua rica hist\u00f3ria e arte decorativa. A letra F est\u00e1 adornada com uma variedade de tons vibrantes \u2014 vermelhos, azuis e amarelos \u2014 que se destacam sobre o fundo de madeira, fazendo deste acess\u00f3rio uma pe\u00e7a \u00fanica e atraente.<\/p>\n<p>O detalhe em cada um dos motivos florais n\u00e3o s\u00f3 acrescenta um car\u00e1ter l\u00fadico ao porta-chaves, como tamb\u00e9m reflete a dedica\u00e7\u00e3o e a mestria artesanal que caracteriza as recorda\u00e7\u00f5es de Espanha. Este porta-chaves n\u00e3o s\u00f3 \u00e9 funcional, como tamb\u00e9m permite aos turistas personalizar as suas chaves de uma forma distintiva, tornando-o um presente ideal para amigos e familiares ou uma recorda\u00e7\u00e3o especial para si pr\u00f3prio.<\/p>\n<p>Na Ol\u00e9 Mosaic, especializamo-nos na distribui\u00e7\u00e3o de recorda\u00e7\u00f5es por grosso que destacam a cultura e a arte de Espanha. Este porta-chaves da letra F, aut\u00eantico e cheio de cor, \u00e9 perfeito para lojas de presentes tur\u00edsticos que procuram oferecer produtos representativos e significativos. A sua autenticidade e relev\u00e2ncia cultural tornam-no uma valiosa adi\u00e7\u00e3o a qualquer cole\u00e7\u00e3o de recorda\u00e7\u00f5es.<\/p>\n","protected":false},"excerpt":{"rendered":"<p>Porta-chaves de madeira com la letra F, decorado com motivos florais coloridos que evocam o estilo dos azulejos t\u00edpicos. Este porta-chaves combina o encanto do artesanato tradicional com um design moderno e atraente. As cores vibrantes em tons de vermelho, azul e amarelo destacam-se sobre a superf\u00edcie da letra, tornando este acess\u00f3rio numa recorda\u00e7\u00e3o ideal que representa a rica cultura e a arte de Espanha. Perfeito para personalizar as suas chaves ou como presente.<\/p>\n","protected":false},"featured_media":9596,"template":"","meta":{"_acf_changed":false},"product_brand":[],"product_cat":[611],"product_tag":[612],"class_list":{"0":"post-33664","1":"product","2":"type-product","3":"status-publish","4":"has-post-thumbnail","6":"product_cat-porta-chaves","7":"product_tag-cartas","8":"pa_motivo-letra-f","10":"first","11":"instock","12":"shipping-taxable","13":"product-type-simple"},"acf":[],"_links":{"self":[{"href":"https:\/\/olemosaic.com\/pt-pt\/wp-json\/wp\/v2\/product\/33664","targetHints":{"allow":["GET"]}}],"collection":[{"href":"https:\/\/olemosaic.com\/pt-pt\/wp-json\/wp\/v2\/product"}],"about":[{"href":"https:\/\/olemosaic.com\/pt-pt\/wp-json\/wp\/v2\/types\/product"}],"wp:featuredmedia":[{"embeddable":true,"href":"https:\/\/olemosaic.com\/pt-pt\/wp-json\/wp\/v2\/media\/9596"}],"wp:attachment":[{"href":"https:\/\/olemosaic.com\/pt-pt\/wp-json\/wp\/v2\/media?parent=33664"}],"wp:term":[{"taxonomy":"product_brand","embeddable":true,"href":"https:\/\/olemosaic.com\/pt-pt\/wp-json\/wp\/v2\/product_brand?post=33664"},{"taxonomy":"product_cat","embeddable":true,"href":"https:\/\/olemosaic.com\/pt-pt\/wp-json\/wp\/v2\/product_cat?post=33664"},{"taxonomy":"product_tag","embeddable":true,"href":"https:\/\/olemosaic.com\/pt-pt\/wp-json\/wp\/v2\/product_tag?post=33664"}],"curies":[{"name":"wp","href":"https:\/\/api.w.org\/{rel}","templated":true}]}}