{"id":33660,"date":"2025-02-20T23:33:34","date_gmt":"2025-02-20T22:33:34","guid":{"rendered":"http:\/\/olemosaic.com\/producto\/llavero-de-madera-letra-z-madrid\/"},"modified":"2025-07-25T18:35:08","modified_gmt":"2025-07-25T16:35:08","slug":"porta-chaves-de-madeira-letra-z-madrid","status":"publish","type":"product","link":"https:\/\/olemosaic.com\/pt-pt\/produto\/porta-chaves-de-madeira-letra-z-madrid\/","title":{"rendered":"Porta-chaves de madeira. Letra Z. Madrid."},"content":{"rendered":"<p>Este porta-chaves de madeira com a forma da letra &#8220;Z&#8221; \u00e9 uma recorda\u00e7\u00e3o vibrante que captura a ess\u00eancia de Madrid, ideal para quem procura uma lembran\u00e7a aut\u00eantica da capital espanhola. Com um design colorido e atraente, est\u00e1 decorado com elementos ic\u00f3nicos da cidade, como o famoso metro e figuras representativas, tudo apresentado num estilo que recorda o trencad\u00eds. Cada pe\u00e7a parece ser pintada \u00e0 m\u00e3o, o que garante a sua singularidade e qualidade artesanal. Os tons azuis, vermelhos e amarelos combinam-se harmoniosamente, evocando a energia e a vitalidade de Madrid. Mais do que um simples acess\u00f3rio, este porta-chaves \u00e9 uma representa\u00e7\u00e3o cultural da cidade, tornando-se numa recorda\u00e7\u00e3o perfeita para quem a visitou ou um presente encantador para os aficionados da cultura espanhola. Al\u00e9m disso, como distribuidor de lembran\u00e7as por grosso, a Ol\u00e9 Mosaic oferece este porta-chaves de madeira como uma excelente op\u00e7\u00e3o para lojas de recorda\u00e7\u00f5es tur\u00edsticas, assegurando autenticidade e relev\u00e2ncia cultural. Perfeito para quem procura lembran\u00e7as de Madrid que fundam arte e funcionalidade, este porta-chaves \u00e9 um peda\u00e7o da hist\u00f3ria e da tradi\u00e7\u00e3o madrilena que pode levar consigo.<\/p>\n","protected":false},"excerpt":{"rendered":"<p>Porta-chaves de madeira com a forma da letra &#8220;Z&#8221;, inspirado na vibrante cidade de Madrid. Este original porta-chaves apresenta um design colorido que destaca elementos ic\u00f3nicos da cidade, como o famoso metro e figuras representativas, num estilo que recorda o trencad\u00eds. Pintado com estilo artesanal, o porta-chaves combina tons azuis, vermelhos e amarelos, capturando a ess\u00eancia da capital. Uma recorda\u00e7\u00e3o perfeita para recordar a sua visita a Madrid, ou como presente para os aficionados da cultura espanhola.<\/p>\n","protected":false},"featured_media":10858,"template":"","meta":{"_acf_changed":false},"product_brand":[],"product_cat":[611],"product_tag":[612],"class_list":{"0":"post-33660","1":"product","2":"type-product","3":"status-publish","4":"has-post-thumbnail","6":"product_cat-porta-chaves","7":"product_tag-cartas","8":"pa_ciudad-madrid","9":"pa_motivo-letra-z","10":"pa_pais-espana","12":"first","13":"instock","14":"shipping-taxable","15":"product-type-simple"},"acf":[],"_links":{"self":[{"href":"https:\/\/olemosaic.com\/pt-pt\/wp-json\/wp\/v2\/product\/33660","targetHints":{"allow":["GET"]}}],"collection":[{"href":"https:\/\/olemosaic.com\/pt-pt\/wp-json\/wp\/v2\/product"}],"about":[{"href":"https:\/\/olemosaic.com\/pt-pt\/wp-json\/wp\/v2\/types\/product"}],"wp:featuredmedia":[{"embeddable":true,"href":"https:\/\/olemosaic.com\/pt-pt\/wp-json\/wp\/v2\/media\/10858"}],"wp:attachment":[{"href":"https:\/\/olemosaic.com\/pt-pt\/wp-json\/wp\/v2\/media?parent=33660"}],"wp:term":[{"taxonomy":"product_brand","embeddable":true,"href":"https:\/\/olemosaic.com\/pt-pt\/wp-json\/wp\/v2\/product_brand?post=33660"},{"taxonomy":"product_cat","embeddable":true,"href":"https:\/\/olemosaic.com\/pt-pt\/wp-json\/wp\/v2\/product_cat?post=33660"},{"taxonomy":"product_tag","embeddable":true,"href":"https:\/\/olemosaic.com\/pt-pt\/wp-json\/wp\/v2\/product_tag?post=33660"}],"curies":[{"name":"wp","href":"https:\/\/api.w.org\/{rel}","templated":true}]}}