{"id":33658,"date":"2025-02-20T23:33:34","date_gmt":"2025-02-20T22:33:34","guid":{"rendered":"http:\/\/olemosaic.com\/producto\/llavero-de-madera-letra-y\/"},"modified":"2025-07-25T18:35:04","modified_gmt":"2025-07-25T16:35:04","slug":"porta-chaves-de-madeira-letra-y","status":"publish","type":"product","link":"https:\/\/olemosaic.com\/pt-pt\/produto\/porta-chaves-de-madeira-letra-y\/","title":{"rendered":"Porta-chaves de madeira. Letra Y."},"content":{"rendered":"<p>Este porta-chaves de madeira com a forma da letra &#8220;Y&#8221; \u00e9 um aut\u00eantico tributo ao estilo \u00fanico do c\u00e9lebre arquiteto Antoni Gaud\u00ed, e encarna a ess\u00eancia vibrante de Barcelona. Decorado com um design de mosaico exclusivo que evoca o trencad\u00eds, apresenta uma exuberante combina\u00e7\u00e3o de cores como azul, vermelho, amarelo e verde sobre um fundo branco, que recorda os espetaculares azulejos que adornam obras emblem\u00e1ticas da cidade, como o Park G\u00fcell e a Casa Batll\u00f3.<\/p>\n<p>Com o seu design em forma de &#8220;Y&#8221;, este porta-chaves \u00e9 tanto um acess\u00f3rio funcional como uma pe\u00e7a decorativa, ideal para manter as chaves organizadas ao mesmo tempo que presta homenagem \u00e0 rica heran\u00e7a cultural da regi\u00e3o. O artesanato por tr\u00e1s deste produto reflete a criatividade e o talento caracter\u00edsticos da tradi\u00e7\u00e3o artesanal catal\u00e3, o que o torna um presente perfeito para quem deseja levar consigo um pedacinho de Barcelona.<\/p>\n<p>Na Ol\u00e9 Mosaic, especializamo-nos na distribui\u00e7\u00e3o de lembran\u00e7as por grosso, e este porta-chaves de madeira \u00e9 uma excelente escolha para lojas de recorda\u00e7\u00f5es tur\u00edsticas que procurem oferecer produtos aut\u00eanticos e representativos. Ao escolher este porta-chaves de estilo Gaud\u00ed, os seus clientes n\u00e3o s\u00f3 obter\u00e3o uma recorda\u00e7\u00e3o pr\u00e1tica, mas tamb\u00e9m um s\u00edmbolo da independ\u00eancia art\u00edstica e cultural de Barcelona.<\/p>\n","protected":false},"excerpt":{"rendered":"<p>Porta-chaves de madeira com a forma da letra &#8220;Y&#8221;, decorado com um design de mosaico vibrante que evoca o estilo do famoso arquiteto Antoni Gaud\u00ed. Este original porta-chaves combina cores como o azul, vermelho, amarelo e verde sobre um fundo branco, imitando as obras de trencad\u00eds, t\u00e3o caracter\u00edsticas de Barcelona. Um acess\u00f3rio funcional e art\u00edstico que n\u00e3o s\u00f3 mant\u00e9m as suas chaves organizadas, mas tamb\u00e9m celebra a rica heran\u00e7a cultural da regi\u00e3o.<\/p>\n","protected":false},"featured_media":10944,"template":"","meta":{"_acf_changed":false},"product_brand":[],"product_cat":[611],"product_tag":[612],"class_list":{"0":"post-33658","1":"product","2":"type-product","3":"status-publish","4":"has-post-thumbnail","6":"product_cat-porta-chaves","7":"product_tag-cartas","8":"pa_motivo-letra-y","10":"first","11":"instock","12":"shipping-taxable","13":"product-type-simple"},"acf":[],"_links":{"self":[{"href":"https:\/\/olemosaic.com\/pt-pt\/wp-json\/wp\/v2\/product\/33658","targetHints":{"allow":["GET"]}}],"collection":[{"href":"https:\/\/olemosaic.com\/pt-pt\/wp-json\/wp\/v2\/product"}],"about":[{"href":"https:\/\/olemosaic.com\/pt-pt\/wp-json\/wp\/v2\/types\/product"}],"wp:featuredmedia":[{"embeddable":true,"href":"https:\/\/olemosaic.com\/pt-pt\/wp-json\/wp\/v2\/media\/10944"}],"wp:attachment":[{"href":"https:\/\/olemosaic.com\/pt-pt\/wp-json\/wp\/v2\/media?parent=33658"}],"wp:term":[{"taxonomy":"product_brand","embeddable":true,"href":"https:\/\/olemosaic.com\/pt-pt\/wp-json\/wp\/v2\/product_brand?post=33658"},{"taxonomy":"product_cat","embeddable":true,"href":"https:\/\/olemosaic.com\/pt-pt\/wp-json\/wp\/v2\/product_cat?post=33658"},{"taxonomy":"product_tag","embeddable":true,"href":"https:\/\/olemosaic.com\/pt-pt\/wp-json\/wp\/v2\/product_tag?post=33658"}],"curies":[{"name":"wp","href":"https:\/\/api.w.org\/{rel}","templated":true}]}}