{"id":33640,"date":"2025-02-20T23:33:33","date_gmt":"2025-02-20T22:33:33","guid":{"rendered":"http:\/\/olemosaic.com\/producto\/llavero-de-madera-letra-w-barcelona\/"},"modified":"2025-07-25T18:46:16","modified_gmt":"2025-07-25T16:46:16","slug":"porta-chaves-de-madeira-letra-w-barcelona","status":"publish","type":"product","link":"https:\/\/olemosaic.com\/pt-pt\/produto\/porta-chaves-de-madeira-letra-w-barcelona\/","title":{"rendered":"Porta-chaves de madeira. Letra W. Barcelona."},"content":{"rendered":"<p>Este porta-chaves de madeira com a forma da letra &#8220;W&#8221; \u00e9 uma recorda\u00e7\u00e3o aut\u00eantica de Barcelona, desenhado para capturar a ess\u00eancia vibrante desta cidade emblem\u00e1tica. O seu design colorido destaca a Sagrada Fam\u00edlia, um \u00edcone arquitet\u00f3nico da cidade, juntamente com outros edif\u00edcios emblem\u00e1ticos que refletem o patrim\u00f3nio cultural e art\u00edstico de Barcelona. Os pormenores pintados \u00e0 m\u00e3o conferem-lhe um acabamento \u00fanico e artesanal, mostrando as formas modernas e tradicionais que caracterizam a arquitetura barcelonesa.<\/p>\n<p>O porta-chaves combina uma est\u00e9tica contempor\u00e2nea com uma homenagem \u00e0 rica hist\u00f3ria da cidade, tornando-se um acess\u00f3rio pr\u00e1tico e atraente para qualquer amante de Barcelona. Numa das suas faces, a Sagrada Fam\u00edlia ergue-se majestosa em tons quentes, enquanto se apreciam outros elementos ic\u00f3nicos como a Casa Batll\u00f3 e o colorido Parque G\u00fcell, criando um mosaico visual que convida a recordar momentos inesquec\u00edveis nesta metr\u00f3pole.<\/p>\n<p>Como lembran\u00e7a, este porta-chaves n\u00e3o \u00e9 apenas um objeto funcional, mas uma representa\u00e7\u00e3o tang\u00edvel da cultura e da hist\u00f3ria de Barcelona, ideal para turistas que procuram levar um pedacinho da cidade. Na Ol\u00e9 Mosaic, especializamo-nos na distribui\u00e7\u00e3o de lembran\u00e7as por grosso, e este porta-chaves de madeira \u00e9 uma excelente op\u00e7\u00e3o para lojas de presentes tur\u00edsticos que desejem oferecer produtos aut\u00eanticos e significativos. \u00c9 o presente perfeito para quem quer recordar a sua visita a um dos destinos mais fascinantes de Espanha.<\/p>\n","protected":false},"excerpt":{"rendered":"<p>Porta-chaves de madeira com a forma da letra &#8220;W&#8221;, que representa Barcelona. Este chamativo porta-chaves apresenta um design colorido que destaca a Sagrada Fam\u00edlia e outros edif\u00edcios emblem\u00e1ticos da cidade. Decorado com pormenores pintados \u00e0 m\u00e3o, o porta-chaves combina formas modernas e tradicionais, capturando a ess\u00eancia arquitet\u00f3nica de Barcelona. Ideal como recorda\u00e7\u00e3o, \u00e9 um acess\u00f3rio pr\u00e1tico e atraente para qualquer amante desta vibrante cidade.<\/p>\n","protected":false},"featured_media":10534,"template":"","meta":{"_acf_changed":false},"product_brand":[],"product_cat":[611],"product_tag":[612],"class_list":{"0":"post-33640","1":"product","2":"type-product","3":"status-publish","4":"has-post-thumbnail","6":"product_cat-porta-chaves","7":"product_tag-cartas","8":"pa_ciudad-barcelona","9":"pa_motivo-letra-w","10":"pa_pais-espana","12":"first","13":"instock","14":"shipping-taxable","15":"product-type-simple"},"acf":[],"_links":{"self":[{"href":"https:\/\/olemosaic.com\/pt-pt\/wp-json\/wp\/v2\/product\/33640","targetHints":{"allow":["GET"]}}],"collection":[{"href":"https:\/\/olemosaic.com\/pt-pt\/wp-json\/wp\/v2\/product"}],"about":[{"href":"https:\/\/olemosaic.com\/pt-pt\/wp-json\/wp\/v2\/types\/product"}],"wp:featuredmedia":[{"embeddable":true,"href":"https:\/\/olemosaic.com\/pt-pt\/wp-json\/wp\/v2\/media\/10534"}],"wp:attachment":[{"href":"https:\/\/olemosaic.com\/pt-pt\/wp-json\/wp\/v2\/media?parent=33640"}],"wp:term":[{"taxonomy":"product_brand","embeddable":true,"href":"https:\/\/olemosaic.com\/pt-pt\/wp-json\/wp\/v2\/product_brand?post=33640"},{"taxonomy":"product_cat","embeddable":true,"href":"https:\/\/olemosaic.com\/pt-pt\/wp-json\/wp\/v2\/product_cat?post=33640"},{"taxonomy":"product_tag","embeddable":true,"href":"https:\/\/olemosaic.com\/pt-pt\/wp-json\/wp\/v2\/product_tag?post=33640"}],"curies":[{"name":"wp","href":"https:\/\/api.w.org\/{rel}","templated":true}]}}