{"id":33639,"date":"2025-02-20T23:33:33","date_gmt":"2025-02-20T22:33:33","guid":{"rendered":"http:\/\/olemosaic.com\/producto\/llavero-de-madera-letra-w-sevilla\/"},"modified":"2025-07-25T18:46:15","modified_gmt":"2025-07-25T16:46:15","slug":"porta-chaves-de-madeira-letra-w-sevilha","status":"publish","type":"product","link":"https:\/\/olemosaic.com\/pt-pt\/produto\/porta-chaves-de-madeira-letra-w-sevilha\/","title":{"rendered":"Porta-chaves de madeira. Letra W. Sevilha."},"content":{"rendered":"<p>Este porta-chaves de madeira com a forma da letra &#8220;W&#8221; \u00e9 uma recorda\u00e7\u00e3o encantadora que presta homenagem \u00e0 vibrante cidade de Sevilha. Com um design pintado \u00e0 m\u00e3o, apresenta uma ilustra\u00e7\u00e3o colorida que combina elementos ic\u00f3nicos da cidade, como a majestosa Giralda e as carruagens puxadas por cavalos, capturando a ess\u00eancia da cultura sevilhana num \u00fanico objeto. A paleta de cores vibrantes, com azuis, amarelos e vermelhos, confere um ar festivo e alegre, evocando as tradi\u00e7\u00f5es e o folclore andaluz.<\/p>\n<p>O porta-chaves \u00e9 meticulosamente decorado com pormenores em mosaico que real\u00e7am a sua autenticidade e o tornam uma lembran\u00e7a \u00fanica. Cada aspeto do design foi pensado para oferecer uma recorda\u00e7\u00e3o significativa da cidade, perfeito para quem procura levar um pedacinho de Sevilha consigo. Este porta-chaves n\u00e3o s\u00f3 \u00e9 funcional, como tamb\u00e9m um excelente artigo decorativo que se destaca pela sua elaborada artesania.<\/p>\n<p>Na Ol\u00e9 Mosaic, como distribuidores de lembran\u00e7as por grosso, oferecemos este porta-chaves de Sevilha, ideal para lojas de presentes tur\u00edsticos que procuram produtos representativos da rica cultura espanhola. Este porta-chaves de madeira, como lembran\u00e7a de Sevilha, \u00e9 uma op\u00e7\u00e3o fant\u00e1stica para turistas e visitantes que desejam recordar a sua experi\u00eancia nesta bela cidade andaluza.<\/p>\n","protected":false},"excerpt":{"rendered":"<p>Porta-chaves de madeira com a letra &#8220;W&#8221; que representa Sevilha. Este porta-chaves apresenta uma ilustra\u00e7\u00e3o colorida que combina elementos ic\u00f3nicos da cidade, como a Giralda e as carruagens de cavalos, num design vibrante e artesanal, pintado \u00e0 m\u00e3o. Com pormenores de mosaico e uma paleta de cores que inclui azuis, amarelos e vermelhos, \u00e9 uma lembran\u00e7a \u00fanica que captura a ess\u00eancia cultural de Sevilha. Um complemento ideal para levar um pedacinho da cidade sempre consigo.<\/p>\n","protected":false},"featured_media":10907,"template":"","meta":{"_acf_changed":false},"product_brand":[],"product_cat":[611],"product_tag":[516,612],"class_list":{"0":"post-33639","1":"product","2":"type-product","3":"status-publish","4":"has-post-thumbnail","6":"product_cat-porta-chaves","7":"product_tag-animais","8":"product_tag-cartas","9":"pa_ciudad-sevilla","10":"pa_motivo-letra-w","11":"pa_pais-espana","13":"first","14":"instock","15":"shipping-taxable","16":"product-type-simple"},"acf":[],"_links":{"self":[{"href":"https:\/\/olemosaic.com\/pt-pt\/wp-json\/wp\/v2\/product\/33639","targetHints":{"allow":["GET"]}}],"collection":[{"href":"https:\/\/olemosaic.com\/pt-pt\/wp-json\/wp\/v2\/product"}],"about":[{"href":"https:\/\/olemosaic.com\/pt-pt\/wp-json\/wp\/v2\/types\/product"}],"wp:featuredmedia":[{"embeddable":true,"href":"https:\/\/olemosaic.com\/pt-pt\/wp-json\/wp\/v2\/media\/10907"}],"wp:attachment":[{"href":"https:\/\/olemosaic.com\/pt-pt\/wp-json\/wp\/v2\/media?parent=33639"}],"wp:term":[{"taxonomy":"product_brand","embeddable":true,"href":"https:\/\/olemosaic.com\/pt-pt\/wp-json\/wp\/v2\/product_brand?post=33639"},{"taxonomy":"product_cat","embeddable":true,"href":"https:\/\/olemosaic.com\/pt-pt\/wp-json\/wp\/v2\/product_cat?post=33639"},{"taxonomy":"product_tag","embeddable":true,"href":"https:\/\/olemosaic.com\/pt-pt\/wp-json\/wp\/v2\/product_tag?post=33639"}],"curies":[{"name":"wp","href":"https:\/\/api.w.org\/{rel}","templated":true}]}}