{"id":33637,"date":"2025-02-20T23:33:33","date_gmt":"2025-02-20T22:33:33","guid":{"rendered":"http:\/\/olemosaic.com\/producto\/llavero-de-madera-letra-v-barcelona-2\/"},"modified":"2025-07-25T18:45:42","modified_gmt":"2025-07-25T16:45:42","slug":"porta-chaves-de-madeira-letra-v-barcelona-2","status":"publish","type":"product","link":"https:\/\/olemosaic.com\/pt-pt\/produto\/porta-chaves-de-madeira-letra-v-barcelona-2\/","title":{"rendered":"Porta-chaves de madeira. Letra V. Sagrada Fam\u00edlia. Barcelona."},"content":{"rendered":"<p>Este porta-chaves de madeira com a letra &#8220;V&#8221; \u00e9 uma recorda\u00e7\u00e3o encantadora que representa a vibrante Barcelona, uma metr\u00f3pole rica em hist\u00f3ria, arte e arquitetura emblem\u00e1tica. Com um design colorido que mostra a mundialmente famosa Sagrada Fam\u00edlia juntamente com outros elementos arquitet\u00f3nicos ic\u00f3nicos, este porta-chaves evoca o estilo art\u00edstico do mosaico de Gaud\u00ed, um s\u00edmbolo do modernismo catal\u00e3o. Pintado \u00e0 m\u00e3o, o seu acabamento atraente destaca-se com pormenores chamativos em verde, vermelho e azul, capturando a ess\u00eancia da criatividade e da cor que caracterizam a cidade.<\/p>\n<p>A letra &#8220;V&#8221; n\u00e3o s\u00f3 simboliza a cidade de Barcelona, como tamb\u00e9m acrescenta um toque pessoal e distintivo, tornando-o um presente ideal para quem procura algo mais do que uma simples recorda\u00e7\u00e3o. Este porta-chaves \u00e9 pr\u00e1tico e leve, perfeito para levar um peda\u00e7o de Barcelona consigo para qualquer lugar, recordando a sua atmosfera m\u00e1gica e vibrante.<\/p>\n<p>Na Ol\u00e9 Mosaic, especializamo-nos na distribui\u00e7\u00e3o de lembran\u00e7as aut\u00eanticas e de qualidade. Este porta-chaves de Barcelona \u00e9 uma excelente op\u00e7\u00e3o para lojas de presentes tur\u00edsticos que desejam oferecer aos seus clientes produtos representativos e com um forte significado cultural. Com o seu design singular e liga\u00e7\u00e3o cultural, \u00e9 a recorda\u00e7\u00e3o perfeita para quem quer guardar uma parte desta maravilhosa cidade.<\/p>\n","protected":false},"excerpt":{"rendered":"<p>Porta-chaves de madeira com a forma da letra &#8220;V&#8221;, que representa a vibrante cidade de Barcelona. Este design colorido inclui a ic\u00f3nica Sagrada Fam\u00edlia e outros elementos arquitet\u00f3nicos de destaque, com um estilo art\u00edstico que evoca o mosaico de Gaud\u00ed. Pintado com estilo artesanal com pormenores chamativos em verde, vermelho e azul, este porta-chaves \u00e9 a recorda\u00e7\u00e3o perfeita para os amantes da arquitetura e da cultura catal\u00e3. Ideal para levar um peda\u00e7o de Barcelona sempre consigo.<\/p>\n","protected":false},"featured_media":10533,"template":"","meta":{"_acf_changed":false},"product_brand":[],"product_cat":[611],"product_tag":[612],"class_list":{"0":"post-33637","1":"product","2":"type-product","3":"status-publish","4":"has-post-thumbnail","6":"product_cat-porta-chaves","7":"product_tag-cartas","8":"pa_ciudad-barcelona","9":"pa_motivo-letra-v","10":"pa_pais-espana","12":"first","13":"instock","14":"shipping-taxable","15":"product-type-simple"},"acf":[],"_links":{"self":[{"href":"https:\/\/olemosaic.com\/pt-pt\/wp-json\/wp\/v2\/product\/33637","targetHints":{"allow":["GET"]}}],"collection":[{"href":"https:\/\/olemosaic.com\/pt-pt\/wp-json\/wp\/v2\/product"}],"about":[{"href":"https:\/\/olemosaic.com\/pt-pt\/wp-json\/wp\/v2\/types\/product"}],"wp:featuredmedia":[{"embeddable":true,"href":"https:\/\/olemosaic.com\/pt-pt\/wp-json\/wp\/v2\/media\/10533"}],"wp:attachment":[{"href":"https:\/\/olemosaic.com\/pt-pt\/wp-json\/wp\/v2\/media?parent=33637"}],"wp:term":[{"taxonomy":"product_brand","embeddable":true,"href":"https:\/\/olemosaic.com\/pt-pt\/wp-json\/wp\/v2\/product_brand?post=33637"},{"taxonomy":"product_cat","embeddable":true,"href":"https:\/\/olemosaic.com\/pt-pt\/wp-json\/wp\/v2\/product_cat?post=33637"},{"taxonomy":"product_tag","embeddable":true,"href":"https:\/\/olemosaic.com\/pt-pt\/wp-json\/wp\/v2\/product_tag?post=33637"}],"curies":[{"name":"wp","href":"https:\/\/api.w.org\/{rel}","templated":true}]}}