{"id":33623,"date":"2025-02-20T23:33:32","date_gmt":"2025-02-20T22:33:32","guid":{"rendered":"http:\/\/olemosaic.com\/producto\/llavero-de-madera-letra-u-barcelona-2\/"},"modified":"2025-07-25T19:19:38","modified_gmt":"2025-07-25T17:19:38","slug":"porta-chaves-de-madeira-letra-u-barcelona-2","status":"publish","type":"product","link":"https:\/\/olemosaic.com\/pt-pt\/produto\/porta-chaves-de-madeira-letra-u-barcelona-2\/","title":{"rendered":"Porta-chaves de madeira. Letra U. Sagrada Fam\u00edlia. Barcelona."},"content":{"rendered":"<p>Este porta-chaves de madeira em forma de letra &#8220;U&#8221; \u00e9 uma recorda\u00e7\u00e3o vibrante que capta a ess\u00eancia de Barcelona, uma cidade conhecida pela sua rica arquitetura e pelo influente estilo modernista de Antoni Gaud\u00ed. O design do porta-chaves apresenta uma representa\u00e7\u00e3o art\u00edstica da emblem\u00e1tica Sagrada Fam\u00edlia e do famoso Parque G\u00fcell, ambos marcos arquitet\u00f3nicos que simbolizam a criatividade e o talento de Gaud\u00ed. As cores vibrantes em vermelho, verde e azul n\u00e3o s\u00f3 real\u00e7am o apelo visual do porta-chaves, como tamb\u00e9m evocam o uso caracter\u00edstico de mosaicos nas obras de Gaud\u00ed.<\/p>\n<p>Com a sua forma distinta de &#8220;U&#8221;, este porta-chaves n\u00e3o serve apenas como um acess\u00f3rio funcional para manter as suas chaves organizadas, mas tamb\u00e9m atua como uma pe\u00e7a de arte que celebra o patrim\u00f3nio cultural de Barcelona. O uso da madeira como material principal acrescenta um toque natural e artesanal, refletindo a liga\u00e7\u00e3o do objeto com a tradi\u00e7\u00e3o local. Este porta-chaves \u00e9 uma excelente op\u00e7\u00e3o para turistas que procuram uma recorda\u00e7\u00e3o aut\u00eantica e significativa da sua visita \u00e0 cidade.<\/p>\n<p>Na Ol\u00e9 Mosaic, somos especialistas na distribui\u00e7\u00e3o de recorda\u00e7\u00f5es por grosso, e este porta-chaves de Barcelona representa uma op\u00e7\u00e3o ideal para lojas de presentes tur\u00edsticos que desejam oferecer produtos de alta qualidade e relev\u00e2ncia cultural. Com este porta-chaves, cada cliente pode levar consigo um pedacinho da extraordin\u00e1ria arquitetura e cultura de Barcelona.<\/p>\n","protected":false},"excerpt":{"rendered":"<p>Porta-chaves de madeira em forma de letra &#8220;U&#8221;, inspirado na arquitetura barcelonesa. Este porta-chaves original apresenta um design vibrante que mostra a emblem\u00e1tica Sagrada Fam\u00edlia e o famoso Parque G\u00fcell, com detalhes coloridos em vermelho, verde e azul, que evocam o estilo modernista de Antoni Gaud\u00ed. Um acess\u00f3rio funcional e art\u00edstico que capta a ess\u00eancia da cidade, perfeito para levar uma recorda\u00e7\u00e3o \u00fanica de Barcelona.<\/p>\n","protected":false},"featured_media":10506,"template":"","meta":{"_acf_changed":false},"product_brand":[],"product_cat":[611],"product_tag":[612],"class_list":{"0":"post-33623","1":"product","2":"type-product","3":"status-publish","4":"has-post-thumbnail","6":"product_cat-porta-chaves","7":"product_tag-cartas","8":"pa_ciudad-barcelona","9":"pa_motivo-letra-u","10":"pa_pais-espana","12":"first","13":"instock","14":"shipping-taxable","15":"product-type-simple"},"acf":[],"_links":{"self":[{"href":"https:\/\/olemosaic.com\/pt-pt\/wp-json\/wp\/v2\/product\/33623","targetHints":{"allow":["GET"]}}],"collection":[{"href":"https:\/\/olemosaic.com\/pt-pt\/wp-json\/wp\/v2\/product"}],"about":[{"href":"https:\/\/olemosaic.com\/pt-pt\/wp-json\/wp\/v2\/types\/product"}],"wp:featuredmedia":[{"embeddable":true,"href":"https:\/\/olemosaic.com\/pt-pt\/wp-json\/wp\/v2\/media\/10506"}],"wp:attachment":[{"href":"https:\/\/olemosaic.com\/pt-pt\/wp-json\/wp\/v2\/media?parent=33623"}],"wp:term":[{"taxonomy":"product_brand","embeddable":true,"href":"https:\/\/olemosaic.com\/pt-pt\/wp-json\/wp\/v2\/product_brand?post=33623"},{"taxonomy":"product_cat","embeddable":true,"href":"https:\/\/olemosaic.com\/pt-pt\/wp-json\/wp\/v2\/product_cat?post=33623"},{"taxonomy":"product_tag","embeddable":true,"href":"https:\/\/olemosaic.com\/pt-pt\/wp-json\/wp\/v2\/product_tag?post=33623"}],"curies":[{"name":"wp","href":"https:\/\/api.w.org\/{rel}","templated":true}]}}