{"id":33611,"date":"2025-02-20T23:33:32","date_gmt":"2025-02-20T22:33:32","guid":{"rendered":"http:\/\/olemosaic.com\/producto\/llavero-de-madera-letra-t-madrid\/"},"modified":"2025-07-25T19:35:36","modified_gmt":"2025-07-25T17:35:36","slug":"porta-chaves-de-madeira-letra-t-madrid","status":"publish","type":"product","link":"https:\/\/olemosaic.com\/pt-pt\/produto\/porta-chaves-de-madeira-letra-t-madrid\/","title":{"rendered":"Porta-chaves de madeira. Letra T. Madrid."},"content":{"rendered":"<p>Este porta-chaves de madeira com a forma da letra &#8220;T&#8221; \u00e9 um souvenir engenhoso e colorido que representa a emblem\u00e1tica cidade de Madrid. O seu design inclui ilustra\u00e7\u00f5es vibrantes que capturam a ess\u00eancia cultural da capital espanhola, apresentando uma cena pitoresca com personagens t\u00edpicos e elementos ic\u00f3nicos como a esta\u00e7\u00e3o de metro. O &#8220;T&#8221; n\u00e3o \u00e9 apenas um s\u00edmbolo l\u00fadico, mas tamb\u00e9m evoca a arte dos mosaicos, com cada detalhe cuidadosamente elaborado para oferecer um produto visualmente atraente.<\/p>\n<p>Numa das suas faces, apreciam-se personagens numa intera\u00e7\u00e3o alegre, vestidos com trajes tradicionais, rodeados pelos caracter\u00edsticos azulejos que adornam muitos cantos de Madrid. A vibrante paleta de cores utilizada na ilustra\u00e7\u00e3o cria um efeito fascinante que atrair\u00e1 tanto residentes como turistas. Este porta-chaves n\u00e3o \u00e9 apenas um acess\u00f3rio pr\u00e1tico para manter as chaves organizadas, mas tamb\u00e9m uma bela recorda\u00e7\u00e3o das experi\u00eancias vividas na capital.<\/p>\n<p>Na Ol\u00e9 Mosaic, especializamo-nos na distribui\u00e7\u00e3o de souvenirs por grosso, e este porta-chaves de Madrid \u00e9 uma excelente op\u00e7\u00e3o para lojas de presentes tur\u00edsticos. Com a sua combina\u00e7\u00e3o de autenticidade e apelo visual, \u00e9 o souvenir perfeito para quem procura levar um pedacinho de Madrid, celebrando a sua rica cultura e tradi\u00e7\u00f5es. Como grossistas de souvenirs de Madrid, garantimos qualidade e originalidade em cada produto.<\/p>\n","protected":false},"excerpt":{"rendered":"<p>Porta-chaves de madeira com a forma da letra &#8220;T&#8221;, que representa a emblem\u00e1tica cidade de Madrid. Este original porta-chaves apresenta uma ilustra\u00e7\u00e3o vibrante com motivos culturais, mostrando uma cena pitoresca com personagens t\u00edpicos e elementos ic\u00f3nicos da cidade, como a esta\u00e7\u00e3o de metro. O seu design colorido e detalhado, inspirado na arte do mosaico, torna-o um souvenir atraente perfeito para recordar a sua visita \u00e0 capital espanhola.<\/p>\n","protected":false},"featured_media":10852,"template":"","meta":{"_acf_changed":false},"product_brand":[],"product_cat":[611],"product_tag":[612],"class_list":{"0":"post-33611","1":"product","2":"type-product","3":"status-publish","4":"has-post-thumbnail","6":"product_cat-porta-chaves","7":"product_tag-cartas","8":"pa_ciudad-madrid","9":"pa_motivo-letra-t","10":"pa_pais-espana","12":"first","13":"instock","14":"shipping-taxable","15":"product-type-simple"},"acf":[],"_links":{"self":[{"href":"https:\/\/olemosaic.com\/pt-pt\/wp-json\/wp\/v2\/product\/33611","targetHints":{"allow":["GET"]}}],"collection":[{"href":"https:\/\/olemosaic.com\/pt-pt\/wp-json\/wp\/v2\/product"}],"about":[{"href":"https:\/\/olemosaic.com\/pt-pt\/wp-json\/wp\/v2\/types\/product"}],"wp:featuredmedia":[{"embeddable":true,"href":"https:\/\/olemosaic.com\/pt-pt\/wp-json\/wp\/v2\/media\/10852"}],"wp:attachment":[{"href":"https:\/\/olemosaic.com\/pt-pt\/wp-json\/wp\/v2\/media?parent=33611"}],"wp:term":[{"taxonomy":"product_brand","embeddable":true,"href":"https:\/\/olemosaic.com\/pt-pt\/wp-json\/wp\/v2\/product_brand?post=33611"},{"taxonomy":"product_cat","embeddable":true,"href":"https:\/\/olemosaic.com\/pt-pt\/wp-json\/wp\/v2\/product_cat?post=33611"},{"taxonomy":"product_tag","embeddable":true,"href":"https:\/\/olemosaic.com\/pt-pt\/wp-json\/wp\/v2\/product_tag?post=33611"}],"curies":[{"name":"wp","href":"https:\/\/api.w.org\/{rel}","templated":true}]}}