{"id":33609,"date":"2025-02-20T23:33:31","date_gmt":"2025-02-20T22:33:31","guid":{"rendered":"http:\/\/olemosaic.com\/producto\/llavero-de-madera-letra-t-sevilla\/"},"modified":"2025-07-25T18:44:44","modified_gmt":"2025-07-25T16:44:44","slug":"porta-chaves-de-madeira-letra-t-sevilha","status":"publish","type":"product","link":"https:\/\/olemosaic.com\/pt-pt\/produto\/porta-chaves-de-madeira-letra-t-sevilha\/","title":{"rendered":"Porta-chaves de madeira. Letra T. Sevilha."},"content":{"rendered":"<p>Este porta-chaves de madeira com a forma da letra &#8220;T&#8221; \u00e9 uma encantadora recorda\u00e7\u00e3o inspirada na vibrante cidade de Sevilha. Com um design colorido e atraente, este acess\u00f3rio representa a ess\u00eancia cultural da cidade andaluza, captando a aten\u00e7\u00e3o com uma ilustra\u00e7\u00e3o detalhada do emblem\u00e1tico monumento da catedral de Sevilha e da famosa Giralda. O seu design apresenta uma combina\u00e7\u00e3o de tons brilhantes em azul e vermelho, emulando o estilo do mosaico tradicional, e \u00e9 complementado com elementos da flora andaluza que acrescentam um toque de frescura e autenticidade. Este porta-chaves n\u00e3o \u00e9 apenas uma ferramenta pr\u00e1tica para manter as suas chaves organizadas, mas tamb\u00e9m uma pe\u00e7a de arte port\u00e1til que presta homenagem \u00e0 rica heran\u00e7a cultural sevilhana.<\/p>\n<p>O uso da madeira como material principal real\u00e7a o artesanato t\u00edpico da regi\u00e3o, enquanto o estilo de mosaico evoca a arquitetura e a beleza visual de Sevilha, ideal como presente ou recorda\u00e7\u00e3o para quem deseja levar um pedacinho da cidade consigo. Na Ol\u00e9 Mosaic somos especialistas na distribui\u00e7\u00e3o de recorda\u00e7\u00f5es por grosso, e este porta-chaves de Sevilha \u00e9 uma excelente escolha para lojas de presentes tur\u00edsticos que procuram oferecer produtos aut\u00eanticos e significativos. Uma recorda\u00e7\u00e3o perfeita que liga os visitantes \u00e0 rica tradi\u00e7\u00e3o andaluza atrav\u00e9s de um design divertido e vibrante.<\/p>\n","protected":false},"excerpt":{"rendered":"<p>Porta-chaves de madeira com a forma da letra &#8220;T&#8221;, inspirado na vibrante cidade de Sevilha. Este acess\u00f3rio atraente apresenta um design colorido que inclui uma ilustra\u00e7\u00e3o de um monumento emblem\u00e1tico da cidade, com detalhes arquitet\u00f3nicos e elementos da flora andaluza. O porta-chaves est\u00e1 decorado com um estilo de mosaico, utilizando tons brilhantes de azul e vermelho, que capturam a ess\u00eancia do folclore sevilhano. Ideal para oferecer ou como recorda\u00e7\u00e3o de uma visita a esta encantadora regi\u00e3o.<\/p>\n","protected":false},"featured_media":10904,"template":"","meta":{"_acf_changed":false},"product_brand":[],"product_cat":[611],"product_tag":[612],"class_list":{"0":"post-33609","1":"product","2":"type-product","3":"status-publish","4":"has-post-thumbnail","6":"product_cat-porta-chaves","7":"product_tag-cartas","8":"pa_ciudad-sevilla","9":"pa_motivo-letra-t","10":"pa_pais-espana","12":"first","13":"instock","14":"shipping-taxable","15":"product-type-simple"},"acf":[],"_links":{"self":[{"href":"https:\/\/olemosaic.com\/pt-pt\/wp-json\/wp\/v2\/product\/33609","targetHints":{"allow":["GET"]}}],"collection":[{"href":"https:\/\/olemosaic.com\/pt-pt\/wp-json\/wp\/v2\/product"}],"about":[{"href":"https:\/\/olemosaic.com\/pt-pt\/wp-json\/wp\/v2\/types\/product"}],"wp:featuredmedia":[{"embeddable":true,"href":"https:\/\/olemosaic.com\/pt-pt\/wp-json\/wp\/v2\/media\/10904"}],"wp:attachment":[{"href":"https:\/\/olemosaic.com\/pt-pt\/wp-json\/wp\/v2\/media?parent=33609"}],"wp:term":[{"taxonomy":"product_brand","embeddable":true,"href":"https:\/\/olemosaic.com\/pt-pt\/wp-json\/wp\/v2\/product_brand?post=33609"},{"taxonomy":"product_cat","embeddable":true,"href":"https:\/\/olemosaic.com\/pt-pt\/wp-json\/wp\/v2\/product_cat?post=33609"},{"taxonomy":"product_tag","embeddable":true,"href":"https:\/\/olemosaic.com\/pt-pt\/wp-json\/wp\/v2\/product_tag?post=33609"}],"curies":[{"name":"wp","href":"https:\/\/api.w.org\/{rel}","templated":true}]}}