{"id":33608,"date":"2025-02-20T23:33:31","date_gmt":"2025-02-20T22:33:31","guid":{"rendered":"http:\/\/olemosaic.com\/producto\/llavero-de-madera-letra-t-valencia\/"},"modified":"2025-07-25T18:46:22","modified_gmt":"2025-07-25T16:46:22","slug":"porta-chaves-de-madeira-letra-t-valencia","status":"publish","type":"product","link":"https:\/\/olemosaic.com\/pt-pt\/produto\/porta-chaves-de-madeira-letra-t-valencia\/","title":{"rendered":"Porta-chaves de madeira. Letra T. Val\u00eancia."},"content":{"rendered":"<p>Este porta-chaves de madeira com a forma da letra &#8220;T&#8221; \u00e9 uma aut\u00eantica homenagem \u00e0 emblem\u00e1tica cidade de Val\u00eancia, concebido para quem procura uma recorda\u00e7\u00e3o significativa e pr\u00e1tica. O seu design atraente evoca o famoso trencad\u00eds, uma t\u00e9cnica de mosaico que caracteriza a arquitetura valenciana, especialmente vis\u00edvel na ic\u00f3nica Cidade das Artes e das Ci\u00eancias. Com um acabamento vibrante que combina as cores azul, vermelho e amarelo, este porta-chaves n\u00e3o s\u00f3 se destaca pela sua est\u00e9tica visual, como tamb\u00e9m apresenta pequenos detalhes gravados que representam os elementos arquitet\u00f3nicos mais reconhec\u00edveis da cidade, como os edif\u00edcios futuristas de Calatrava.<\/p>\n<p>Fabricado em madeira de alta qualidade, este souvenir \u00e9 leve e duradouro, ideal para levar as chaves com estilo. A sua liga\u00e7\u00e3o cultural \u00e9 ineg\u00e1vel: o trencad\u00eds representa a criatividade e a arte que floresceram em Val\u00eancia, tornando-o um emblema da modernidade e da tradi\u00e7\u00e3o. Este porta-chaves com la letra &#8220;T&#8221; \u00e9 mais do que um simples acess\u00f3rio; \u00e9 um peda\u00e7o da alma de Val\u00eancia que pode levar consigo para todo o lado. Na Ol\u00e9 Mosaic, distribu\u00edmos souvenirs aut\u00eanticos por grosso, perfeitos para lojas de presentes tur\u00edsticos que desejem oferecer aos seus clientes recorda\u00e7\u00f5es representativas e de alta qualidade. Um presente ideal para quem quer levar um peda\u00e7o da ess\u00eancia valenciana no seu dia a dia, este porta-chaves torna-se uma excelente op\u00e7\u00e3o para todos os turistas.<\/p>\n","protected":false},"excerpt":{"rendered":"<p>Porta-chaves de madeira com a forma da letra &#8220;T&#8221;, inspirado na cidade de Val\u00eancia. Este porta-chaves apresenta um design atraente com um acabamento que imita o trencad\u00eds, caracter\u00edstico da arquitetura valenciana, mostrando elementos emblem\u00e1ticos como a Cidade das Artes e das Ci\u00eancias. Decorado com as cores vibrantes azul, vermelho e amarelo, este artigo \u00e9 o souvenir perfeito para recordar a ess\u00eancia e a arte de Val\u00eancia, ao mesmo tempo que acrescenta um toque moderno \u00e0s suas chaves.<\/p>\n","protected":false},"featured_media":10878,"template":"","meta":{"_acf_changed":false},"product_brand":[],"product_cat":[611],"product_tag":[612],"class_list":{"0":"post-33608","1":"product","2":"type-product","3":"status-publish","4":"has-post-thumbnail","6":"product_cat-porta-chaves","7":"product_tag-cartas","8":"pa_ciudad-valencia","9":"pa_motivo-letra-t","10":"pa_pais-espana","12":"first","13":"instock","14":"shipping-taxable","15":"product-type-simple"},"acf":[],"_links":{"self":[{"href":"https:\/\/olemosaic.com\/pt-pt\/wp-json\/wp\/v2\/product\/33608","targetHints":{"allow":["GET"]}}],"collection":[{"href":"https:\/\/olemosaic.com\/pt-pt\/wp-json\/wp\/v2\/product"}],"about":[{"href":"https:\/\/olemosaic.com\/pt-pt\/wp-json\/wp\/v2\/types\/product"}],"wp:featuredmedia":[{"embeddable":true,"href":"https:\/\/olemosaic.com\/pt-pt\/wp-json\/wp\/v2\/media\/10878"}],"wp:attachment":[{"href":"https:\/\/olemosaic.com\/pt-pt\/wp-json\/wp\/v2\/media?parent=33608"}],"wp:term":[{"taxonomy":"product_brand","embeddable":true,"href":"https:\/\/olemosaic.com\/pt-pt\/wp-json\/wp\/v2\/product_brand?post=33608"},{"taxonomy":"product_cat","embeddable":true,"href":"https:\/\/olemosaic.com\/pt-pt\/wp-json\/wp\/v2\/product_cat?post=33608"},{"taxonomy":"product_tag","embeddable":true,"href":"https:\/\/olemosaic.com\/pt-pt\/wp-json\/wp\/v2\/product_tag?post=33608"}],"curies":[{"name":"wp","href":"https:\/\/api.w.org\/{rel}","templated":true}]}}