{"id":33607,"date":"2025-02-20T23:33:31","date_gmt":"2025-02-20T22:33:31","guid":{"rendered":"http:\/\/olemosaic.com\/producto\/llavero-de-madera-letra-s-2\/"},"modified":"2025-07-25T19:23:19","modified_gmt":"2025-07-25T17:23:19","slug":"porta-chaves-de-madeira-letra-s-2","status":"publish","type":"product","link":"https:\/\/olemosaic.com\/pt-pt\/produto\/porta-chaves-de-madeira-letra-s-2\/","title":{"rendered":"Porta-chaves de madeira. Letra S. Fundo preto."},"content":{"rendered":"<p>Este porta-chaves de madeira com a forma da letra &#8220;S&#8221; \u00e9 uma pe\u00e7a cativante que representa a riqueza e o colorido da cer\u00e2mica tradicional espanhola. Decorado com um design floral vibrante em tons de vermelho, azul e amarelo, cada detalhe foi pensado para atrair o olhar e evocar a ess\u00eancia da arte popular espanhola. A brilhante letra &#8220;S&#8221; destaca-se sobre um fundo preto, conferindo um toque moderno que complementa o seu estilo cl\u00e1ssico e folcl\u00f3rico.<\/p>\n<p>Este porta-chaves n\u00e3o \u00e9 apenas um acess\u00f3rio pr\u00e1tico para levar as suas chaves, mas tamb\u00e9m uma recorda\u00e7\u00e3o aut\u00eantica que captura a cultura de Espanha. A cer\u00e2mica \u00e9 uma das formas art\u00edsticas mais queridas do pa\u00eds, e este porta-chaves simboliza essa tradi\u00e7\u00e3o, tornando-se um souvenir perfeito para quem deseja levar consigo um peda\u00e7o desta rica heran\u00e7a cultural.<\/p>\n<p>Na Ol\u00e9 Mosaic, o nosso compromisso \u00e9 oferecer souvenirs de alta qualidade que liguem os turistas \u00e0 beleza de Espanha. Este porta-chaves de madeira \u00e9 uma excelente op\u00e7\u00e3o para lojas de presentes tur\u00edsticos, pois combina artesanato e funcionalidade num \u00fanico produto. Como grossistas de recorda\u00e7\u00f5es, garantimos a autenticidade e o apelo visual de toda a nossa cole\u00e7\u00e3o de souvenirs, destacando a sua relev\u00e2ncia cultural e a sua liga\u00e7\u00e3o \u00e0 tradi\u00e7\u00e3o espanhola.<\/p>\n","protected":false},"excerpt":{"rendered":"<p>Porta-chaves de madeira com a forma da letra &#8220;S&#8221;, decorado com cores vivas e padr\u00f5es inspirados na cer\u00e2mica tradicional espanhola. Este chamativo porta-chaves apresenta um design alegre e art\u00edstico, com motivos florais em tons de vermelho, azul e amarelo. A figura destaca-se sobre um fundo preto, o que acrescenta um toque moderno ao encanto cl\u00e1ssico do folclore. Ideal como recorda\u00e7\u00e3o ou para uso di\u00e1rio, \u00e9 um acess\u00f3rio que reflete a cultura espanhola com estilo.<\/p>\n","protected":false},"featured_media":9609,"template":"","meta":{"_acf_changed":false},"product_brand":[],"product_cat":[611],"product_tag":[612],"class_list":{"0":"post-33607","1":"product","2":"type-product","3":"status-publish","4":"has-post-thumbnail","6":"product_cat-porta-chaves","7":"product_tag-cartas","8":"pa_motivo-letra-s","10":"first","11":"instock","12":"shipping-taxable","13":"product-type-simple"},"acf":[],"_links":{"self":[{"href":"https:\/\/olemosaic.com\/pt-pt\/wp-json\/wp\/v2\/product\/33607","targetHints":{"allow":["GET"]}}],"collection":[{"href":"https:\/\/olemosaic.com\/pt-pt\/wp-json\/wp\/v2\/product"}],"about":[{"href":"https:\/\/olemosaic.com\/pt-pt\/wp-json\/wp\/v2\/types\/product"}],"wp:featuredmedia":[{"embeddable":true,"href":"https:\/\/olemosaic.com\/pt-pt\/wp-json\/wp\/v2\/media\/9609"}],"wp:attachment":[{"href":"https:\/\/olemosaic.com\/pt-pt\/wp-json\/wp\/v2\/media?parent=33607"}],"wp:term":[{"taxonomy":"product_brand","embeddable":true,"href":"https:\/\/olemosaic.com\/pt-pt\/wp-json\/wp\/v2\/product_brand?post=33607"},{"taxonomy":"product_cat","embeddable":true,"href":"https:\/\/olemosaic.com\/pt-pt\/wp-json\/wp\/v2\/product_cat?post=33607"},{"taxonomy":"product_tag","embeddable":true,"href":"https:\/\/olemosaic.com\/pt-pt\/wp-json\/wp\/v2\/product_tag?post=33607"}],"curies":[{"name":"wp","href":"https:\/\/api.w.org\/{rel}","templated":true}]}}