{"id":33590,"date":"2025-02-20T23:33:31","date_gmt":"2025-02-20T22:33:31","guid":{"rendered":"http:\/\/olemosaic.com\/producto\/llavero-de-madera-letra-s-sevilla\/"},"modified":"2025-07-25T18:58:27","modified_gmt":"2025-07-25T16:58:27","slug":"porta-chaves-de-madeira-letra-s-sevilha","status":"publish","type":"product","link":"https:\/\/olemosaic.com\/pt-pt\/produto\/porta-chaves-de-madeira-letra-s-sevilha\/","title":{"rendered":"Porta-chaves de madeira. Letra S. Sevilha."},"content":{"rendered":"<p>Este porta-chaves de madeira com a forma da letra &#8220;S&#8221; \u00e9 uma encantadora recorda\u00e7\u00e3o que representa a cidade de Sevilha, famosa pela sua rica hist\u00f3ria e cultura vibrante. Com um design pintado \u00e0 m\u00e3o, o porta-chaves destaca-se pelas suas cores vivas que capturam a ess\u00eancia da cidade. A letra &#8220;S&#8221; est\u00e1 adornada com ilustra\u00e7\u00f5es de elementos emblem\u00e1ticos, como a Giralda, que se ergue majestosa no horizonte sevilhano, juntamente com outros motivos culturais que refletem a autenticidade desta regi\u00e3o espanhola.<\/p>\n<p>A base de madeira, cuidadosamente tratada, n\u00e3o s\u00f3 proporciona um acabamento elegante, como tamb\u00e9m acrescenta um toque r\u00fastico e de qualidade artesanal ao produto. Os detalhes art\u00edsticos pintados \u00e0 m\u00e3o garantem que cada porta-chaves seja uma pe\u00e7a \u00fanica, perfeita para os amantes de Sevilha que desejem levar consigo um pedacinho desta bela cidade. Este porta-chaves n\u00e3o \u00e9 apenas funcional para manter as chaves organizadas, mas tamb\u00e9m serve como um lembrete constante da beleza sevilhana e da sua rica heran\u00e7a cultural.<\/p>\n<p>Na Ol\u00e9 Mosaic, especializamo-nos na distribui\u00e7\u00e3o de lembran\u00e7as por grosso, e este porta-chaves de Sevilha \u00e9 uma excelente op\u00e7\u00e3o para lojas de recorda\u00e7\u00f5es tur\u00edsticas que procuram oferecer produtos aut\u00eanticos e significativos. Deixe-se seduzir pela cultura andaluza e fa\u00e7a deste porta-chaves um presente perfeito ou uma recorda\u00e7\u00e3o inesquec\u00edvel da sua visita a Sevilha.<\/p>\n","protected":false},"excerpt":{"rendered":"<p>Porta-chaves de madeira com a letra &#8220;S&#8221;, que representa Sevilha. Este elegante porta-chaves destaca-se pelas suas cores vivas e pelo design artesanal, pintado \u00e0 m\u00e3o, que ilustra elementos emblem\u00e1ticos da cidade, como a Giralda e outros motivos culturais. O acabamento de madeira e os detalhes art\u00edsticos tornam-no uma recorda\u00e7\u00e3o \u00fanica, ideal para levar a beleza sevilhana a qualquer lugar. Perfeito para os amantes desta encantadora regi\u00e3o espanhola.<\/p>\n","protected":false},"featured_media":10903,"template":"","meta":{"_acf_changed":false},"product_brand":[],"product_cat":[611],"product_tag":[612],"class_list":{"0":"post-33590","1":"product","2":"type-product","3":"status-publish","4":"has-post-thumbnail","6":"product_cat-porta-chaves","7":"product_tag-cartas","8":"pa_ciudad-sevilla","9":"pa_motivo-letra-s","10":"pa_pais-espana","12":"first","13":"instock","14":"shipping-taxable","15":"product-type-simple"},"acf":[],"_links":{"self":[{"href":"https:\/\/olemosaic.com\/pt-pt\/wp-json\/wp\/v2\/product\/33590","targetHints":{"allow":["GET"]}}],"collection":[{"href":"https:\/\/olemosaic.com\/pt-pt\/wp-json\/wp\/v2\/product"}],"about":[{"href":"https:\/\/olemosaic.com\/pt-pt\/wp-json\/wp\/v2\/types\/product"}],"wp:featuredmedia":[{"embeddable":true,"href":"https:\/\/olemosaic.com\/pt-pt\/wp-json\/wp\/v2\/media\/10903"}],"wp:attachment":[{"href":"https:\/\/olemosaic.com\/pt-pt\/wp-json\/wp\/v2\/media?parent=33590"}],"wp:term":[{"taxonomy":"product_brand","embeddable":true,"href":"https:\/\/olemosaic.com\/pt-pt\/wp-json\/wp\/v2\/product_brand?post=33590"},{"taxonomy":"product_cat","embeddable":true,"href":"https:\/\/olemosaic.com\/pt-pt\/wp-json\/wp\/v2\/product_cat?post=33590"},{"taxonomy":"product_tag","embeddable":true,"href":"https:\/\/olemosaic.com\/pt-pt\/wp-json\/wp\/v2\/product_tag?post=33590"}],"curies":[{"name":"wp","href":"https:\/\/api.w.org\/{rel}","templated":true}]}}