{"id":33589,"date":"2025-02-20T23:33:31","date_gmt":"2025-02-20T22:33:31","guid":{"rendered":"http:\/\/olemosaic.com\/producto\/llavero-de-madera-letra-r-sevilla\/"},"modified":"2025-07-25T18:43:39","modified_gmt":"2025-07-25T16:43:39","slug":"porta-chaves-de-madeira-letra-r-sevilha","status":"publish","type":"product","link":"https:\/\/olemosaic.com\/pt-pt\/produto\/porta-chaves-de-madeira-letra-r-sevilha\/","title":{"rendered":"Porta-chaves de madeira. Letra R. Sevilha."},"content":{"rendered":"<p>Este porta-chaves de madeira com a forma da letra &#8220;R&#8221; representa a emblem\u00e1tica cidade de Sevilha, capturando a sua ess\u00eancia vibrante e colorida num design encantador. A pe\u00e7a, com efeito pintado \u00e0 m\u00e3o com t\u00e9cnica de mosaico, apresenta detalhes ic\u00f3nicos como a Giralda, um s\u00edmbolo emblem\u00e1tico que se ergue majestosa no horizonte sevilhano. Al\u00e9m disso, elementos culturais fundamentais, como uma carruagem e palmeiras, evocam a rica hist\u00f3ria e o ambiente festivo da capital andaluza, criando uma recorda\u00e7\u00e3o duradoura e significativa.<\/p>\n<p>Visualmente, o porta-chaves combina cores vivas que se destacam sobre a madeira, com um fundo de mosaico que acrescenta textura e profundidade \u00e0 letra &#8220;R&#8221;. Este detalhe artesanal torna o porta-chaves uma excelente op\u00e7\u00e3o para quem procura lembran\u00e7as aut\u00eanticas e representativas. Os amantes de Sevilha encontrar\u00e3o neste porta-chaves un presente perfeito que encapsula a beleza da cidade e a sua vibrante cultura.<\/p>\n<p>A Ol\u00e9 Mosaic orgulha-se de oferecer produtos de qualidade, e este porta-chaves de madeira \u00e9 um exemplo ideal para lojas de recorda\u00e7\u00f5es tur\u00edsticas que desejem real\u00e7ar a sua oferta com lembran\u00e7as caracter\u00edsticas. Como grossista de artigos culturais, garantimos que cada pe\u00e7a conta com um design aut\u00eantico que far\u00e1 as del\u00edcias de turistas e locais. Este porta-chaves \u00e9, sem d\u00favida, uma recorda\u00e7\u00e3o que perdurar\u00e1 no tempo, lembrando os encantos de Sevilha.<\/p>\n","protected":false},"excerpt":{"rendered":"<p>Porta-chaves de madeira com a forma da letra &#8220;R&#8221;, que representa a cidade de Sevilha. Este atraente porta-chaves destaca-se pelo seu vibrante design artesanal, pintado \u00e0 m\u00e3o, onde se incluem elementos emblem\u00e1ticos como a Giralda e detalhes da cultura andaluza, como uma carruagem e palmeiras. A combina\u00e7\u00e3o de cores vivas e a t\u00e9cnica de mosaico conferem-lhe um car\u00e1ter distintivo, ideal para recordar o encanto de Sevilha em qualquer lugar. Uma recorda\u00e7\u00e3o perfeita para os amantes da cidade.<\/p>\n","protected":false},"featured_media":10902,"template":"","meta":{"_acf_changed":false},"product_brand":[],"product_cat":[611],"product_tag":[612],"class_list":{"0":"post-33589","1":"product","2":"type-product","3":"status-publish","4":"has-post-thumbnail","6":"product_cat-porta-chaves","7":"product_tag-cartas","8":"pa_ciudad-sevilla","9":"pa_motivo-letra-r","10":"pa_pais-espana","12":"first","13":"instock","14":"shipping-taxable","15":"product-type-simple"},"acf":[],"_links":{"self":[{"href":"https:\/\/olemosaic.com\/pt-pt\/wp-json\/wp\/v2\/product\/33589","targetHints":{"allow":["GET"]}}],"collection":[{"href":"https:\/\/olemosaic.com\/pt-pt\/wp-json\/wp\/v2\/product"}],"about":[{"href":"https:\/\/olemosaic.com\/pt-pt\/wp-json\/wp\/v2\/types\/product"}],"wp:featuredmedia":[{"embeddable":true,"href":"https:\/\/olemosaic.com\/pt-pt\/wp-json\/wp\/v2\/media\/10902"}],"wp:attachment":[{"href":"https:\/\/olemosaic.com\/pt-pt\/wp-json\/wp\/v2\/media?parent=33589"}],"wp:term":[{"taxonomy":"product_brand","embeddable":true,"href":"https:\/\/olemosaic.com\/pt-pt\/wp-json\/wp\/v2\/product_brand?post=33589"},{"taxonomy":"product_cat","embeddable":true,"href":"https:\/\/olemosaic.com\/pt-pt\/wp-json\/wp\/v2\/product_cat?post=33589"},{"taxonomy":"product_tag","embeddable":true,"href":"https:\/\/olemosaic.com\/pt-pt\/wp-json\/wp\/v2\/product_tag?post=33589"}],"curies":[{"name":"wp","href":"https:\/\/api.w.org\/{rel}","templated":true}]}}