{"id":33588,"date":"2025-02-20T22:33:31","date_gmt":"2025-02-20T22:33:31","guid":{"rendered":"http:\/\/olemosaic.com\/producto\/llavero-de-madera-letra-r-mosaico\/"},"modified":"2025-07-25T20:18:18","modified_gmt":"2025-07-25T18:18:18","slug":"porta-chaves-de-madeira-letra-r-mosaico","status":"publish","type":"product","link":"https:\/\/olemosaic.com\/pt-pt\/produto\/porta-chaves-de-madeira-letra-r-mosaico\/","title":{"rendered":"Porta-chaves de madeira. Letra R. Mosaico."},"content":{"rendered":"<p>Este porta-chaves de madeira com a forma da letra &#8220;R&#8221; \u00e9 uma pe\u00e7a \u00fanica que se destaca pelo seu vibrante design de mosaico, conferindo um toque art\u00edstico e moderno \u00e0s suas chaves. A requintada combina\u00e7\u00e3o de cores vivas, como vermelho, verde, azul e amarelo, evoca a rica tradi\u00e7\u00e3o do mosaico espanhol, presente na arquitetura de regi\u00f5es como a Catalunha, onde a arte do mosaico foi aperfei\u00e7oada por artistas de renome. Este porta-chaves n\u00e3o \u00e9 apenas um acess\u00f3rio pr\u00e1tico, mas tamb\u00e9m uma representa\u00e7\u00e3o da criatividade e do patrim\u00f3nio cultural de Espanha. Fabricado em madeira resistente, garante um acabamento atraente e duradouro, ideal para o uso di\u00e1rio. O seu design singular e colorido torna-o a lembran\u00e7a perfeita para quem procura uma recorda\u00e7\u00e3o aut\u00eantica e representativa da sua viagem. Na Ol\u00e9 Mosaic, como distribuidores de lembran\u00e7as por grosso, oferecemos produtos que encapsulam a ess\u00eancia cultural e art\u00edstica de Espanha. Este porta-chaves de mosaico \u00e9 uma excelente op\u00e7\u00e3o para lojas de recorda\u00e7\u00f5es tur\u00edsticas que desejem oferecer aos seus clientes um artigo que combine funcionalidade e arte. Certifique-se de inclu\u00ed-lo na sua sele\u00e7\u00e3o de lembran\u00e7as.<\/p>\n","protected":false},"excerpt":{"rendered":"<p>Porta-chaves de madeira com a forma da letra &#8220;R&#8221;, decorado com um vibrante design de mosaico. Este original porta-chaves apresenta uma combina\u00e7\u00e3o de cores vivas, como vermelho, verde, azul e amarelo, conferindo um toque art\u00edstico e moderno. Ideal para personalizar as suas chaves, este produto reflete a rica tradi\u00e7\u00e3o do mosaico espanhol, evocando o car\u00e1ter criativo de regi\u00f5es como a Catalunha. O seu material de madeira proporciona durabilidade e um acabamento atraente.<\/p>\n","protected":false},"featured_media":10768,"template":"","meta":{"_acf_changed":false},"product_brand":[],"product_cat":[611],"product_tag":[612],"class_list":{"0":"post-33588","1":"product","2":"type-product","3":"status-publish","4":"has-post-thumbnail","6":"product_cat-porta-chaves","7":"product_tag-cartas","8":"pa_motivo-letra-r","10":"first","11":"instock","12":"shipping-taxable","13":"product-type-simple"},"acf":[],"_links":{"self":[{"href":"https:\/\/olemosaic.com\/pt-pt\/wp-json\/wp\/v2\/product\/33588","targetHints":{"allow":["GET"]}}],"collection":[{"href":"https:\/\/olemosaic.com\/pt-pt\/wp-json\/wp\/v2\/product"}],"about":[{"href":"https:\/\/olemosaic.com\/pt-pt\/wp-json\/wp\/v2\/types\/product"}],"wp:featuredmedia":[{"embeddable":true,"href":"https:\/\/olemosaic.com\/pt-pt\/wp-json\/wp\/v2\/media\/10768"}],"wp:attachment":[{"href":"https:\/\/olemosaic.com\/pt-pt\/wp-json\/wp\/v2\/media?parent=33588"}],"wp:term":[{"taxonomy":"product_brand","embeddable":true,"href":"https:\/\/olemosaic.com\/pt-pt\/wp-json\/wp\/v2\/product_brand?post=33588"},{"taxonomy":"product_cat","embeddable":true,"href":"https:\/\/olemosaic.com\/pt-pt\/wp-json\/wp\/v2\/product_cat?post=33588"},{"taxonomy":"product_tag","embeddable":true,"href":"https:\/\/olemosaic.com\/pt-pt\/wp-json\/wp\/v2\/product_tag?post=33588"}],"curies":[{"name":"wp","href":"https:\/\/api.w.org\/{rel}","templated":true}]}}