{"id":33586,"date":"2025-02-20T22:33:30","date_gmt":"2025-02-20T22:33:30","guid":{"rendered":"http:\/\/olemosaic.com\/producto\/llavero-de-madera-letra-r-barcelona\/"},"modified":"2025-07-25T18:43:37","modified_gmt":"2025-07-25T16:43:37","slug":"porta-chaves-de-madeira-letra-r-barcelona","status":"publish","type":"product","link":"https:\/\/olemosaic.com\/pt-pt\/produto\/porta-chaves-de-madeira-letra-r-barcelona\/","title":{"rendered":"Porta-chaves de madeira. Letra R. Barcelona."},"content":{"rendered":"<p>Este porta-chaves de madeira com a forma da letra &#8220;R&#8221; \u00e9 uma homenagem exclusiva \u00e0 arquitetura modernista de Barcelona, destacando elementos ic\u00f3nicos como a Sagrada Fam\u00edlia. Com o seu design colorido, o porta-chaves capta a ess\u00eancia vibrante da cidade condal, adornado com tonalidades vivas que evocam as obras de Antoni Gaud\u00ed. A representa\u00e7\u00e3o da famosa bas\u00edlica no centro da letra real\u00e7a as suas extraordin\u00e1rias torres e detalhes, tornando este porta-chaves uma recorda\u00e7\u00e3o memor\u00e1vel e distintiva.<\/p>\n<p>Fabricado em madeira de alta qualidade, o porta-chaves n\u00e3o \u00e9 apenas um acess\u00f3rio \u00fatil para organizar as suas chaves, mas tamb\u00e9m reflete a rica tradi\u00e7\u00e3o art\u00edstica de Barcelona. Com um acabamento brilhante que real\u00e7a as cores do mosaico, cada detalhe \u00e9 cuidadosamente desenhado para oferecer uma vista espetacular, ideal para quem procura souvenirs representativos da cultura catal\u00e3.<\/p>\n<p>O porta-chaves &#8220;R&#8221; \u00e9 uma excelente op\u00e7\u00e3o tanto para turistas que desejam levar um peda\u00e7o de Barcelona consigo como para lojas de presentes tur\u00edsticos que procuram oferecer produtos aut\u00eanticos e culturais. Na Ol\u00e9 Mosaic, orgulhamo-nos de ser distribuidores de souvenirs de qualidade, assegurando que cada porta-chaves seja um s\u00edmbolo da rica heran\u00e7a da cidade e uma escolha perfeita para quem valoriza a autenticidade nas suas recorda\u00e7\u00f5es.<\/p>\n","protected":false},"excerpt":{"rendered":"<p>Porta-chaves de madeira com a forma da letra &#8220;R&#8221;, inspirado na arquitetura modernista de Barcelona. Este distintivo porta-chaves apresenta um design colorido com elementos ic\u00f3nicos como a Sagrada Fam\u00edlia, adornado com tonalidades vibrantes e detalhes de mosaico que evocam a obra de Gaud\u00ed. O seu acabamento em madeira e a argola met\u00e1lica garantem durabilidade e atratividade, tornando-o uma recorda\u00e7\u00e3o \u00fanica da Cidade Condal.<\/p>\n","protected":false},"featured_media":10503,"template":"","meta":{"_acf_changed":false},"product_brand":[],"product_cat":[611],"product_tag":[612],"class_list":{"0":"post-33586","1":"product","2":"type-product","3":"status-publish","4":"has-post-thumbnail","6":"product_cat-porta-chaves","7":"product_tag-cartas","8":"pa_ciudad-barcelona","9":"pa_motivo-letra-r","10":"pa_pais-espana","12":"first","13":"instock","14":"shipping-taxable","15":"product-type-simple"},"acf":[],"_links":{"self":[{"href":"https:\/\/olemosaic.com\/pt-pt\/wp-json\/wp\/v2\/product\/33586","targetHints":{"allow":["GET"]}}],"collection":[{"href":"https:\/\/olemosaic.com\/pt-pt\/wp-json\/wp\/v2\/product"}],"about":[{"href":"https:\/\/olemosaic.com\/pt-pt\/wp-json\/wp\/v2\/types\/product"}],"wp:featuredmedia":[{"embeddable":true,"href":"https:\/\/olemosaic.com\/pt-pt\/wp-json\/wp\/v2\/media\/10503"}],"wp:attachment":[{"href":"https:\/\/olemosaic.com\/pt-pt\/wp-json\/wp\/v2\/media?parent=33586"}],"wp:term":[{"taxonomy":"product_brand","embeddable":true,"href":"https:\/\/olemosaic.com\/pt-pt\/wp-json\/wp\/v2\/product_brand?post=33586"},{"taxonomy":"product_cat","embeddable":true,"href":"https:\/\/olemosaic.com\/pt-pt\/wp-json\/wp\/v2\/product_cat?post=33586"},{"taxonomy":"product_tag","embeddable":true,"href":"https:\/\/olemosaic.com\/pt-pt\/wp-json\/wp\/v2\/product_tag?post=33586"}],"curies":[{"name":"wp","href":"https:\/\/api.w.org\/{rel}","templated":true}]}}