{"id":33584,"date":"2025-02-20T23:33:30","date_gmt":"2025-02-20T22:33:30","guid":{"rendered":"http:\/\/olemosaic.com\/producto\/llavero-de-madera-letra-q-barcelona\/"},"modified":"2025-07-25T18:42:48","modified_gmt":"2025-07-25T16:42:48","slug":"porta-chaves-de-madeira-letra-q-barcelona","status":"publish","type":"product","link":"https:\/\/olemosaic.com\/pt-pt\/produto\/porta-chaves-de-madeira-letra-q-barcelona\/","title":{"rendered":"Porta-chaves de madeira. Letra Q. Barcelona."},"content":{"rendered":"<p>Este porta-chaves de madeira com a forma da letra &#8220;Q&#8221; \u00e9 uma representa\u00e7\u00e3o vibrante da magia arquitet\u00f3nica de Barcelona. Destaca \u00edcones do modernismo catal\u00e3o, como as emblem\u00e1ticas torres da Sagrada Fam\u00edlia e os coloridos mosaicos, tornando-se uma recorda\u00e7\u00e3o \u00fanica da cidade. O seu design, pintado \u00e0 m\u00e3o, destaca-se com tons intensos como o vermelho, azul e verde, criando um apelo visual que n\u00e3o passa despercebido. Cada detalhe, meticulosamente elaborado, conta uma hist\u00f3ria que celebra a criatividade e a arte que caracterizam Barcelona, o que torna este porta-chaves uma excelente recorda\u00e7\u00e3o para os turistas que procuram algo aut\u00eantico e representativo da sua visita.<\/p>\n<p>Este porta-chaves n\u00e3o s\u00f3 acrescenta um toque art\u00edstico \u00e0s suas chaves, como tamb\u00e9m evoca a ess\u00eancia de uma cidade rica em cultura e tradi\u00e7\u00e3o. A letra &#8220;Q&#8221; pode ser interpretada como uma inicial pessoal, um aceno \u00e0 originalidade de cada viajante que leva consigo um peda\u00e7o de Barcelona. Na Ol\u00e9 Mosaic, especializamo-nos na distribui\u00e7\u00e3o de souvenirs por grosso, o que nos permite oferecer produtos de qualidade como este porta-chaves de madeira, perfeito para lojas de presentes tur\u00edsticos que querem real\u00e7ar a ess\u00eancia da cidade atrav\u00e9s de artigos aut\u00eanticos e memor\u00e1veis. Como distribuidores de souvenirs de Barcelona, oferecemos este porta-chaves como uma excelente op\u00e7\u00e3o para se destacar na sua loja.<\/p>\n","protected":false},"excerpt":{"rendered":"<p>Porta-chaves de madeira com a forma da letra &#8220;Q&#8221;, decorado com estruturas ic\u00f3nicas de Barcelona. Este atrativo porta-chaves apresenta um design vibrante artesanal, pintado \u00e0 m\u00e3o, com elementos representativos da arquitetura modernista de la cidade, como torres e mosaicos coloridos. Com um acabamento que real\u00e7a as cores vermelho, azul e verde, \u00e9 o souvenir perfeito para recordar a beleza de Barcelona, ao mesmo tempo que acrescenta um toque art\u00edstico \u00e0s suas chaves.<\/p>\n","protected":false},"featured_media":10502,"template":"","meta":{"_acf_changed":false},"product_brand":[],"product_cat":[611],"product_tag":[612],"class_list":{"0":"post-33584","1":"product","2":"type-product","3":"status-publish","4":"has-post-thumbnail","6":"product_cat-porta-chaves","7":"product_tag-cartas","8":"pa_ciudad-barcelona","9":"pa_motivo-letra-q","10":"pa_pais-espana","12":"first","13":"instock","14":"shipping-taxable","15":"product-type-simple"},"acf":[],"_links":{"self":[{"href":"https:\/\/olemosaic.com\/pt-pt\/wp-json\/wp\/v2\/product\/33584","targetHints":{"allow":["GET"]}}],"collection":[{"href":"https:\/\/olemosaic.com\/pt-pt\/wp-json\/wp\/v2\/product"}],"about":[{"href":"https:\/\/olemosaic.com\/pt-pt\/wp-json\/wp\/v2\/types\/product"}],"wp:featuredmedia":[{"embeddable":true,"href":"https:\/\/olemosaic.com\/pt-pt\/wp-json\/wp\/v2\/media\/10502"}],"wp:attachment":[{"href":"https:\/\/olemosaic.com\/pt-pt\/wp-json\/wp\/v2\/media?parent=33584"}],"wp:term":[{"taxonomy":"product_brand","embeddable":true,"href":"https:\/\/olemosaic.com\/pt-pt\/wp-json\/wp\/v2\/product_brand?post=33584"},{"taxonomy":"product_cat","embeddable":true,"href":"https:\/\/olemosaic.com\/pt-pt\/wp-json\/wp\/v2\/product_cat?post=33584"},{"taxonomy":"product_tag","embeddable":true,"href":"https:\/\/olemosaic.com\/pt-pt\/wp-json\/wp\/v2\/product_tag?post=33584"}],"curies":[{"name":"wp","href":"https:\/\/api.w.org\/{rel}","templated":true}]}}