{"id":33582,"date":"2025-02-20T23:33:29","date_gmt":"2025-02-20T22:33:29","guid":{"rendered":"http:\/\/olemosaic.com\/producto\/llavero-de-madera-letra-p-valencia\/"},"modified":"2025-07-25T19:51:28","modified_gmt":"2025-07-25T17:51:28","slug":"porta-chaves-de-madeira-letra-p-valencia","status":"publish","type":"product","link":"https:\/\/olemosaic.com\/pt-pt\/produto\/porta-chaves-de-madeira-letra-p-valencia\/","title":{"rendered":"Porta-chaves de madeira. Letra P. Val\u00eancia."},"content":{"rendered":"<p>Este requintado porta-chaves de madeira com a forma da letra &#8220;P&#8221; \u00e9 uma recorda\u00e7\u00e3o inspirada na vibrante cidade de Val\u00eancia. Com um design colorido que capta a ess\u00eancia desta emblem\u00e1tica urbe, o porta-chaves destaca elementos ic\u00f3nicos como a impressionante Cidade das Artes e das Ci\u00eancias, representados em vistosos tons azuis, vermelhos e amarelos. A letra &#8220;P&#8221;, que simboliza n\u00e3o s\u00f3 a cidade, mas tamb\u00e9m a personaliza\u00e7\u00e3o que cada turista procura, est\u00e1 adornada com um mosaico que evoca o caracter\u00edstico estilo arquitet\u00f3nico da regi\u00e3o, tornando-o um souvenir aut\u00eantico e atrativo.<\/p>\n<p>Este porta-chaves combina funcionalidade e est\u00e9tica, com uma resistente argola de metal que assegura uma durabilidade ideal, perfeito para guardar as suas chaves ou como um detalhe especial para decorar a sua mochila. O seu design art\u00edstico n\u00e3o s\u00f3 real\u00e7a a riqueza cultural de Val\u00eancia, como tamb\u00e9m o torna uma excelente op\u00e7\u00e3o para aqueles que desejam levar um pedacinho da cidade consigo.<\/p>\n<p>Na Ol\u00e9 Mosaic, somos distribuidores de produtos aut\u00eanticos que simbolizam o patrim\u00f3nio espanhol, e este porta-chaves \u00e9 uma op\u00e7\u00e3o privilegiada para lojas de presentes tur\u00edsticos que desejam oferecer souvenirs relevantes e de qualidade. Ideal para quem procura uma bonita recorda\u00e7\u00e3o da sua visita a Val\u00eancia, este porta-chaves posiciona-se como um presente significativo e cheio de estilo.<\/p>\n","protected":false},"excerpt":{"rendered":"<p>Porta-chaves de madeira com a forma da letra \u201cP\u201d, inspirado na cidade de Val\u00eancia. Este atrativo porta-chaves apresenta um design colorido com elementos ic\u00f3nicos da cidade, como a Cidade das Artes e das Ci\u00eancias, destacados em chamativos tons azuis, vermelhos e amarelos. Decorado com um mosaico que evoca o estilo arquitet\u00f3nico da regi\u00e3o, o porta-chaves conta com uma argola met\u00e1lica para um uso pr\u00e1tico e duradouro, perfeito como recorda\u00e7\u00e3o ou presente.<\/p>\n","protected":false},"featured_media":10874,"template":"","meta":{"_acf_changed":false},"product_brand":[],"product_cat":[611],"product_tag":[612],"class_list":{"0":"post-33582","1":"product","2":"type-product","3":"status-publish","4":"has-post-thumbnail","6":"product_cat-porta-chaves","7":"product_tag-cartas","8":"pa_ciudad-valencia","9":"pa_motivo-letra-p","10":"pa_pais-espana","12":"first","13":"instock","14":"shipping-taxable","15":"product-type-simple"},"acf":[],"_links":{"self":[{"href":"https:\/\/olemosaic.com\/pt-pt\/wp-json\/wp\/v2\/product\/33582","targetHints":{"allow":["GET"]}}],"collection":[{"href":"https:\/\/olemosaic.com\/pt-pt\/wp-json\/wp\/v2\/product"}],"about":[{"href":"https:\/\/olemosaic.com\/pt-pt\/wp-json\/wp\/v2\/types\/product"}],"wp:featuredmedia":[{"embeddable":true,"href":"https:\/\/olemosaic.com\/pt-pt\/wp-json\/wp\/v2\/media\/10874"}],"wp:attachment":[{"href":"https:\/\/olemosaic.com\/pt-pt\/wp-json\/wp\/v2\/media?parent=33582"}],"wp:term":[{"taxonomy":"product_brand","embeddable":true,"href":"https:\/\/olemosaic.com\/pt-pt\/wp-json\/wp\/v2\/product_brand?post=33582"},{"taxonomy":"product_cat","embeddable":true,"href":"https:\/\/olemosaic.com\/pt-pt\/wp-json\/wp\/v2\/product_cat?post=33582"},{"taxonomy":"product_tag","embeddable":true,"href":"https:\/\/olemosaic.com\/pt-pt\/wp-json\/wp\/v2\/product_tag?post=33582"}],"curies":[{"name":"wp","href":"https:\/\/api.w.org\/{rel}","templated":true}]}}