{"id":33560,"date":"2025-02-20T23:33:29","date_gmt":"2025-02-20T22:33:29","guid":{"rendered":"http:\/\/olemosaic.com\/producto\/llavero-de-madera-letra-p-barcelona-2\/"},"modified":"2025-07-25T19:05:50","modified_gmt":"2025-07-25T17:05:50","slug":"porta-chaves-de-madeira-letra-p-barcelona-2","status":"publish","type":"product","link":"https:\/\/olemosaic.com\/pt-pt\/produto\/porta-chaves-de-madeira-letra-p-barcelona-2\/","title":{"rendered":"Porta-chaves de madeira. Letra P. Sagrada Fam\u00edlia. Barcelona."},"content":{"rendered":"<p>Este porta-chaves de madeira com a forma da letra &#8220;P&#8221; \u00e9 uma recorda\u00e7\u00e3o encantadora de Barcelona, desenhado para captar a ess\u00eancia vibrante desta ic\u00f3nica cidade. Com um acabamento em tons de azul, vermelho e verde, o porta-chaves apresenta elementos visuais inspirados em obras-primas de Antoni Gaud\u00ed, como a Sagrada Fam\u00edlia. A representa\u00e7\u00e3o colorida inclui mosaicos e formas org\u00e2nicas que evocam o estilo \u00fanico e distintivo deste famoso arquiteto, refletindo a criatividade e a riqueza cultural da cidade.<\/p>\n<p>O porta-chaves destaca-se pelo seu design exclusivo, onde o &#8220;P&#8221;, como inicial, pode ser personalizado para o nome de quem o usa. Cada detalhe foi cuidadosamente elaborado, fundindo a eleg\u00e2ncia da madeira com t\u00e9cnicas de ilustra\u00e7\u00e3o contempor\u00e2nea, o que o torna um acess\u00f3rio atraente tanto para uso pessoal como para oferecer.<\/p>\n<p>Ideal como souvenir, este porta-chaves n\u00e3o serve apenas como um objeto pr\u00e1tico, mas tamb\u00e9m como uma recorda\u00e7\u00e3o das maravilhas de Barcelona. \u00c9 uma excelente op\u00e7\u00e3o para turistas que procuram levar um peda\u00e7o da cultura barcelonesa. Na Ol\u00e9 Mosaic, somos distribuidores de souvenirs aut\u00eanticos, e este porta-chaves \u00e9 uma sele\u00e7\u00e3o brilhante para lojas de presentes tur\u00edsticos que desejem oferecer artigos que realcem a beleza e o encanto desta emblem\u00e1tica cidade. Com este porta-chaves de Barcelona, cada dia pode lig\u00e1-lo \u00e0 magia da arte e da hist\u00f3ria que definem esta metr\u00f3pole.<\/p>\n","protected":false},"excerpt":{"rendered":"<p>Porta-chaves de madeira com a forma da letra &#8220;P&#8221;, inspirado na vibrante cidade de Barcelona. Este design exclusivo incorpora elementos ic\u00f3nicos como a Sagrada Fam\u00edlia e cores chamativas que evocam o estilo de Gaud\u00ed. Com uma base em tons de azul, vermelho e verde, este porta-chaves \u00e9 um atraente souvenir ideal para levar um peda\u00e7o da cultura barcelonesa sempre consigo. Perfeito tanto para uso pessoal como para oferecer.<\/p>\n","protected":false},"featured_media":10527,"template":"","meta":{"_acf_changed":false},"product_brand":[],"product_cat":[611],"product_tag":[612],"class_list":{"0":"post-33560","1":"product","2":"type-product","3":"status-publish","4":"has-post-thumbnail","6":"product_cat-porta-chaves","7":"product_tag-cartas","8":"pa_ciudad-barcelona","9":"pa_motivo-letra-p","10":"pa_pais-espana","12":"first","13":"instock","14":"shipping-taxable","15":"product-type-simple"},"acf":[],"_links":{"self":[{"href":"https:\/\/olemosaic.com\/pt-pt\/wp-json\/wp\/v2\/product\/33560","targetHints":{"allow":["GET"]}}],"collection":[{"href":"https:\/\/olemosaic.com\/pt-pt\/wp-json\/wp\/v2\/product"}],"about":[{"href":"https:\/\/olemosaic.com\/pt-pt\/wp-json\/wp\/v2\/types\/product"}],"wp:featuredmedia":[{"embeddable":true,"href":"https:\/\/olemosaic.com\/pt-pt\/wp-json\/wp\/v2\/media\/10527"}],"wp:attachment":[{"href":"https:\/\/olemosaic.com\/pt-pt\/wp-json\/wp\/v2\/media?parent=33560"}],"wp:term":[{"taxonomy":"product_brand","embeddable":true,"href":"https:\/\/olemosaic.com\/pt-pt\/wp-json\/wp\/v2\/product_brand?post=33560"},{"taxonomy":"product_cat","embeddable":true,"href":"https:\/\/olemosaic.com\/pt-pt\/wp-json\/wp\/v2\/product_cat?post=33560"},{"taxonomy":"product_tag","embeddable":true,"href":"https:\/\/olemosaic.com\/pt-pt\/wp-json\/wp\/v2\/product_tag?post=33560"}],"curies":[{"name":"wp","href":"https:\/\/api.w.org\/{rel}","templated":true}]}}