{"id":33557,"date":"2025-02-20T23:33:29","date_gmt":"2025-02-20T22:33:29","guid":{"rendered":"http:\/\/olemosaic.com\/producto\/llavero-de-madera-letra-o-sevilla\/"},"modified":"2025-07-25T18:46:22","modified_gmt":"2025-07-25T16:46:22","slug":"porta-chaves-de-madeira-letra-o-sevilha","status":"publish","type":"product","link":"https:\/\/olemosaic.com\/pt-pt\/produto\/porta-chaves-de-madeira-letra-o-sevilha\/","title":{"rendered":"Porta-chaves de madeira. Letra O. Sevilha."},"content":{"rendered":"<p>Este porta-chaves de madeira com a forma da letra &#8220;O&#8221; \u00e9 um presente ideal que capta a ess\u00eancia de Sevilha, uma cidade famosa pela sua rica hist\u00f3ria e pelos seus monumentos emblem\u00e1ticos. Desenhado com um estilo colorido e vibrante, este porta-chaves apresenta ilustra\u00e7\u00f5es da famosa Torre del Oro e da majestosa Catedral de Sevilha, representa\u00e7\u00f5es ic\u00f3nicas da cidade. As imagens est\u00e3o rodeadas de detalhes art\u00edsticos que evocam os belos azulejos sevilhanos, um elemento fundamental do patrim\u00f3nio cultural andaluz.<\/p>\n<p>Com um acabamento brilhante que real\u00e7a as tonalidades vivas do design, o porta-chaves n\u00e3o \u00e9 apenas atraente \u00e0 vista, mas tamb\u00e9m pr\u00e1tico gra\u00e7as ao seu robusto aro de metal, perfeito para manter as chaves organizadas. Este souvenir de Sevilha torna-se uma recorda\u00e7\u00e3o di\u00e1ria dos encantos desta hist\u00f3rica cidade andaluza e do seu patrim\u00f3nio arquitet\u00f3nico.<\/p>\n<p>Adquirir este porta-chaves n\u00e3o significa apenas levar um acess\u00f3rio funcional, mas tamb\u00e9m uma pe\u00e7a cultural que presta homenagem \u00e0s tradi\u00e7\u00f5es locais. Na Ol\u00e9 Mosaic, como especialistas na distribui\u00e7\u00e3o de souvenirs por grosso, oferecemos este porta-chaves de madeira como uma op\u00e7\u00e3o aut\u00eantica e significativa para lojas de presentes tur\u00edsticos. \u00c9 uma excelente escolha para quem procura souvenirs de qualidade que captem o esp\u00edrito de Sevilha.<\/p>\n","protected":false},"excerpt":{"rendered":"<p>Porta-chaves de madeira com a forma da letra &#8220;O&#8221;, que representa Sevilha com um design colorido que destaca elementos emblem\u00e1ticos da cidade. Este porta-chaves apresenta ilustra\u00e7\u00f5es vibrantes da Torre del Oro e da Catedral, rodeadas de detalhes art\u00edsticos que evocam o famoso azulejo sevilhano. Com um acabamento brilhante e uma anilha met\u00e1lica pr\u00e1tica, \u00e9 um souvenir ideal que combina artesanato tradicional com um design moderno e atraente.<\/p>\n","protected":false},"featured_media":10899,"template":"","meta":{"_acf_changed":false},"product_brand":[],"product_cat":[611],"product_tag":[612],"class_list":{"0":"post-33557","1":"product","2":"type-product","3":"status-publish","4":"has-post-thumbnail","6":"product_cat-porta-chaves","7":"product_tag-cartas","8":"pa_ciudad-sevilla","9":"pa_motivo-letra-o","10":"pa_pais-espana","12":"first","13":"instock","14":"shipping-taxable","15":"product-type-simple"},"acf":[],"_links":{"self":[{"href":"https:\/\/olemosaic.com\/pt-pt\/wp-json\/wp\/v2\/product\/33557","targetHints":{"allow":["GET"]}}],"collection":[{"href":"https:\/\/olemosaic.com\/pt-pt\/wp-json\/wp\/v2\/product"}],"about":[{"href":"https:\/\/olemosaic.com\/pt-pt\/wp-json\/wp\/v2\/types\/product"}],"wp:featuredmedia":[{"embeddable":true,"href":"https:\/\/olemosaic.com\/pt-pt\/wp-json\/wp\/v2\/media\/10899"}],"wp:attachment":[{"href":"https:\/\/olemosaic.com\/pt-pt\/wp-json\/wp\/v2\/media?parent=33557"}],"wp:term":[{"taxonomy":"product_brand","embeddable":true,"href":"https:\/\/olemosaic.com\/pt-pt\/wp-json\/wp\/v2\/product_brand?post=33557"},{"taxonomy":"product_cat","embeddable":true,"href":"https:\/\/olemosaic.com\/pt-pt\/wp-json\/wp\/v2\/product_cat?post=33557"},{"taxonomy":"product_tag","embeddable":true,"href":"https:\/\/olemosaic.com\/pt-pt\/wp-json\/wp\/v2\/product_tag?post=33557"}],"curies":[{"name":"wp","href":"https:\/\/api.w.org\/{rel}","templated":true}]}}