{"id":33551,"date":"2025-02-20T23:33:29","date_gmt":"2025-02-20T22:33:29","guid":{"rendered":"http:\/\/olemosaic.com\/producto\/llavero-de-madera-letra-o-madrid\/"},"modified":"2025-07-25T19:10:53","modified_gmt":"2025-07-25T17:10:53","slug":"porta-chaves-de-madeira-letra-o-madrid","status":"publish","type":"product","link":"https:\/\/olemosaic.com\/pt-pt\/produto\/porta-chaves-de-madeira-letra-o-madrid\/","title":{"rendered":"Porta-chaves de madeira. Letra O. Madrid."},"content":{"rendered":"<p>Este porta-chaves de madeira com a forma da letra &#8220;O&#8221; \u00e9 uma encantadora recorda\u00e7\u00e3o que presta homenagem \u00e0 emblem\u00e1tica Puerta del Sol de Madrid. Com um design vibrante e cheio de vida, este acess\u00f3rio capta a ess\u00eancia da cidade, apresentando mosaicos de cores que retratam figuras tradicionais no cora\u00e7\u00e3o da capital espanhola. Decorado \u00e0 m\u00e3o, o porta-chaves destaca-se por elementos distintivos como o famoso sinal do metro de Madrid e o ic\u00f3nico rel\u00f3gio da pra\u00e7a, s\u00edmbolos que representam n\u00e3o s\u00f3 a localiza\u00e7\u00e3o geogr\u00e1fica, mas tamb\u00e9m a rica hist\u00f3ria cultural da cidade.<\/p>\n<p>A letra &#8220;O&#8221; n\u00e3o s\u00f3 \u00e9 atraente pela sua forma, como tamb\u00e9m reflete a alegria e o dinamismo que caracterizam Madrid. O cuidadoso trabalho artesanal, com detalhes de cores brilhantes e motivos representativos, faz deste porta-chaves um produto \u00fanico, ideal para levar um pedacinho da cidade consigo. Esta recorda\u00e7\u00e3o de Madrid, com a sua autenticidade e car\u00e1ter distintivo, \u00e9 perfeita para turistas que procuram recorda\u00e7\u00f5es significativas que encapsulem a cultura local.<\/p>\n<p>Na Ol\u00e9 Mosaic, como grossista de recorda\u00e7\u00f5es, oferecemos produtos que real\u00e7am o melhor de cada regi\u00e3o. Este porta-chaves de madeira \u00e9 uma excelente op\u00e7\u00e3o para lojas de presentes tur\u00edsticos que procuram artigos de qualidade e valor cultural.<\/p>\n","protected":false},"excerpt":{"rendered":"<p>Porta-chaves de madeira com a forma da letra &#8220;O&#8221;, inspirado na emblem\u00e1tica Puerta del Sol de Madrid. Este atraente porta-chaves apresenta um design vibrante com mosaicos de cores que retratam figuras tradicionais no cora\u00e7\u00e3o da cidade. Decorado com estilo artesanal, inclui elementos distintivos como o s\u00edmbolo do metro e o ic\u00f3nico rel\u00f3gio da pra\u00e7a, combinando t\u00e9cnicas modernas e art\u00edsticas que captam a ess\u00eancia cultural de Madrid. Ideal para levar um pedacinho da cidade consigo.<\/p>\n","protected":false},"featured_media":10847,"template":"","meta":{"_acf_changed":false},"product_brand":[],"product_cat":[611],"product_tag":[612],"class_list":{"0":"post-33551","1":"product","2":"type-product","3":"status-publish","4":"has-post-thumbnail","6":"product_cat-porta-chaves","7":"product_tag-cartas","8":"pa_ciudad-madrid","9":"pa_motivo-letra-o","10":"pa_pais-espana","12":"first","13":"instock","14":"shipping-taxable","15":"product-type-simple"},"acf":[],"_links":{"self":[{"href":"https:\/\/olemosaic.com\/pt-pt\/wp-json\/wp\/v2\/product\/33551","targetHints":{"allow":["GET"]}}],"collection":[{"href":"https:\/\/olemosaic.com\/pt-pt\/wp-json\/wp\/v2\/product"}],"about":[{"href":"https:\/\/olemosaic.com\/pt-pt\/wp-json\/wp\/v2\/types\/product"}],"wp:featuredmedia":[{"embeddable":true,"href":"https:\/\/olemosaic.com\/pt-pt\/wp-json\/wp\/v2\/media\/10847"}],"wp:attachment":[{"href":"https:\/\/olemosaic.com\/pt-pt\/wp-json\/wp\/v2\/media?parent=33551"}],"wp:term":[{"taxonomy":"product_brand","embeddable":true,"href":"https:\/\/olemosaic.com\/pt-pt\/wp-json\/wp\/v2\/product_brand?post=33551"},{"taxonomy":"product_cat","embeddable":true,"href":"https:\/\/olemosaic.com\/pt-pt\/wp-json\/wp\/v2\/product_cat?post=33551"},{"taxonomy":"product_tag","embeddable":true,"href":"https:\/\/olemosaic.com\/pt-pt\/wp-json\/wp\/v2\/product_tag?post=33551"}],"curies":[{"name":"wp","href":"https:\/\/api.w.org\/{rel}","templated":true}]}}