{"id":33550,"date":"2025-02-20T23:33:28","date_gmt":"2025-02-20T22:33:28","guid":{"rendered":"http:\/\/olemosaic.com\/producto\/llavero-de-madera-letra-o-barcelona-2\/"},"modified":"2025-07-25T18:35:00","modified_gmt":"2025-07-25T16:35:00","slug":"porta-chaves-de-madeira-letra-o-barcelona-2","status":"publish","type":"product","link":"https:\/\/olemosaic.com\/pt-pt\/produto\/porta-chaves-de-madeira-letra-o-barcelona-2\/","title":{"rendered":"Porta-chaves de madeira. Letra O. Sagrada Fam\u00edlia. Barcelona."},"content":{"rendered":"<p>Este porta-chaves de madeira com a forma da letra &#8220;O&#8221; \u00e9 uma encantadora recorda\u00e7\u00e3o inspirada na vibrante cidade de Barcelona. Com uma representa\u00e7\u00e3o visual cativante, este acess\u00f3rio destaca a ic\u00f3nica Sagrada Fam\u00edlia, cujos majestosos pin\u00e1culos em tons vermelhos brilhantes emergem com for\u00e7a no design. Ao seu redor, atraentes ilustra\u00e7\u00f5es de mosaicos coloridos e elementos arquitet\u00f3nicos \u00fanicos evocam a criatividade e o estilo distintivo da cidade, fazendo deste porta-chaves uma recorda\u00e7\u00e3o memor\u00e1vel.<\/p>\n<p>A t\u00e9cnica de pintura \u00e0 m\u00e3o enfatiza os detalhes meticulosos de cada design, desde os tons vibrantes dos mosaicos at\u00e9 ao intrincado acabamento que reflete o sol de Barcelona. O porta-chaves \u00e9 leve e f\u00e1cil de transportar, ideal para recordar a ess\u00eancia de uma das cidades mais belas da Europa em qualquer lugar.<\/p>\n<p>Este porta-chaves de Barcelona \u00e9 um excelente e original presente, perfeito para turistas que procuram levar um peda\u00e7o da rica cultura catal\u00e3. Na Ol\u00e9 Mosaic, o seu distribuidor de recorda\u00e7\u00f5es por grosso, oferecemos produtos aut\u00eanticos e representativos, garantindo qualidade em cada detalhe. Este porta-chaves \u00e9 uma op\u00e7\u00e3o ideal para lojas de presentes tur\u00edsticos que desejem oferecer artigos que liguem os visitantes \u00e0 hist\u00f3ria e \u00e0 arte de Barcelona.<\/p>\n","protected":false},"excerpt":{"rendered":"<p>Porta-chaves de madeira com a forma da letra &#8220;O&#8221;, inspirado na vibrante cidade de Barcelona. Este acess\u00f3rio chamativo apresenta ilustra\u00e7\u00f5es coloridas da majestosa Sagrada Fam\u00edlia e elementos representativos, como mosaicos e motivos arquitet\u00f3nicos \u00fanicos. A t\u00e9cnica de design artesanal, pintado \u00e0 m\u00e3o, real\u00e7a os detalhes art\u00edsticos, com tons brilhantes e um acabamento atraente que evoca o esp\u00edrito criativo da cidade. Perfeito para recordar a sua visita a Barcelona ou como presente original.<\/p>\n","protected":false},"featured_media":10526,"template":"","meta":{"_acf_changed":false},"product_brand":[],"product_cat":[611],"product_tag":[612],"class_list":{"0":"post-33550","1":"product","2":"type-product","3":"status-publish","4":"has-post-thumbnail","6":"product_cat-porta-chaves","7":"product_tag-cartas","8":"pa_ciudad-barcelona","9":"pa_motivo-letra-o","10":"pa_pais-espana","12":"first","13":"instock","14":"shipping-taxable","15":"product-type-simple"},"acf":[],"_links":{"self":[{"href":"https:\/\/olemosaic.com\/pt-pt\/wp-json\/wp\/v2\/product\/33550","targetHints":{"allow":["GET"]}}],"collection":[{"href":"https:\/\/olemosaic.com\/pt-pt\/wp-json\/wp\/v2\/product"}],"about":[{"href":"https:\/\/olemosaic.com\/pt-pt\/wp-json\/wp\/v2\/types\/product"}],"wp:featuredmedia":[{"embeddable":true,"href":"https:\/\/olemosaic.com\/pt-pt\/wp-json\/wp\/v2\/media\/10526"}],"wp:attachment":[{"href":"https:\/\/olemosaic.com\/pt-pt\/wp-json\/wp\/v2\/media?parent=33550"}],"wp:term":[{"taxonomy":"product_brand","embeddable":true,"href":"https:\/\/olemosaic.com\/pt-pt\/wp-json\/wp\/v2\/product_brand?post=33550"},{"taxonomy":"product_cat","embeddable":true,"href":"https:\/\/olemosaic.com\/pt-pt\/wp-json\/wp\/v2\/product_cat?post=33550"},{"taxonomy":"product_tag","embeddable":true,"href":"https:\/\/olemosaic.com\/pt-pt\/wp-json\/wp\/v2\/product_tag?post=33550"}],"curies":[{"name":"wp","href":"https:\/\/api.w.org\/{rel}","templated":true}]}}