{"id":33549,"date":"2025-02-20T23:33:28","date_gmt":"2025-02-20T22:33:28","guid":{"rendered":"http:\/\/olemosaic.com\/producto\/llavero-de-madera-letra-n-barcelona-2\/"},"modified":"2025-07-25T19:41:48","modified_gmt":"2025-07-25T17:41:48","slug":"porta-chaves-de-madeira-letra-n-barcelona-2","status":"publish","type":"product","link":"https:\/\/olemosaic.com\/pt-pt\/produto\/porta-chaves-de-madeira-letra-n-barcelona-2\/","title":{"rendered":"Porta-chaves de madeira. Letra N. Sagrada Fam\u00edlia. Barcelona."},"content":{"rendered":"<p>Este porta-chaves de madeira com a forma da letra &#8220;N&#8221; \u00e9 uma encantadora representa\u00e7\u00e3o da vibrante cidade de Barcelona, ideal para quem deseja levar um pedacinho da sua cultura para todo o lado. Este acess\u00f3rio original apresenta um design pintado \u00e0 m\u00e3o que destaca, com especial \u00eanfase, a famosa Sagrada Fam\u00edlia, um s\u00edmbolo ic\u00f3nico da cidade, entre outros elementos emblem\u00e1ticos que refletem a ess\u00eancia catal\u00e3. As cores brilhantes da ilustra\u00e7\u00e3o, que incluem vermelhos intensos, azuis profundos e amarelos radiantes, captam a alegria e vitalidade de Barcelona, fazendo deste porta-chaves uma pe\u00e7a \u00fanica.<\/p>\n<p>Com a sua estrutura leve, este porta-chaves \u00e9 f\u00e1cil de transportar, tornando-se um acess\u00f3rio perfeito para personalizar as suas chaves ou adicionar um toque especial \u00e0 sua mala. A liga\u00e7\u00e3o cultural e art\u00edstica desta recorda\u00e7\u00e3o com Barcelona \u00e9 ineg\u00e1vel, pois evoca o legado de Antoni Gaud\u00ed e a arquitetura modernista que define a cidade. Este porta-chaves n\u00e3o \u00e9 apenas um objeto pr\u00e1tico do quotidiano; \u00e9 tamb\u00e9m uma recorda\u00e7\u00e3o representativa de Barcelona, perfeita para turistas que procuram um souvenir aut\u00eantico e evocativo.<\/p>\n<p>Na Ol\u00e9 Mosaic, especializamo-nos na distribui\u00e7\u00e3o de recorda\u00e7\u00f5es por grosso, e este porta-chaves de madeira apresenta-se como uma excelente op\u00e7\u00e3o para lojas de presentes tur\u00edsticos que procuram oferecer produtos aut\u00eanticos e de qualidade. Com as nossas pe\u00e7as, garantimos que cada cliente leve um peda\u00e7o de Barcelona, fazendo deste porta-chaves uma escolha ideal e relevante.<\/p>\n","protected":false},"excerpt":{"rendered":"<p>Porta-chaves de madeira com a forma da letra &#8220;N&#8221;, inspirado na vibrante cidade de Barcelona. Este acess\u00f3rio original apresenta um design artesanal, pintado \u00e0 m\u00e3o, que destaca a famosa Sagrada Fam\u00edlia e elementos emblem\u00e1ticos da cidade em cores brilhantes, como o vermelho, o azul e o amarelo. Com a sua estrutura leve e o anel met\u00e1lico, \u00e9 uma recorda\u00e7\u00e3o perfeita para levar um peda\u00e7o da cultura barcelonesa para todo o lado. Ideal para personalizar as suas chaves ou como presente.<\/p>\n","protected":false},"featured_media":10525,"template":"","meta":{"_acf_changed":false},"product_brand":[],"product_cat":[611],"product_tag":[612],"class_list":{"0":"post-33549","1":"product","2":"type-product","3":"status-publish","4":"has-post-thumbnail","6":"product_cat-porta-chaves","7":"product_tag-cartas","8":"pa_ciudad-barcelona","9":"pa_motivo-letra-n","10":"pa_pais-espana","12":"first","13":"instock","14":"shipping-taxable","15":"product-type-simple"},"acf":[],"_links":{"self":[{"href":"https:\/\/olemosaic.com\/pt-pt\/wp-json\/wp\/v2\/product\/33549","targetHints":{"allow":["GET"]}}],"collection":[{"href":"https:\/\/olemosaic.com\/pt-pt\/wp-json\/wp\/v2\/product"}],"about":[{"href":"https:\/\/olemosaic.com\/pt-pt\/wp-json\/wp\/v2\/types\/product"}],"wp:featuredmedia":[{"embeddable":true,"href":"https:\/\/olemosaic.com\/pt-pt\/wp-json\/wp\/v2\/media\/10525"}],"wp:attachment":[{"href":"https:\/\/olemosaic.com\/pt-pt\/wp-json\/wp\/v2\/media?parent=33549"}],"wp:term":[{"taxonomy":"product_brand","embeddable":true,"href":"https:\/\/olemosaic.com\/pt-pt\/wp-json\/wp\/v2\/product_brand?post=33549"},{"taxonomy":"product_cat","embeddable":true,"href":"https:\/\/olemosaic.com\/pt-pt\/wp-json\/wp\/v2\/product_cat?post=33549"},{"taxonomy":"product_tag","embeddable":true,"href":"https:\/\/olemosaic.com\/pt-pt\/wp-json\/wp\/v2\/product_tag?post=33549"}],"curies":[{"name":"wp","href":"https:\/\/api.w.org\/{rel}","templated":true}]}}