{"id":33548,"date":"2025-02-20T22:33:28","date_gmt":"2025-02-20T22:33:28","guid":{"rendered":"http:\/\/olemosaic.com\/producto\/llavero-de-madera-letra-n-mosaico\/"},"modified":"2025-07-25T18:53:47","modified_gmt":"2025-07-25T16:53:47","slug":"porta-chaves-de-madeira-letra-n-mosaico","status":"publish","type":"product","link":"https:\/\/olemosaic.com\/pt-pt\/produto\/porta-chaves-de-madeira-letra-n-mosaico\/","title":{"rendered":"Porta-chaves de madeira. Letra N. Mosaico."},"content":{"rendered":"<p>Este porta-chaves de madeira com a forma da letra &#8220;N&#8221; \u00e9 uma recorda\u00e7\u00e3o vibrante que destaca a rica heran\u00e7a art\u00edstica de Espanha. Fabricado com materiais sustent\u00e1veis, o seu design apresenta um mosaico colorido que entrela\u00e7a tons brilhantes de verde, vermelho, amarelo e outras cores, criando um estilo geom\u00e9trico apelativo. O seu acabamento liso e elegante torna-o n\u00e3o s\u00f3 num acess\u00f3rio funcional para personalizar as suas chaves, mas tamb\u00e9m numa pe\u00e7a decorativa que celebra a tradi\u00e7\u00e3o art\u00edstica do pa\u00eds, inspirada no famoso mosaico de Gaud\u00ed.<\/p>\n<p>La letra &#8220;N&#8221; pode simbolizar um nome, um lugar ou uma recorda\u00e7\u00e3o especial, o que o torna num presente pessoal ideal para quem procura algo significativo e \u00fanico. Este porta-chaves \u00e9 mais do que um simples objeto; \u00e9 um peda\u00e7o de cultura que representa a criatividade e a paix\u00e3o que definem a Espanha. Na Ol\u00e9 Mosaic, especializamo-nos na distribui\u00e7\u00e3o de recorda\u00e7\u00f5es aut\u00eanticas, e este porta-chaves de mosaico \u00e9 uma op\u00e7\u00e3o excecional para lojas de presentes tur\u00edsticos que desejem oferecer produtos de qualidade.<\/p>\n<p>Com este porta-chaves, os turistas podem levar consigo um peda\u00e7o da arte espanhola, rememorando as suas aventuras e ligando-se \u00e0 heran\u00e7a cultural de Espanha. Oferecemos porta-chaves por grosso que n\u00e3o s\u00f3 s\u00e3o encantadores, como tamb\u00e9m destacam a autenticidade e o valor cultural de cada pe\u00e7a.<\/p>\n","protected":false},"excerpt":{"rendered":"<p>Porta-chaves de madeira com a forma da letra &#8220;N&#8221;, adornado com um vibrante mosaico que evoca a rica heran\u00e7a art\u00edstica de Espanha. Este acess\u00f3rio chamativo apresenta uma paleta de cores vivas, como verdes, vermelhos e amarelos, entrela\u00e7ados num design geom\u00e9trico. Ideal para personalizar as suas chaves, o seu acabamento liso e o uso de materiais sustent\u00e1veis tornam-no num souvenir perfeito, que combina funcionalidade e eleg\u00e2ncia.<\/p>\n","protected":false},"featured_media":10764,"template":"","meta":{"_acf_changed":false},"product_brand":[],"product_cat":[611],"product_tag":[612],"class_list":{"0":"post-33548","1":"product","2":"type-product","3":"status-publish","4":"has-post-thumbnail","6":"product_cat-porta-chaves","7":"product_tag-cartas","8":"pa_motivo-letra-n","10":"first","11":"instock","12":"shipping-taxable","13":"product-type-simple"},"acf":[],"_links":{"self":[{"href":"https:\/\/olemosaic.com\/pt-pt\/wp-json\/wp\/v2\/product\/33548","targetHints":{"allow":["GET"]}}],"collection":[{"href":"https:\/\/olemosaic.com\/pt-pt\/wp-json\/wp\/v2\/product"}],"about":[{"href":"https:\/\/olemosaic.com\/pt-pt\/wp-json\/wp\/v2\/types\/product"}],"wp:featuredmedia":[{"embeddable":true,"href":"https:\/\/olemosaic.com\/pt-pt\/wp-json\/wp\/v2\/media\/10764"}],"wp:attachment":[{"href":"https:\/\/olemosaic.com\/pt-pt\/wp-json\/wp\/v2\/media?parent=33548"}],"wp:term":[{"taxonomy":"product_brand","embeddable":true,"href":"https:\/\/olemosaic.com\/pt-pt\/wp-json\/wp\/v2\/product_brand?post=33548"},{"taxonomy":"product_cat","embeddable":true,"href":"https:\/\/olemosaic.com\/pt-pt\/wp-json\/wp\/v2\/product_cat?post=33548"},{"taxonomy":"product_tag","embeddable":true,"href":"https:\/\/olemosaic.com\/pt-pt\/wp-json\/wp\/v2\/product_tag?post=33548"}],"curies":[{"name":"wp","href":"https:\/\/api.w.org\/{rel}","templated":true}]}}