{"id":33547,"date":"2025-02-20T22:33:28","date_gmt":"2025-02-20T22:33:28","guid":{"rendered":"http:\/\/olemosaic.com\/producto\/llavero-de-madera-letra-n-barcelona\/"},"modified":"2025-07-25T19:53:27","modified_gmt":"2025-07-25T17:53:27","slug":"porta-chaves-de-madeira-letra-n-barcelona","status":"publish","type":"product","link":"https:\/\/olemosaic.com\/pt-pt\/produto\/porta-chaves-de-madeira-letra-n-barcelona\/","title":{"rendered":"Porta-chaves de madeira. Letra N. Barcelona."},"content":{"rendered":"<p>Este porta-chaves de madeira com a forma da letra &#8220;N&#8221; \u00e9 uma recorda\u00e7\u00e3o ideal que representa a vibrante cidade de Barcelona. Elaborado com madeira de alta qualidade, o seu design colorido inspira-se na inconfund\u00edvel arquitetura de Antoni Gaud\u00ed, incluindo detalhes emblem\u00e1ticos da Sagrada Fam\u00edlia e o famoso lagarto do Park G\u00fcell. Este porta-chaves n\u00e3o s\u00f3 \u00e9 pr\u00e1tico, como tamb\u00e9m capta a ess\u00eancia art\u00edstica e a riqueza cultural de Barcelona, tornando-se uma recorda\u00e7\u00e3o perfeita para quem visita a cidade.<\/p>\n<p>Com um acabamento vibrante, cada pe\u00e7a reflete a paleta de cores caracter\u00edstica das obras de Gaud\u00ed, destacando matizes profundos e brilhantes que evocam a singularidade da cidade. A letra &#8220;N&#8221; \u00e9 muito pr\u00e1tica gra\u00e7as a um porta-chaves met\u00e1lico resistente, que garante que possa levar um peda\u00e7o de Barcelona consigo para onde quer que v\u00e1. Este porta-chaves \u00e9 mais do que um simples acess\u00f3rio; \u00e9 um s\u00edmbolo que encarna a genialidade da arquitetura modernista de Barcelona, oferecendo uma liga\u00e7\u00e3o duradoura com a cultura catal\u00e3.<\/p>\n<p>Na Ol\u00e9 Mosaic, especializamo-nos na distribui\u00e7\u00e3o de recorda\u00e7\u00f5es por grosso, e este porta-chaves de Barcelona \u00e9 uma excelente op\u00e7\u00e3o para lojas de presentes tur\u00edsticos. A sua autenticidade e relev\u00e2ncia cultural fazem deste porta-chaves uma recorda\u00e7\u00e3o de qualidade, perfeita para aqueles que procuram levar uma parte desta cidade m\u00e1gica. Como grossistas de recorda\u00e7\u00f5es, garantimos que cada produto reflita a ess\u00eancia cultural que os turistas desejam.<\/p>\n","protected":false},"excerpt":{"rendered":"<p>Porta-chaves de madeira com a forma da letra &#8220;N&#8221;, que representa a cidade de Barcelona. Este atraente porta-chaves apresenta um design colorido inspirado na arquitetura de Antoni Gaud\u00ed, com detalhes da Sagrada Fam\u00edlia e o ic\u00f3nico lagarto do Park G\u00fcell. Elaborado com madeira de alta qualidade, tem um acabamento vibrante e um porta-chaves met\u00e1lico resistente, ideal para levar um peda\u00e7o de Barcelona sempre consigo.<\/p>\n","protected":false},"featured_media":10499,"template":"","meta":{"_acf_changed":false},"product_brand":[],"product_cat":[611],"product_tag":[612],"class_list":{"0":"post-33547","1":"product","2":"type-product","3":"status-publish","4":"has-post-thumbnail","6":"product_cat-porta-chaves","7":"product_tag-cartas","8":"pa_ciudad-barcelona","9":"pa_motivo-letra-n","10":"pa_pais-espana","12":"first","13":"instock","14":"shipping-taxable","15":"product-type-simple"},"acf":[],"_links":{"self":[{"href":"https:\/\/olemosaic.com\/pt-pt\/wp-json\/wp\/v2\/product\/33547","targetHints":{"allow":["GET"]}}],"collection":[{"href":"https:\/\/olemosaic.com\/pt-pt\/wp-json\/wp\/v2\/product"}],"about":[{"href":"https:\/\/olemosaic.com\/pt-pt\/wp-json\/wp\/v2\/types\/product"}],"wp:featuredmedia":[{"embeddable":true,"href":"https:\/\/olemosaic.com\/pt-pt\/wp-json\/wp\/v2\/media\/10499"}],"wp:attachment":[{"href":"https:\/\/olemosaic.com\/pt-pt\/wp-json\/wp\/v2\/media?parent=33547"}],"wp:term":[{"taxonomy":"product_brand","embeddable":true,"href":"https:\/\/olemosaic.com\/pt-pt\/wp-json\/wp\/v2\/product_brand?post=33547"},{"taxonomy":"product_cat","embeddable":true,"href":"https:\/\/olemosaic.com\/pt-pt\/wp-json\/wp\/v2\/product_cat?post=33547"},{"taxonomy":"product_tag","embeddable":true,"href":"https:\/\/olemosaic.com\/pt-pt\/wp-json\/wp\/v2\/product_tag?post=33547"}],"curies":[{"name":"wp","href":"https:\/\/api.w.org\/{rel}","templated":true}]}}